{"id":978,"date":"2018-09-26T22:36:27","date_gmt":"2018-09-26T20:36:27","guid":{"rendered":"https:\/\/educamagia.com\/?page_id=978"},"modified":"2020-01-23T19:50:44","modified_gmt":"2020-01-23T18:50:44","slug":"quienes-somos","status":"publish","type":"page","link":"https:\/\/docenciamagica.com\/ca\/quienes-somos\/","title":{"rendered":"Qui Som"},"content":{"rendered":"<div class=\"wpb-content-wrapper\"><p>[vc_row css_animation=&#8221;&#8221; row_type=&#8221;row&#8221; use_row_as_full_screen_section=&#8221;no&#8221; type=&#8221;grid&#8221; angled_section=&#8221;no&#8221; text_align=&#8221;left&#8221; background_image_as_pattern=&#8221;without_pattern&#8221; background_color=&#8221;#f3f1f1&#8243; border_color=&#8221;#e6e4e4&#8243; padding_top=&#8221;90&#8243; padding_bottom=&#8221;0&#8243; css=&#8221;.vc_custom_1537995720028{padding-top: 170px !important;padding-bottom: 50px !important;background-image: url(http:\/\/magiaoscardelatorre.com\/wp-content\/uploads\/2014\/11\/Oscardelatorre-biografia.png?id=16185) !important;}&#8221; z_index=&#8221;&#8221;][vc_column width=&#8221;1\/2&#8243;][\/vc_column][vc_column width=&#8221;1\/2&#8243; css=&#8221;.vc_custom_1473250920583{background-color: #f3f1f1 !important;}&#8221;][vc_column_text]<\/p>\n<h1><span style=\"color: #1e73be;\">SOBRE MI<\/span><\/h1>\n<p>[\/vc_column_text][vc_separator type=&#8221;small&#8221; position=&#8221;left&#8221; color=&#8221;#1e73be&#8221; up=&#8221;17&#8243; down=&#8221;38&#8243;][vc_column_text]<\/p>\n<h6>Doc\u00e8ncia M\u00e0gica<\/h6>\n<p>[\/vc_column_text][vc_separator type=&#8221;transparent&#8221; up=&#8221;17&#8243; down=&#8221;0&#8243;][vc_column_text]<\/p>\n<p class=\"p1\"><strong>El meu nom \u00e9s Oscar de la Torre i s\u00ed,<span class=\"Apple-converted-space\">\u00a0 <\/span>s\u00f3c mag!\u00a0<\/strong><\/p>\n<p><span id=\"result_box\" class=\"\" lang=\"ca\"><span class=\"\">Oscar<\/span> de la Torre, nascut a l&#8217;abril de 1975. Ja quan era un nen, i de forma autodidacta, <span class=\"\">preparava<\/span> shows, amb l&#8217;objectiu de divertir i entretenir a tota la fam\u00edlia.<\/span><\/p>\n<p><span class=\"\">Durant m\u00e9s de<\/span> 20 <span class=\"\">anys ha<\/span> seguit una formaci\u00f3 continuada, en els principals congressos, festivals i <span class=\"\">confer\u00e8ncies<\/span> de m\u00e0gia d&#8217;\u00e0mbit nacional. Tamarit de Llitera, M\u00e0gia al dia de Vit\u00f2ria, Almussafes, <span class=\"\">Congr\u00e9s Nacional<\/span> de M\u00e0gia, La Giconda.<\/p>\n<p>Va ser conegut com el Mag Raksor en els seus inicis, i ara dedicat professionalment al m\u00f3n de la m\u00e0gia com Oscar de la Torre, <span class=\"\">ofereix<\/span> <span class=\"\">diferents<\/span> espectacles per tot tipus de p\u00fablic. Tamb\u00e9 s&#8217;ha especialitzat en m\u00e0gia <span class=\"\">educativa<\/span>, en un projecte que combina m\u00e0gia i pedagogia en valors.<\/p>\n<p>Medalla d&#8217;Or al m\u00e8rit Cultural 2018 pel seu projecte la m\u00e0gia com a eix d&#8217;autoestima als nens Hospitalitzats a l&#8217;Aula Hospital\u00e0ria Dr. Antoni\u00a0Cambrod\u00ed\u00a0de Lleida.<\/p>\n<p>Col\u00b7laborador habitual al programa de Televisi\u00f3 de Toni Rovira i tu del Canal 25TV i recentment al programa <span class=\"\">APM<\/span> de TV3. I ha actuat en diferents festivals a nivell Nacional, com A tota M\u00e0gia Saragossa, Tamarit de Llitera, Memorial Li Chang de Badalona i Ecozine <span class=\"\">Saragossa.<\/span>[\/vc_column_text][vc_separator type=&#8221;transparent&#8221; up=&#8221;29&#8243; down=&#8221;0&#8243;][\/vc_column][\/vc_row][vc_row css_animation=&#8221;&#8221; row_type=&#8221;row&#8221; use_row_as_full_screen_section=&#8221;no&#8221; type=&#8221;grid&#8221; angled_section=&#8221;no&#8221; text_align=&#8221;left&#8221; background_image_as_pattern=&#8221;without_pattern&#8221; border_color=&#8221;#e6e4e4&#8243; padding_top=&#8221;101&#8243;][vc_column width=&#8221;1\/3&#8243;][vc_separator type=&#8221;transparent&#8221; up=&#8221;15&#8243; down=&#8221;0&#8243;][vc_column_text]<\/p>\n<h1><span style=\"color: #1e73be;\">PROFESsIONALITAT<\/span><\/h1>\n<p>[\/vc_column_text][vc_separator type=&#8221;small&#8221; position=&#8221;left&#8221; up=&#8221;17&#8243; down=&#8221;25&#8243;][vc_column_text]<span id=\"result_box\" class=\"\" lang=\"ca\">Des del 2013 es dedica professionalment al m\u00f3n de la m\u00e0gia, ofereix diversos serveis segons el tipus de p\u00fablic, realitza diferents espectacles ja siguin de Close-up, m\u00e0gia familiar, escenari amb grans il\u00b7lusions, m\u00e0gia de prop, m\u00e0gia corporativa<span class=\"\">, tamb\u00e9 realitza<\/span> tallers i confer\u00e8ncies educatives de m\u00e0gia, dirigides als <span class=\"\">m\u00e9s petits<\/span>.<\/span>[\/vc_column_text][vc_separator type=&#8221;transparent&#8221; up=&#8221;100&#8243; down=&#8221;0&#8243;][\/vc_column][vc_column width=&#8221;1\/3&#8243;][vc_separator type=&#8221;transparent&#8221; up=&#8221;15&#8243; down=&#8221;0&#8243;][vc_column_text]<\/p>\n<h1><span style=\"color: #1e73be;\">ENSENYAN\u00c7A<\/span><\/h1>\n<p>[\/vc_column_text][vc_separator type=&#8221;small&#8221; position=&#8221;left&#8221; up=&#8221;17&#8243; down=&#8221;25&#8243;][vc_column_text]<span id=\"result_box\" class=\"\" lang=\"ca\">Dedica una part important del seu temps a un projecte que combina m\u00e0gia i educaci\u00f3 amb espectacles i <span class=\"\">confer\u00e8ncies<\/span> dirigit especialment per a centres educatius i centres especials. <span class=\"\">A m\u00e9s, ofereix<\/span> <span class=\"\">com<\/span> <span class=\"\">extraescolar<\/span> trimestral o anual, un taller setmanal per fabricar, mitjan\u00e7ant manualitats, jocs <span class=\"\">de m\u00e0gia.<\/span><\/span>[\/vc_column_text][vc_separator type=&#8221;transparent&#8221; up=&#8221;100&#8243; down=&#8221;0&#8243;][\/vc_column][vc_column width=&#8221;1\/3&#8243;][vc_separator type=&#8221;transparent&#8221; up=&#8221;15&#8243; down=&#8221;0&#8243;][vc_column_text]<\/p>\n<h1><span style=\"color: #1e73be;\">INVOLUCRACI\u00d3<\/span><\/h1>\n<p>[\/vc_column_text][vc_separator type=&#8221;small&#8221; position=&#8221;left&#8221; up=&#8221;17&#8243; down=&#8221;25&#8243;][vc_column_text]<\/p>\n<p class=\"p1\"><span id=\"result_box\" class=\"\" lang=\"ca\">Durant molts anys Vicepresident i Secretari de l&#8217;Associaci\u00f3 de Mags i Il\u00b7lusionistes de Lleida (AMIL), membre de la <span class=\"\">SEI<\/span> (<span class=\"\">Societat<\/span> Espanyola d&#8217;Il\u00b7lusionisme), mag solidari de la Fundaci\u00f3 Abracadabra, <span class=\"\">component<\/span> de l&#8217;Equip Educatiu de l&#8217;Aula Hospital\u00e0ria de Lleida i durant molts anys organitzador del Festival Lleida Tardor M\u00e0gica.<\/span><\/p>\n<p>[\/vc_column_text][vc_separator type=&#8221;transparent&#8221; up=&#8221;100&#8243; down=&#8221;0&#8243;][\/vc_column][\/vc_row]<\/p>\n<\/div>","protected":false},"excerpt":{"rendered":"<p>[vc_row css_animation=&#8221;&#8221; row_type=&#8221;row&#8221; use_row_as_full_screen_section=&#8221;no&#8221; type=&#8221;grid&#8221; angled_section=&#8221;no&#8221; text_align=&#8221;left&#8221; background_image_as_pattern=&#8221;without_pattern&#8221; background_color=&#8221;#f3f1f1&#8243; border_color=&#8221;#e6e4e4&#8243; padding_top=&#8221;90&#8243; padding_bottom=&#8221;0&#8243; css=&#8221;.vc_custom_1537995720028{padding-top: 170px !important;padding-bottom: 50px !important;background-image: url(http:\/\/magiaoscardelatorre.com\/wp-content\/uploads\/2014\/11\/Oscardelatorre-biografia.png?id=16185) !important;}&#8221; z_index=&#8221;&#8221;][vc_column width=&#8221;1\/2&#8243;][\/vc_column][vc_column width=&#8221;1\/2&#8243; css=&#8221;.vc_custom_1473250920583{background-color: #f3f1f1 !important;}&#8221;][vc_column_text] SOBRE MI [\/vc_column_text][vc_separator type=&#8221;small&#8221; position=&#8221;left&#8221; color=&#8221;#1e73be&#8221; up=&#8221;17&#8243; down=&#8221;38&#8243;][vc_column_text] Doc\u00e8ncia M\u00e0gica [\/vc_column_text][vc_separator type=&#8221;transparent&#8221; up=&#8221;17&#8243; down=&#8221;0&#8243;][vc_column_text] El meu nom \u00e9s Oscar de&#8230;<\/p>\n","protected":false},"author":1,"featured_media":0,"parent":0,"menu_order":0,"comment_status":"closed","ping_status":"closed","template":"full_width.php","meta":{"_exactmetrics_skip_tracking":false,"_exactmetrics_sitenote_active":false,"_exactmetrics_sitenote_note":"","_exactmetrics_sitenote_category":0,"footnotes":""},"translation":{"provider":"WPGlobus","version":"3.0.2","language":"ca","enabled_languages":["es","ca"],"languages":{"es":{"title":true,"content":true,"excerpt":false},"ca":{"title":true,"content":true,"excerpt":false}}},"yoast_head":"<!-- This site is optimized with the Yoast SEO plugin v23.5 - https:\/\/yoast.com\/wordpress\/plugins\/seo\/ -->\n<title>Qui Som - Docenciamagica<\/title>\n<meta name=\"robots\" content=\"index, follow, max-snippet:-1, max-image-preview:large, max-video-preview:-1\" \/>\n<link rel=\"canonical\" href=\"https:\/\/docenciamagica.com\/quienes-somos\/\" \/>\n<meta property=\"og:locale\" content=\"ca_ES\" \/>\n<meta property=\"og:type\" content=\"article\" \/>\n<meta property=\"og:title\" content=\"Qui Som - Docenciamagica\" \/>\n<meta property=\"og:url\" content=\"https:\/\/docenciamagica.com\/quienes-somos\/\" \/>\n<meta property=\"og:site_name\" content=\"Docenciamagica\" \/>\n<meta property=\"article:publisher\" content=\"https:\/\/www.facebook.com\/docenciamagica\" \/>\n<meta property=\"article:modified_time\" content=\"2020-01-23T18:50:44+00:00\" \/>\n<meta name=\"twitter:card\" content=\"summary_large_image\" \/>\n<meta name=\"twitter:site\" content=\"@educamagia1\" \/>\n<meta name=\"twitter:label1\" content=\"Est. reading time\" \/>\n\t<meta name=\"twitter:data1\" content=\"7 minutes\" \/>\n<script type=\"application\/ld+json\" class=\"yoast-schema-graph\">{\"@context\":\"https:\/\/schema.org\",\"@graph\":[{\"@type\":\"WebPage\",\"@id\":\"https:\/\/docenciamagica.com\/quienes-somos\/\",\"url\":\"https:\/\/docenciamagica.com\/quienes-somos\/\",\"name\":\"Qui Som - Docenciamagica\",\"isPartOf\":{\"@id\":\"https:\/\/docenciamagica.com\/#website\"},\"datePublished\":\"2018-09-26T20:36:27+00:00\",\"dateModified\":\"2020-01-23T18:50:44+00:00\",\"breadcrumb\":{\"@id\":\"https:\/\/docenciamagica.com\/quienes-somos\/#breadcrumb\"},\"inLanguage\":\"ca-ES\",\"potentialAction\":[{\"@type\":\"ReadAction\",\"target\":[\"https:\/\/docenciamagica.com\/quienes-somos\/\"]}]},{\"@type\":\"BreadcrumbList\",\"@id\":\"https:\/\/docenciamagica.com\/quienes-somos\/#breadcrumb\",\"itemListElement\":[{\"@type\":\"ListItem\",\"position\":1,\"name\":\"Portada\",\"item\":\"https:\/\/docenciamagica.com\/\"},{\"@type\":\"ListItem\",\"position\":2,\"name\":\"Quienes Somos\"}]},{\"@type\":\"WebSite\",\"@id\":\"https:\/\/docenciamagica.com\/#website\",\"url\":\"https:\/\/docenciamagica.com\/\",\"name\":\"Docencia M\u00e1gica\",\"description\":\"La m&agrave;gia com a recurs educatiu\",\"publisher\":{\"@id\":\"https:\/\/docenciamagica.com\/#organization\"},\"potentialAction\":[{\"@type\":\"SearchAction\",\"target\":{\"@type\":\"EntryPoint\",\"urlTemplate\":\"https:\/\/docenciamagica.com\/?s={search_term_string}\"},\"query-input\":{\"@type\":\"PropertyValueSpecification\",\"valueRequired\":true,\"valueName\":\"search_term_string\"}}],\"inLanguage\":\"ca-ES\"},{\"@type\":\"Organization\",\"@id\":\"https:\/\/docenciamagica.com\/#organization\",\"name\":\"Docencia M\u00e1gica\",\"url\":\"https:\/\/docenciamagica.com\/\",\"logo\":{\"@type\":\"ImageObject\",\"inLanguage\":\"ca-ES\",\"@id\":\"https:\/\/docenciamagica.com\/#\/schema\/logo\/image\/\",\"url\":\"https:\/\/docenciamagica.com\/wp-content\/uploads\/2019\/09\/LOGO-web-COLOR-copia.png\",\"contentUrl\":\"https:\/\/docenciamagica.com\/wp-content\/uploads\/2019\/09\/LOGO-web-COLOR-copia.png\",\"width\":400,\"height\":400,\"caption\":\"Docencia M\u00e1gica\"},\"image\":{\"@id\":\"https:\/\/docenciamagica.com\/#\/schema\/logo\/image\/\"},\"sameAs\":[\"https:\/\/www.facebook.com\/docenciamagica\",\"https:\/\/x.com\/educamagia1\",\"https:\/\/www.instagram.com\/docenciamagica1\/\"]}]}<\/script>\n<!-- \/ Yoast SEO plugin. -->","yoast_head_json":{"title":"Qui Som - Docenciamagica","robots":{"index":"index","follow":"follow","max-snippet":"max-snippet:-1","max-image-preview":"max-image-preview:large","max-video-preview":"max-video-preview:-1"},"canonical":"https:\/\/docenciamagica.com\/quienes-somos\/","og_locale":"ca_ES","og_type":"article","og_title":"Qui Som - Docenciamagica","og_url":"https:\/\/docenciamagica.com\/quienes-somos\/","og_site_name":"Docenciamagica","article_publisher":"https:\/\/www.facebook.com\/docenciamagica","article_modified_time":"2020-01-23T18:50:44+00:00","twitter_card":"summary_large_image","twitter_site":"@educamagia1","twitter_misc":{"Est. reading time":"7 minutes"},"schema":{"@context":"https:\/\/schema.org","@graph":[{"@type":"WebPage","@id":"https:\/\/docenciamagica.com\/quienes-somos\/","url":"https:\/\/docenciamagica.com\/quienes-somos\/","name":"Qui Som - Docenciamagica","isPartOf":{"@id":"https:\/\/docenciamagica.com\/#website"},"datePublished":"2018-09-26T20:36:27+00:00","dateModified":"2020-01-23T18:50:44+00:00","breadcrumb":{"@id":"https:\/\/docenciamagica.com\/quienes-somos\/#breadcrumb"},"inLanguage":"ca-ES","potentialAction":[{"@type":"ReadAction","target":["https:\/\/docenciamagica.com\/quienes-somos\/"]}]},{"@type":"BreadcrumbList","@id":"https:\/\/docenciamagica.com\/quienes-somos\/#breadcrumb","itemListElement":[{"@type":"ListItem","position":1,"name":"Portada","item":"https:\/\/docenciamagica.com\/"},{"@type":"ListItem","position":2,"name":"Quienes Somos"}]},{"@type":"WebSite","@id":"https:\/\/docenciamagica.com\/#website","url":"https:\/\/docenciamagica.com\/","name":"Docencia M\u00e1gica","description":"La m&agrave;gia com a recurs educatiu","publisher":{"@id":"https:\/\/docenciamagica.com\/#organization"},"potentialAction":[{"@type":"SearchAction","target":{"@type":"EntryPoint","urlTemplate":"https:\/\/docenciamagica.com\/?s={search_term_string}"},"query-input":{"@type":"PropertyValueSpecification","valueRequired":true,"valueName":"search_term_string"}}],"inLanguage":"ca-ES"},{"@type":"Organization","@id":"https:\/\/docenciamagica.com\/#organization","name":"Docencia M\u00e1gica","url":"https:\/\/docenciamagica.com\/","logo":{"@type":"ImageObject","inLanguage":"ca-ES","@id":"https:\/\/docenciamagica.com\/#\/schema\/logo\/image\/","url":"https:\/\/docenciamagica.com\/wp-content\/uploads\/2019\/09\/LOGO-web-COLOR-copia.png","contentUrl":"https:\/\/docenciamagica.com\/wp-content\/uploads\/2019\/09\/LOGO-web-COLOR-copia.png","width":400,"height":400,"caption":"Docencia M\u00e1gica"},"image":{"@id":"https:\/\/docenciamagica.com\/#\/schema\/logo\/image\/"},"sameAs":["https:\/\/www.facebook.com\/docenciamagica","https:\/\/x.com\/educamagia1","https:\/\/www.instagram.com\/docenciamagica1\/"]}]}},"_links":{"self":[{"href":"https:\/\/docenciamagica.com\/ca\/wp-json\/wp\/v2\/pages\/978"}],"collection":[{"href":"https:\/\/docenciamagica.com\/ca\/wp-json\/wp\/v2\/pages"}],"about":[{"href":"https:\/\/docenciamagica.com\/ca\/wp-json\/wp\/v2\/types\/page"}],"author":[{"embeddable":true,"href":"https:\/\/docenciamagica.com\/ca\/wp-json\/wp\/v2\/users\/1"}],"replies":[{"embeddable":true,"href":"https:\/\/docenciamagica.com\/ca\/wp-json\/wp\/v2\/comments?post=978"}],"version-history":[{"count":25,"href":"https:\/\/docenciamagica.com\/ca\/wp-json\/wp\/v2\/pages\/978\/revisions"}],"predecessor-version":[{"id":1620,"href":"https:\/\/docenciamagica.com\/ca\/wp-json\/wp\/v2\/pages\/978\/revisions\/1620"}],"wp:attachment":[{"href":"https:\/\/docenciamagica.com\/ca\/wp-json\/wp\/v2\/media?parent=978"}],"curies":[{"name":"wp","href":"https:\/\/api.w.org\/{rel}","templated":true}]}}