{"id":835,"date":"2018-06-27T17:58:20","date_gmt":"2018-06-27T15:58:20","guid":{"rendered":"https:\/\/educamagia.com\/?page_id=835"},"modified":"2018-10-31T09:47:49","modified_gmt":"2018-10-31T08:47:49","slug":"faqs","status":"publish","type":"page","link":"https:\/\/docenciamagica.com\/ca\/faqs\/","title":{"rendered":"Preguntes Freq\u00fcents"},"content":{"rendered":"<div class=\"wpb-content-wrapper\"><p>[vc_row css_animation=&#8221;&#8221; row_type=&#8221;row&#8221; use_row_as_full_screen_section=&#8221;no&#8221; type=&#8221;full_width&#8221; angled_section=&#8221;no&#8221; text_align=&#8221;left&#8221; background_image_as_pattern=&#8221;without_pattern&#8221;][vc_column width=&#8221;1\/6&#8243;][\/vc_column][vc_column width=&#8221;2\/3&#8243;]<div class=\"qode-accordion-holder clearfix qode-toggle qode-initial \">\n\t<h4 class=\"clearfix qode-title-holder\">\n<span class=\"qode-tab-title\">\n\t    <span class=\"qode-tab-title-inner\">\n        Qu\u00e8 he de tenir en compte per contractar un mag?    <\/span>\n<\/span>\n<span class=\"qode-accordion-mark\">\n    <span class=\"qode-accordion-mark-icon\">\n        <span class=\"icon_plus\"><\/span>\n        <span class=\"icon_minus-06\"><\/span>\n    <\/span>\n<\/span>\n<\/h4>\n<div  class=\"qode-accordion-content \" >\n    <div class=\"qode-accordion-content-inner\">\n        [vc_column_text]<\/p>\n<h4><span id=\"result_box\" class=\"\" lang=\"ca\"><span title=\"\u00bfTienes un evento importante que hacer, Boda, Bautizo, Aniversario, Fiesta mayor, Fiesta de final de curso, o una comuni\u00f3n y estas pensando en contratar los servicios de un mago? \">Tens un event important a fer, Boda, Bateig, Aniversari, Festa major, Festa de final de curs, o una comuni\u00f3 i aquestes pensant en contractar els serveis d&#8217;un mag?<br \/>\n<\/span><span title=\"Mi recomendaci\u00f3n, es que busques un mago con experiencia, que te transmita confianza y profesionalidad ya poder ser, que sepas, o bien porque te lo han recomendado, o bien porque lo has visto con anterioridad, que es un buen mago y as\u00ed asegurar que\">La meva recomanaci\u00f3, \u00e9s que busquis un mag amb experi\u00e8ncia, que et transmeti confian\u00e7a i professionalitat i si pot ser, que s\u00e0pigues, o b\u00e9 perqu\u00e8 t&#8217;ho han recomanat, o b\u00e9 perqu\u00e8 ho has vist amb anterioritat, que \u00e9s un bon mag i aix\u00ed assegurar que <\/span><span title=\"ser\u00e1 un evento \u00fanico y que los protagonistas y los invitados recordaran durante mucho tiempo. \">ser\u00e0 un esdeveniment \u00fanic i que els protagonistes i els convidats recordaran durant molt de temps.<br \/>\n<\/span><span title=\"Tambi\u00e9n es importante la flexibilidad y adaptaci\u00f3n que el mago pueda ofrecerte, en funci\u00f3n del tipo de p\u00fablico y espacio donde realizar la actuaci\u00f3n.\">Tamb\u00e9 \u00e9s important la flexibilitat i adaptaci\u00f3 que el mag pugui oferir, en funci\u00f3 del tipus de p\u00fablic i espai on realitzar l&#8217;actuaci\u00f3. <\/span><span title=\"Por ejemplo, con ni\u00f1os peque\u00f1os es importante hacer cosas visuales y con mucho colorido, para captar su atenci\u00f3n.\">Per exemple, amb nens petits \u00e9s important fer coses visuals i amb molt colorit, per captar la seva atenci\u00f3. <\/span><span title=\"Y en una comuni\u00f3n o aniversario, hacer que el ni\u00f1o\/a, se sienta el protagonista de la fiesta. \">I en una comuni\u00f3 o aniversari, fer que el nen \/ a, s&#8217;asseu el protagonista de la festa.<br \/>\n<\/span><span title=\"Es importante que el mago te escuche, que se adapte por si quieres hacer alguna cosa especial, seguro llegareis a un acuerdo. \">\u00c9s important que el mag t&#8217;escolti, que s&#8217;adapti per si vols fer alguna cosa especial, segur arribareu a un acord.<br \/>\n<\/span><span title=\"Se ha de tener en cuenta que no es lo mismo hacer magia para 20 personas, que para 200, los efectos se han de adaptar a la cantidad de p\u00fablico y el precio de la actuaci\u00f3n variar\u00e1 teniendo en cuenta este tipo de cosas, pues la infraestructura\">S&#8217;ha de tenir en compte que no \u00e9s el mateix fer m\u00e0gia per a 20 persones, que per 200, els efectes s&#8217;han d&#8217;adaptar a la quantitat de p\u00fablic i el preu de l&#8217;actuaci\u00f3 variar\u00e0 tenint en compte aquest tipus de coses, ja que la infraestructura <\/span><span title=\"es diferente. \">\u00e9s diferent.<br \/>\n<\/span><span title=\"Por \u00faltimo la disponibilidad y adaptaci\u00f3n de horario, que seguro si es un mago profesional, se adaptara a tus necesidades, ofreci\u00e9ndote diversidad de posibilidades y horarios.\">Finalment la disponibilitat i adaptaci\u00f3 d&#8217;horari, que segur si \u00e9s un mag professional, s&#8217;adapt\u00e9s a les teves necessitats, oferint-te diversitat de possibilitats i horaris. <\/span><span title=\"Recuerda reservar con suficiente antelaci\u00f3n el evento, pues si es un buen mago, suele tener la agenda bastante apretada.\">Recorda reservar amb suficient antelaci\u00f3 l&#8217;esdeveniment, ja que si \u00e9s un bon mag, sol tenir l&#8217;agenda bastant atape\u00efda.<\/span><\/span><\/h4>\n<p>[\/vc_column_text]    <\/div>\n<\/div><h4 class=\"clearfix qode-title-holder\">\n<span class=\"qode-tab-title\">\n\t    <span class=\"qode-tab-title-inner\">\n        Quan fem l&#039;actuaci\u00f3?    <\/span>\n<\/span>\n<span class=\"qode-accordion-mark\">\n    <span class=\"qode-accordion-mark-icon\">\n        <span class=\"icon_plus\"><\/span>\n        <span class=\"icon_minus-06\"><\/span>\n    <\/span>\n<\/span>\n<\/h4>\n<div  class=\"qode-accordion-content \" >\n    <div class=\"qode-accordion-content-inner\">\n        [vc_column_text]<\/p>\n<h4><span id=\"result_box\" class=\"\" lang=\"ca\"><span class=\"\">Dep\u00e8n<\/span> <span class=\"\">de l&#8217;esdeveniment que<\/span> es realitza, per\u00f2 finalment aix\u00f2 ho decideix el client. El millor <span class=\"\">moment<\/span> <span class=\"\">en la meva opini\u00f3<\/span> quan hi ha un dinar, \u00e9s despr\u00e9s del servei, quan s&#8217;han passat els <span class=\"\">caf\u00e8s.<\/span> \u00c9s un moment amb menys interrupcions per part del servei, i on l&#8217;actuaci\u00f3 pot quedar millor. No obstant aix\u00f2, en funci\u00f3 de les caracter\u00edstiques de l&#8217;esdeveniment, no hi ha cap problema en fer l&#8217;actuaci\u00f3 en algun altre moment.<\/span><\/h4>\n<h4><span id=\"result_box\" class=\"\" lang=\"ca\"><br \/>\nSi \u00e9s el cas que s&#8217;actua en teatres o festes majors, les funcions les marca l&#8217;organitzaci\u00f3 i nosaltres ens adaptem al seu horari.<\/span><\/h4>\n<p>[\/vc_column_text]    <\/div>\n<\/div><h4 class=\"clearfix qode-title-holder\">\n<span class=\"qode-tab-title\">\n\t    <span class=\"qode-tab-title-inner\">\n        Com s\u00f3n els teus espectacles?    <\/span>\n<\/span>\n<span class=\"qode-accordion-mark\">\n    <span class=\"qode-accordion-mark-icon\">\n        <span class=\"icon_plus\"><\/span>\n        <span class=\"icon_minus-06\"><\/span>\n    <\/span>\n<\/span>\n<\/h4>\n<div  class=\"qode-accordion-content \" >\n    <div class=\"qode-accordion-content-inner\">\n        [vc_column_text]<\/p>\n<h4><span class=\"\" lang=\"ca\"><span class=\"\">Hi ha molts<\/span> espectacles i varietats, per\u00f2 per regla general es caracteritzen per ser divertits i <span class=\"\">participatius.<\/span> Tenint molt en compte als protagonistes de l&#8217;esdeveniment, i sobretot <span class=\"\">respectant<\/span> molt\u00edssim a tots els col\u00b7laboradors. Es tracta de passar una bona estona<span class=\"\">,<\/span> <span class=\"\">i que la gent<\/span> recordi aquell moment com una cosa s\u00faper especial.<\/span><\/h4>\n<h4>Per exemple, en la m\u00e0gia de proximitat, s\u00f3n efectes molt impactants que fas que la gent cregui que realment existeix la m\u00e0gia, i converteixes l&#8217;impossible en possible. En canvi la m\u00e0gia d&#8217;escena, s\u00f3n efectes molt espectaculars on la m\u00fasica i els efectes especials juguen un paper s\u00faper important, i transportes a l&#8217;espectador a una altra dimensi\u00f3.<\/h4>\n<p>[\/vc_column_text]    <\/div>\n<\/div><h4 class=\"clearfix qode-title-holder\">\n<span class=\"qode-tab-title\">\n\t    <span class=\"qode-tab-title-inner\">\n        A quin tipus de p\u00fablic va dirigit?    <\/span>\n<\/span>\n<span class=\"qode-accordion-mark\">\n    <span class=\"qode-accordion-mark-icon\">\n        <span class=\"icon_plus\"><\/span>\n        <span class=\"icon_minus-06\"><\/span>\n    <\/span>\n<\/span>\n<\/h4>\n<div  class=\"qode-accordion-content \" >\n    <div class=\"qode-accordion-content-inner\">\n        [vc_column_text]<\/p>\n<h4><span class=\"\" lang=\"ca\"><span class=\"\">Hi ha molta<\/span> varietat d&#8217;espectacles que s&#8217;adapten precisament a aix\u00f2, al tipus de p\u00fablic que tindrem. No \u00e9s el mateix m\u00e0gia infantil, que m\u00e0gia per a adults, que m\u00e0gia per a empreses, per\u00f2 aix\u00f2 finalment \u00e9s el client el que decideix i adapta a les seves necessitats.<\/span><\/h4>\n<h4>Normalment, la majoria d&#8217;espectacles que fem, \u00e9s m\u00e0gia familiar, o m\u00e0gia educativa, adaptada a tot tipus de p\u00fablic, tenint en compte els petits i els adults, i fent que tota la fam\u00edlia pugui gaudir i participar de l&#8217;espectacle.<\/h4>\n<p>[\/vc_column_text]    <\/div>\n<\/div><h4 class=\"clearfix qode-title-holder\">\n<span class=\"qode-tab-title\">\n\t    <span class=\"qode-tab-title-inner\">\n        Fas m\u00e0gia personalitzada?    <\/span>\n<\/span>\n<span class=\"qode-accordion-mark\">\n    <span class=\"qode-accordion-mark-icon\">\n        <span class=\"icon_plus\"><\/span>\n        <span class=\"icon_minus-06\"><\/span>\n    <\/span>\n<\/span>\n<\/h4>\n<div  class=\"qode-accordion-content \" >\n    <div class=\"qode-accordion-content-inner\">\n        [vc_column_text]<\/p>\n<h4><span id=\"result_box\" class=\"\" lang=\"ca\">S\u00ed. De fet la m\u00e0gia per a empreses <span class=\"\">normalment<\/span> \u00e9s aix\u00ed, amb jocs personalitzats per a l&#8217;esdeveniment i que adaptem amb <span class=\"\">l&#8217;empresa<\/span> interessada. Per\u00f2 no nom\u00e9s adaptem aquest tipus d&#8217;esdeveniments, de vegades <span class=\"\">ens han<\/span> demanat fer una presentaci\u00f3 o un sorteig amb m\u00e0gia, o lliurar un regal a algun <span class=\"\">aniversari<\/span> <span class=\"\">o com a<\/span> reclam en una fira per cridar l&#8217;atenci\u00f3 del p\u00fablic. Proposar coses que segur <span class=\"\">arribarem<\/span> <span class=\"\">a un acord.<\/span><\/span><\/h4>\n<p>[\/vc_column_text]    <\/div>\n<\/div><h4 class=\"clearfix qode-title-holder\">\n<span class=\"qode-tab-title\">\n\t    <span class=\"qode-tab-title-inner\">\n        En quin idioma \u00e9s l&#039;espectacle?    <\/span>\n<\/span>\n<span class=\"qode-accordion-mark\">\n    <span class=\"qode-accordion-mark-icon\">\n        <span class=\"icon_plus\"><\/span>\n        <span class=\"icon_minus-06\"><\/span>\n    <\/span>\n<\/span>\n<\/h4>\n<div  class=\"qode-accordion-content \" >\n    <div class=\"qode-accordion-content-inner\">\n        [vc_column_text]<\/p>\n<h4><span id=\"result_box\" class=\"\" lang=\"ca\">Es pot fer en castell\u00e0 i en catal\u00e0, i ara estem preparant un per a nens en Angles. Per\u00f2 al final tu <span class=\"\">tries<\/span><span class=\"\">.<\/span><\/span><\/h4>\n<p>[\/vc_column_text]    <\/div>\n<\/div><h4 class=\"clearfix qode-title-holder\">\n<span class=\"qode-tab-title\">\n\t    <span class=\"qode-tab-title-inner\">\n        Fas despla\u00e7aments?    <\/span>\n<\/span>\n<span class=\"qode-accordion-mark\">\n    <span class=\"qode-accordion-mark-icon\">\n        <span class=\"icon_plus\"><\/span>\n        <span class=\"icon_minus-06\"><\/span>\n    <\/span>\n<\/span>\n<\/h4>\n<div  class=\"qode-accordion-content \" >\n    <div class=\"qode-accordion-content-inner\">\n        [vc_column_text]<\/p>\n<h4>Si evidentment, em moc per tot Espanya, principalment per Catalunya i Arag\u00f3, per un tema de proximitat, ja que els despla\u00e7aments es realitzen des de Lleida, i aix\u00f2 afecta tamb\u00e9 directament al pressupost, que pot patir un cost addicional, en funci\u00f3 a la dist\u00e0ncia ia la quantitat de nits a realitzar. Per\u00f2 aix\u00f2 queda molt ben detallat finalment en el pressupost.<\/h4>\n<p>[\/vc_column_text]    <\/div>\n<\/div><h4 class=\"clearfix qode-title-holder\">\n<span class=\"qode-tab-title\">\n\t    <span class=\"qode-tab-title-inner\">\n        Quins requisits necessites?    <\/span>\n<\/span>\n<span class=\"qode-accordion-mark\">\n    <span class=\"qode-accordion-mark-icon\">\n        <span class=\"icon_plus\"><\/span>\n        <span class=\"icon_minus-06\"><\/span>\n    <\/span>\n<\/span>\n<\/h4>\n<div  class=\"qode-accordion-content \" >\n    <div class=\"qode-accordion-content-inner\">\n        [vc_column_text]<\/p>\n<h4>Ens adaptem a tot tipus d&#8217;espais, per tenir diversos espectacles, per\u00f2 el m\u00e9s important \u00e9s que sigui visible per a tots i que no sigui una zona de pas, ja que aix\u00f2 afecta directament la visibilitat i a un bon fer dels nombres.<\/h4>\n<h4>Dep\u00e8n del tipus d&#8217;espectacle i de la quantitat de gent que ha de visualitzar-, per\u00f2 hi ha uns m\u00ednims que s&#8217;han de cobrir, tenint en compte si \u00e9s exterior o interior i si s&#8217;ha de col\u00b7locar il\u00b7luminaci\u00f3.<\/h4>\n<h4>Per als tallers de m\u00e0gia ens cal disposar d&#8217;una taula allargada on els nens puguin treballar c\u00f2modament.<\/h4>\n<h4>La m\u00e0gia de prop com a m\u00ednim ha de ser 2x1m\u00b2, per\u00f2 hi ha casos en qu\u00e8 es fa m\u00e0gia itinerant (discoteques, pubs, terrasses i m\u00e0gia per les taules) on l&#8217;espai no \u00e9s un problema.<\/h4>\n<h4>La m\u00e0gia de sala o escena com a m\u00ednim ha de tenir 3x2m\u00b2 i disposar d&#8217;un endoll per poder connectar la sonoritzaci\u00f3.<\/h4>\n<h4>La m\u00e0gia de festes majors i teatres, s&#8217;envia fitxa t\u00e8cnica per\u00f2 com a m\u00ednim ha de disposar d&#8217;un escenari elevat de 4x3m\u00b2 i presa de corrent.<\/h4>\n<h4>En qualsevol dels casos, la sala ha d&#8217;disposar d&#8217;una il\u00b7luminaci\u00f3 adequada, per a la seva realitzaci\u00f3. En cas contrari, l&#8217;empresa disposa d&#8217;il\u00b7luminaci\u00f3 per poder realitzar la correcta representaci\u00f3 (preguntar a l&#8217;hora de fer el pressupost)<\/h4>\n<p>&nbsp;<\/p>\n<p>[\/vc_column_text]    <\/div>\n<\/div><h4 class=\"clearfix qode-title-holder\">\n<span class=\"qode-tab-title\">\n\t    <span class=\"qode-tab-title-inner\">\n        Disposes de sonoritzaci\u00f3?    <\/span>\n<\/span>\n<span class=\"qode-accordion-mark\">\n    <span class=\"qode-accordion-mark-icon\">\n        <span class=\"icon_plus\"><\/span>\n        <span class=\"icon_minus-06\"><\/span>\n    <\/span>\n<\/span>\n<\/h4>\n<div  class=\"qode-accordion-content \" >\n    <div class=\"qode-accordion-content-inner\">\n        [vc_column_text]<\/p>\n<h4>Si, es disposa de sonoritzaci\u00f3, per\u00f2 dep\u00e8n de l&#8217;espectacle ja que es pot adaptar en funci\u00f3 de les necessitats, per\u00f2 per regla general, la m\u00e0gia de prop i tallers no el porta, en canvi l&#8217;espectacle est\u00e0ndard si. En el cas de la m\u00e0gia de teatres s&#8217;envia fitxa t\u00e8cnica amb totes les caracter\u00edstiques. De totes maneres a l&#8217;hora de contractar els serveis, aix\u00f2 queda completament detallat en el pressupost, perqu\u00e8 quedi el m\u00e9s clar possible a les dues parts.<\/h4>\n<p>[\/vc_column_text]    <\/div>\n<\/div><h4 class=\"clearfix qode-title-holder\">\n<span class=\"qode-tab-title\">\n\t    <span class=\"qode-tab-title-inner\">\n        Fas m\u00e0gia a restaurants?    <\/span>\n<\/span>\n<span class=\"qode-accordion-mark\">\n    <span class=\"qode-accordion-mark-icon\">\n        <span class=\"icon_plus\"><\/span>\n        <span class=\"icon_minus-06\"><\/span>\n    <\/span>\n<\/span>\n<\/h4>\n<div  class=\"qode-accordion-content \" >\n    <div class=\"qode-accordion-content-inner\">\n        [vc_column_text]<\/p>\n<h4><span id=\"result_box\" class=\"\" lang=\"ca\">Si, \u00e9s <span class=\"\">important notificar<\/span> al restaurant que es va a realitzar un espectacle de m\u00e0gia, m\u00e9s que <span class=\"\">res per a la<\/span> <span class=\"\">disposici\u00f3<\/span> de les taules i tenir en compte el temps de muntatge i desmuntatge del <span class=\"\">mateix<\/span>.<\/span><\/h4>\n<p>[\/vc_column_text]    <\/div>\n<\/div><h4 class=\"clearfix qode-title-holder\">\n<span class=\"qode-tab-title\">\n\t    <span class=\"qode-tab-title-inner\">\n        Com contractar els teus serveis?    <\/span>\n<\/span>\n<span class=\"qode-accordion-mark\">\n    <span class=\"qode-accordion-mark-icon\">\n        <span class=\"icon_plus\"><\/span>\n        <span class=\"icon_minus-06\"><\/span>\n    <\/span>\n<\/span>\n<\/h4>\n<div  class=\"qode-accordion-content \" >\n    <div class=\"qode-accordion-content-inner\">\n        [vc_column_text]<\/p>\n<h4><span id=\"result_box\" class=\"\" lang=\"ca\">Un cop <span class=\"\">acceptat el<\/span> pressupost per part del client, ens posarem en contacte via telef\u00f2nica per <span class=\"\">concretar els<\/span> aspectes definitius per a l&#8217;esdeveniment. El m\u00e9s important \u00e9s reservar <span class=\"\">amb<\/span> la m\u00e0xima antelaci\u00f3 per poder assegurar aix\u00ed, la m\u00e0xima disponibilitat<span class=\"\">.<\/span><\/span><\/h4>\n<p>[\/vc_column_text]    <\/div>\n<\/div><h4 class=\"clearfix qode-title-holder\">\n<span class=\"qode-tab-title\">\n\t    <span class=\"qode-tab-title-inner\">\n        Quant costa una actuaci\u00f3?    <\/span>\n<\/span>\n<span class=\"qode-accordion-mark\">\n    <span class=\"qode-accordion-mark-icon\">\n        <span class=\"icon_plus\"><\/span>\n        <span class=\"icon_minus-06\"><\/span>\n    <\/span>\n<\/span>\n<\/h4>\n<div  class=\"qode-accordion-content \" >\n    <div class=\"qode-accordion-content-inner\">\n        [vc_column_text]<\/p>\n<h4><span id=\"result_box\" class=\"\" lang=\"ca\">El preu de l&#8217;actuaci\u00f3 dependr\u00e0 del tipus d&#8217;espectacle, localitzaci\u00f3, i necessitats <span class=\"\">t\u00e8cniques.<\/span> <span class=\"\">Per\u00f2 una cosa<\/span> <span class=\"\">est\u00e0 garantida<\/span> i \u00e9s que el preu estar\u00e0 molt ajustat al tipus d&#8217;espectacle a escollir. Igualment se&#8217;ls <span class=\"\">assessorar\u00e0 en<\/span> funci\u00f3 del tipus d&#8217;esdeveniment, quantitat de p\u00fablic i del temps <span class=\"\">a cobrir.<\/span><\/span><\/h4>\n<p>[\/vc_column_text]    <\/div>\n<\/div><h4 class=\"clearfix qode-title-holder\">\n<span class=\"qode-tab-title\">\n\t    <span class=\"qode-tab-title-inner\">\n        Com s&#039;efectua el pagament?    <\/span>\n<\/span>\n<span class=\"qode-accordion-mark\">\n    <span class=\"qode-accordion-mark-icon\">\n        <span class=\"icon_plus\"><\/span>\n        <span class=\"icon_minus-06\"><\/span>\n    <\/span>\n<\/span>\n<\/h4>\n<div  class=\"qode-accordion-content \" >\n    <div class=\"qode-accordion-content-inner\">\n        [vc_column_text]<\/p>\n<h4>Per regla general s&#8217;efectua en efectiu en finalitzar l&#8217;espectacle.<\/h4>\n<h4>Per altres vies el vam comentar a l&#8217;hora de fer el pressupost.<\/h4>\n<h4>Moltes gr\u00e0cies<\/h4>\n<p>[\/vc_column_text]    <\/div>\n<\/div><\/div>[\/vc_column][vc_column width=&#8221;1\/6&#8243;][\/vc_column][\/vc_row]<\/p>\n<\/div>","protected":false},"excerpt":{"rendered":"<p>[vc_row css_animation=&#8221;&#8221; row_type=&#8221;row&#8221; use_row_as_full_screen_section=&#8221;no&#8221; type=&#8221;full_width&#8221; angled_section=&#8221;no&#8221; text_align=&#8221;left&#8221; background_image_as_pattern=&#8221;without_pattern&#8221;][vc_column width=&#8221;1\/6&#8243;][\/vc_column][vc_column width=&#8221;2\/3&#8243;][\/vc_column][vc_column width=&#8221;1\/6&#8243;][\/vc_column][\/vc_row]<\/p>\n","protected":false},"author":1,"featured_media":0,"parent":0,"menu_order":0,"comment_status":"closed","ping_status":"closed","template":"full_width.php","meta":{"_exactmetrics_skip_tracking":false,"_exactmetrics_sitenote_active":false,"_exactmetrics_sitenote_note":"","_exactmetrics_sitenote_category":0,"footnotes":""},"translation":{"provider":"WPGlobus","version":"3.0.2","language":"ca","enabled_languages":["es","ca"],"languages":{"es":{"title":true,"content":true,"excerpt":false},"ca":{"title":true,"content":true,"excerpt":false}}},"yoast_head":"<!-- This site is optimized with the Yoast SEO plugin v23.5 - https:\/\/yoast.com\/wordpress\/plugins\/seo\/ -->\n<title>Preguntes Freq\u00fcents - Docenciamagica<\/title>\n<meta name=\"robots\" content=\"index, follow, max-snippet:-1, max-image-preview:large, max-video-preview:-1\" \/>\n<link rel=\"canonical\" href=\"https:\/\/docenciamagica.com\/faqs\/\" \/>\n<meta property=\"og:locale\" content=\"ca_ES\" \/>\n<meta property=\"og:type\" content=\"article\" \/>\n<meta property=\"og:title\" content=\"Preguntes Freq\u00fcents - Docenciamagica\" \/>\n<meta property=\"og:url\" content=\"https:\/\/docenciamagica.com\/faqs\/\" \/>\n<meta property=\"og:site_name\" content=\"Docenciamagica\" \/>\n<meta property=\"article:publisher\" content=\"https:\/\/www.facebook.com\/docenciamagica\" \/>\n<meta property=\"article:modified_time\" content=\"2018-10-31T08:47:49+00:00\" \/>\n<meta name=\"twitter:card\" content=\"summary_large_image\" \/>\n<meta name=\"twitter:site\" content=\"@educamagia1\" \/>\n<meta name=\"twitter:label1\" content=\"Est. reading time\" \/>\n\t<meta name=\"twitter:data1\" content=\"16 minutes\" \/>\n<script type=\"application\/ld+json\" class=\"yoast-schema-graph\">{\"@context\":\"https:\/\/schema.org\",\"@graph\":[{\"@type\":\"WebPage\",\"@id\":\"https:\/\/docenciamagica.com\/faqs\/\",\"url\":\"https:\/\/docenciamagica.com\/faqs\/\",\"name\":\"Preguntes Freq\u00fcents - Docenciamagica\",\"isPartOf\":{\"@id\":\"https:\/\/docenciamagica.com\/#website\"},\"datePublished\":\"2018-06-27T15:58:20+00:00\",\"dateModified\":\"2018-10-31T08:47:49+00:00\",\"breadcrumb\":{\"@id\":\"https:\/\/docenciamagica.com\/faqs\/#breadcrumb\"},\"inLanguage\":\"ca-ES\",\"potentialAction\":[{\"@type\":\"ReadAction\",\"target\":[\"https:\/\/docenciamagica.com\/faqs\/\"]}]},{\"@type\":\"BreadcrumbList\",\"@id\":\"https:\/\/docenciamagica.com\/faqs\/#breadcrumb\",\"itemListElement\":[{\"@type\":\"ListItem\",\"position\":1,\"name\":\"Portada\",\"item\":\"https:\/\/docenciamagica.com\/\"},{\"@type\":\"ListItem\",\"position\":2,\"name\":\"Preguntas Frecuentes\"}]},{\"@type\":\"WebSite\",\"@id\":\"https:\/\/docenciamagica.com\/#website\",\"url\":\"https:\/\/docenciamagica.com\/\",\"name\":\"Docencia M\u00e1gica\",\"description\":\"La m&agrave;gia com a recurs educatiu\",\"publisher\":{\"@id\":\"https:\/\/docenciamagica.com\/#organization\"},\"potentialAction\":[{\"@type\":\"SearchAction\",\"target\":{\"@type\":\"EntryPoint\",\"urlTemplate\":\"https:\/\/docenciamagica.com\/?s={search_term_string}\"},\"query-input\":{\"@type\":\"PropertyValueSpecification\",\"valueRequired\":true,\"valueName\":\"search_term_string\"}}],\"inLanguage\":\"ca-ES\"},{\"@type\":\"Organization\",\"@id\":\"https:\/\/docenciamagica.com\/#organization\",\"name\":\"Docencia M\u00e1gica\",\"url\":\"https:\/\/docenciamagica.com\/\",\"logo\":{\"@type\":\"ImageObject\",\"inLanguage\":\"ca-ES\",\"@id\":\"https:\/\/docenciamagica.com\/#\/schema\/logo\/image\/\",\"url\":\"https:\/\/docenciamagica.com\/wp-content\/uploads\/2019\/09\/LOGO-web-COLOR-copia.png\",\"contentUrl\":\"https:\/\/docenciamagica.com\/wp-content\/uploads\/2019\/09\/LOGO-web-COLOR-copia.png\",\"width\":400,\"height\":400,\"caption\":\"Docencia M\u00e1gica\"},\"image\":{\"@id\":\"https:\/\/docenciamagica.com\/#\/schema\/logo\/image\/\"},\"sameAs\":[\"https:\/\/www.facebook.com\/docenciamagica\",\"https:\/\/x.com\/educamagia1\",\"https:\/\/www.instagram.com\/docenciamagica1\/\"]}]}<\/script>\n<!-- \/ Yoast SEO plugin. -->","yoast_head_json":{"title":"Preguntes Freq\u00fcents - Docenciamagica","robots":{"index":"index","follow":"follow","max-snippet":"max-snippet:-1","max-image-preview":"max-image-preview:large","max-video-preview":"max-video-preview:-1"},"canonical":"https:\/\/docenciamagica.com\/faqs\/","og_locale":"ca_ES","og_type":"article","og_title":"Preguntes Freq\u00fcents - Docenciamagica","og_url":"https:\/\/docenciamagica.com\/faqs\/","og_site_name":"Docenciamagica","article_publisher":"https:\/\/www.facebook.com\/docenciamagica","article_modified_time":"2018-10-31T08:47:49+00:00","twitter_card":"summary_large_image","twitter_site":"@educamagia1","twitter_misc":{"Est. reading time":"16 minutes"},"schema":{"@context":"https:\/\/schema.org","@graph":[{"@type":"WebPage","@id":"https:\/\/docenciamagica.com\/faqs\/","url":"https:\/\/docenciamagica.com\/faqs\/","name":"Preguntes Freq\u00fcents - Docenciamagica","isPartOf":{"@id":"https:\/\/docenciamagica.com\/#website"},"datePublished":"2018-06-27T15:58:20+00:00","dateModified":"2018-10-31T08:47:49+00:00","breadcrumb":{"@id":"https:\/\/docenciamagica.com\/faqs\/#breadcrumb"},"inLanguage":"ca-ES","potentialAction":[{"@type":"ReadAction","target":["https:\/\/docenciamagica.com\/faqs\/"]}]},{"@type":"BreadcrumbList","@id":"https:\/\/docenciamagica.com\/faqs\/#breadcrumb","itemListElement":[{"@type":"ListItem","position":1,"name":"Portada","item":"https:\/\/docenciamagica.com\/"},{"@type":"ListItem","position":2,"name":"Preguntas Frecuentes"}]},{"@type":"WebSite","@id":"https:\/\/docenciamagica.com\/#website","url":"https:\/\/docenciamagica.com\/","name":"Docencia M\u00e1gica","description":"La m&agrave;gia com a recurs educatiu","publisher":{"@id":"https:\/\/docenciamagica.com\/#organization"},"potentialAction":[{"@type":"SearchAction","target":{"@type":"EntryPoint","urlTemplate":"https:\/\/docenciamagica.com\/?s={search_term_string}"},"query-input":{"@type":"PropertyValueSpecification","valueRequired":true,"valueName":"search_term_string"}}],"inLanguage":"ca-ES"},{"@type":"Organization","@id":"https:\/\/docenciamagica.com\/#organization","name":"Docencia M\u00e1gica","url":"https:\/\/docenciamagica.com\/","logo":{"@type":"ImageObject","inLanguage":"ca-ES","@id":"https:\/\/docenciamagica.com\/#\/schema\/logo\/image\/","url":"https:\/\/docenciamagica.com\/wp-content\/uploads\/2019\/09\/LOGO-web-COLOR-copia.png","contentUrl":"https:\/\/docenciamagica.com\/wp-content\/uploads\/2019\/09\/LOGO-web-COLOR-copia.png","width":400,"height":400,"caption":"Docencia M\u00e1gica"},"image":{"@id":"https:\/\/docenciamagica.com\/#\/schema\/logo\/image\/"},"sameAs":["https:\/\/www.facebook.com\/docenciamagica","https:\/\/x.com\/educamagia1","https:\/\/www.instagram.com\/docenciamagica1\/"]}]}},"_links":{"self":[{"href":"https:\/\/docenciamagica.com\/ca\/wp-json\/wp\/v2\/pages\/835"}],"collection":[{"href":"https:\/\/docenciamagica.com\/ca\/wp-json\/wp\/v2\/pages"}],"about":[{"href":"https:\/\/docenciamagica.com\/ca\/wp-json\/wp\/v2\/types\/page"}],"author":[{"embeddable":true,"href":"https:\/\/docenciamagica.com\/ca\/wp-json\/wp\/v2\/users\/1"}],"replies":[{"embeddable":true,"href":"https:\/\/docenciamagica.com\/ca\/wp-json\/wp\/v2\/comments?post=835"}],"version-history":[{"count":15,"href":"https:\/\/docenciamagica.com\/ca\/wp-json\/wp\/v2\/pages\/835\/revisions"}],"predecessor-version":[{"id":1423,"href":"https:\/\/docenciamagica.com\/ca\/wp-json\/wp\/v2\/pages\/835\/revisions\/1423"}],"wp:attachment":[{"href":"https:\/\/docenciamagica.com\/ca\/wp-json\/wp\/v2\/media?parent=835"}],"curies":[{"name":"wp","href":"https:\/\/api.w.org\/{rel}","templated":true}]}}