{"id":739,"date":"2018-06-15T09:09:34","date_gmt":"2018-06-15T07:09:34","guid":{"rendered":"https:\/\/educamagia.com\/?page_id=739"},"modified":"2024-02-12T20:42:38","modified_gmt":"2024-02-12T19:42:38","slug":"entrevista-magica","status":"publish","type":"page","link":"https:\/\/docenciamagica.com\/ca\/entrevista-magica\/","title":{"rendered":"Matem\u00e0gia"},"content":{"rendered":"<div class=\"wpb-content-wrapper\"><p>[vc_row css_animation=&#8221;&#8221; row_type=&#8221;row&#8221; use_row_as_full_screen_section=&#8221;no&#8221; type=&#8221;full_width&#8221; angled_section=&#8221;no&#8221; text_align=&#8221;left&#8221; background_image_as_pattern=&#8221;without_pattern&#8221; border_color=&#8221;#1e73be&#8221; css=&#8221;.vc_custom_1538037659482{background-color: #ffffff !important;}&#8221; z_index=&#8221;&#8221;][vc_column width=&#8221;1\/4&#8243;][\/vc_column][vc_column width=&#8221;1\/2&#8243;]<div class='q_icon_with_title very_large custom_icon_image center '><div class=\"icon_holder \" style=\"margin: 0px 0px 8px 0px; \"><img decoding=\"async\" style=\"margin: 0px 0px 8px 0px\" src=\"https:\/\/docenciamagica.com\/wp-content\/uploads\/2018\/05\/entrevista.png\" alt=\"\"><\/div><div class=\"icon_text_holder\" style=\"\"><div class=\"icon_text_inner\" style=\"\"><h4 class=\"icon_title\" style=\"color: #1e73be;\">MATE-M\u00c0GIA<\/h4><div class=\"separator small left\" style=\"height: 2px;background-color: #ffffff;width: 20px;margin-bottom: 15px;\"><\/div><p style=''>Descobreix com les matem\u00e0tiques poden ser superdivertides i molt m\u00e0giques.<\/p><\/div><\/div><\/div>[\/vc_column][vc_column width=&#8221;1\/4&#8243;][\/vc_column][\/vc_row][vc_row css_animation=&#8221;&#8221; row_type=&#8221;row&#8221; use_row_as_full_screen_section=&#8221;no&#8221; type=&#8221;grid&#8221; angled_section=&#8221;no&#8221; text_align=&#8221;left&#8221; background_image_as_pattern=&#8221;without_pattern&#8221; css=&#8221;.vc_custom_1530271506596{background: #f3f1f1 url(http:\/\/magiaoscardelatorre.com\/wp-content\/uploads\/2016\/08\/oscar010.png?id=15914) !important;background-position: center !important;background-repeat: no-repeat !important;background-size: cover !important;}&#8221; z_index=&#8221;&#8221;][vc_column width=&#8221;1\/2&#8243; css=&#8221;.vc_custom_1518115770869{margin-top: 100px !important;margin-bottom: 100px !important;background-color: #f3f1f1 !important;}&#8221;][vc_separator type=&#8221;small&#8221; position=&#8221;left&#8221; color=&#8221;#1e73be&#8221; thickness=&#8221;3&#8243;][vc_column_text]<\/p>\n<h1>MATE-M\u00c0GIA<\/h1>\n<p>[\/vc_column_text][vc_separator type=&#8221;small&#8221; position=&#8221;left&#8221; color=&#8221;#1e73be&#8221; thickness=&#8221;3&#8243;][vc_column_text]<\/p>\n<h5>\ud83c\udfa9 Benvinguts a l&#8217;espectacle de Mate-m\u00e0gia! \ud83c\udfa9<br \/>\nEst\u00e0s llest per a una experi\u00e8ncia \u00fanica on la m\u00e0gia i les matem\u00e0tiques s&#8217;entrellacen en un espectacle emocionant? Prepara&#8217;t per a ser sorpr\u00e8s, mentre explorem el fascinant m\u00f3n dels n\u00fameros i la il\u00b7lusi\u00f3.<br \/>\n\ud83d\udd22 En aquest espectacle, descobrir\u00e0s com els n\u00fameros poden ser m\u00e9s que simples eines matem\u00e0tiques. Amb trucs d&#8217;il\u00b7lusionisme i habilitats matem\u00e0tiques extraordin\u00e0ries, et mostrarem que les matem\u00e0tiques s\u00f3n realment m\u00e0giques i divertides.<br \/>\n\ud83c\udfa9 El nostre talent\u00f3s mag matem\u00e0tic dur\u00e0 a terme incre\u00efbles demostracions que desafiaran la teva percepci\u00f3 i et deixaran bocabadat. Des de prediccions sorprenents fins a endevinalles intrigants, aquest espectacle et mantindr\u00e0 a la vora del teu seient a cada moment.<br \/>\n\ud83e\udd2f Per\u00f2 cura! No tot \u00e9s el que sembla en el m\u00f3n del mate-m\u00e0gia. Amb cada truc, aprendr\u00e0s una cosa nova sobre els conceptes matem\u00e0tics darrere de la m\u00e0gia, mentre et submergeixes en un viatge ple de diversi\u00f3 i sorpresa.<br \/>\n\ud83c\udf1f No et perdis aquesta oportunitat \u00fanica de presenciar l&#8217;espectacle de Mate-m\u00e0gia! Perfecte per a tot prim\u00e0ria, aquest esdeveniment \u00e9s una experi\u00e8ncia que mai oblidar\u00e0s.<\/h5>\n<p>&nbsp;<\/p>\n<p>&nbsp;<\/p>\n<p><span id=\"result_box\" class=\"\" lang=\"ca\"><br \/>\n<strong>TIPUS <span class=\"\">DE P\u00daBLIC<\/span>:<\/strong> Centres d&#8217;educaci\u00f3 prim\u00e0ria (Cicle Inicial, Mitj\u00e0 i Superior) \/ Centres d&#8217;educaci\u00f3 <span class=\"\">especial<\/span><\/span><\/p>\n<p><span id=\"result_box\" class=\"\" lang=\"ca\"><br \/>\n<strong>DURADA:<\/strong> 50 <span class=\"\">minuts<\/span><\/span><\/p>\n<p><span id=\"result_box\" class=\"\" lang=\"ca\"><br \/>\n<strong>INCLOU:<\/strong> El mag, Roll<span class=\"\">&#8211;<\/span><span class=\"\">Up<\/span> de fons i sonoritzaci\u00f3 a l&#8217;espectacle per si cal.<\/span><\/p>\n<p><span id=\"result_box\" class=\"\" lang=\"ca\"><br \/>\n<strong>PREU:<\/strong> * A consultar<span class=\"\">.<\/span><\/span>[\/vc_column_text][vc_row_inner row_type=&#8221;row&#8221; type=&#8221;full_width&#8221; text_align=&#8221;left&#8221; css_animation=&#8221;&#8221;][vc_column_inner width=&#8221;1\/3&#8243;][\/vc_column_inner][vc_column_inner width=&#8221;1\/3&#8243;][vc_separator type=&#8221;transparent&#8221;]<a  itemprop=\"url\" href=\"#\" target=\"_blank\" data-hover-background-color=\"#ffffff\" data-hover-border-color=\"#000000\" data-hover-color=\"#1e73be\" class=\"qbutton  center enlarge\" style=\"color: #ffffff; border-color: #000000; background-color:#1e73be;\">DESCARREGAR<i class=\"qode_icon_font_awesome fa fa-arrow-circle-o-down qode_button_icon_element\" style=\"color: #1e73be\"><\/i><\/a>[vc_separator type=&#8221;transparent&#8221;][\/vc_column_inner][vc_column_inner width=&#8221;1\/3&#8243;][\/vc_column_inner][\/vc_row_inner][\/vc_column][vc_column width=&#8221;1\/2&#8243;][\/vc_column][\/vc_row][vc_row css_animation=&#8221;&#8221; row_type=&#8221;row&#8221; use_row_as_full_screen_section=&#8221;no&#8221; type=&#8221;full_width&#8221; angled_section=&#8221;no&#8221; text_align=&#8221;left&#8221; background_image_as_pattern=&#8221;without_pattern&#8221; css=&#8221;.vc_custom_1538037814505{background-color: rgba(30,115,190,0.03) !important;*background-color: rgb(30,115,190) !important;}&#8221; z_index=&#8221;&#8221;][vc_column width=&#8221;1\/6&#8243;][\/vc_column][vc_column width=&#8221;2\/3&#8243;][vc_separator type=&#8221;transparent&#8221; up=&#8221;10&#8243;][vc_column_text]<\/p>\n<h3 style=\"text-align: center;\"><span style=\"color: #0000ff;\">GALERIA<\/span><\/h3>\n<p>[\/vc_column_text][vc_separator type=&#8221;transparent&#8221; up=&#8221;10&#8243;]<div class=\"qode-advanced-image-gallery  qode-aig-grid-type qode-medium-space  qode-image-behavior-lightbox \">\n\t<div class=\"qode-aig-inner qode-outer-space qode-aig-grid qode-aig-five-columns\">\n\t\t\t\t\t<div class=\"qode-aig-image qode-item-space\">\n\t\t\t\t<div class=\"qode-aig-image-inner\">\n\t\t\t\t\t\t\t\t\t\t\t<a itemprop=\"image\" class=\"qode-aig-lightbox\" href=\"https:\/\/docenciamagica.com\/wp-content\/uploads\/2018\/10\/entrevista-magica-1.jpg\" data-rel=\"prettyPhoto[image_gallery_pretty_photo-940]\" title=\"entrevista magica (1)\">\n\t\t\t\t\t\t\t\t\t\t\t<img loading=\"lazy\" decoding=\"async\" width=\"700\" height=\"525\" src=\"https:\/\/docenciamagica.com\/wp-content\/uploads\/2018\/10\/entrevista-magica-1.jpg\" class=\"attachment-large size-large\" alt=\"entrevista magica\" srcset=\"https:\/\/docenciamagica.com\/wp-content\/uploads\/2018\/10\/entrevista-magica-1.jpg 700w, https:\/\/docenciamagica.com\/wp-content\/uploads\/2018\/10\/entrevista-magica-1-300x225.jpg 300w\" sizes=\"(max-width: 700px) 100vw, 700px\" \/>\t\t\t\t\t\t<span class=\"aig-gallery-hover\">\n\t\t\t\t\t\t\t\t\t\t\t\t\t<\/span>\n\t\t\t\t\t\t\t\t\t\t\t<\/a>\n\t\t\t\t\t\t\t\t\t<\/div>\n\t\t\t<\/div>\n\t\t\t\t\t\t\t\t<div class=\"qode-aig-image qode-item-space\">\n\t\t\t\t<div class=\"qode-aig-image-inner\">\n\t\t\t\t\t\t\t\t\t\t\t<a itemprop=\"image\" class=\"qode-aig-lightbox\" href=\"https:\/\/docenciamagica.com\/wp-content\/uploads\/2018\/10\/fotos-magia-educativa-ins-alcarras.jpg\" data-rel=\"prettyPhoto[image_gallery_pretty_photo-940]\" title=\"fotos magia educativa ins alcarras\">\n\t\t\t\t\t\t\t\t\t\t\t<img loading=\"lazy\" decoding=\"async\" width=\"500\" height=\"375\" src=\"https:\/\/docenciamagica.com\/wp-content\/uploads\/2018\/10\/fotos-magia-educativa-ins-alcarras.jpg\" class=\"attachment-large size-large\" alt=\"quedate\" srcset=\"https:\/\/docenciamagica.com\/wp-content\/uploads\/2018\/10\/fotos-magia-educativa-ins-alcarras.jpg 500w, https:\/\/docenciamagica.com\/wp-content\/uploads\/2018\/10\/fotos-magia-educativa-ins-alcarras-300x225.jpg 300w\" sizes=\"(max-width: 500px) 100vw, 500px\" \/>\t\t\t\t\t\t<span class=\"aig-gallery-hover\">\n\t\t\t\t\t\t\t\t\t\t\t\t\t<\/span>\n\t\t\t\t\t\t\t\t\t\t\t<\/a>\n\t\t\t\t\t\t\t\t\t<\/div>\n\t\t\t<\/div>\n\t\t\t\t\t\t\t\t<div class=\"qode-aig-image qode-item-space\">\n\t\t\t\t<div class=\"qode-aig-image-inner\">\n\t\t\t\t\t\t\t\t\t\t\t<a itemprop=\"image\" class=\"qode-aig-lightbox\" href=\"https:\/\/docenciamagica.com\/wp-content\/uploads\/2018\/10\/el-mago-de-las-sonrisas-3.jpeg\" data-rel=\"prettyPhoto[image_gallery_pretty_photo-940]\" title=\"el mago de las sonrisas 3\">\n\t\t\t\t\t\t\t\t\t\t\t<img loading=\"lazy\" decoding=\"async\" width=\"450\" height=\"600\" src=\"https:\/\/docenciamagica.com\/wp-content\/uploads\/2018\/10\/el-mago-de-las-sonrisas-3.jpeg\" class=\"attachment-large size-large\" alt=\"el mago de las sonrisas\" srcset=\"https:\/\/docenciamagica.com\/wp-content\/uploads\/2018\/10\/el-mago-de-las-sonrisas-3.jpeg 450w, https:\/\/docenciamagica.com\/wp-content\/uploads\/2018\/10\/el-mago-de-las-sonrisas-3-225x300.jpeg 225w\" sizes=\"(max-width: 450px) 100vw, 450px\" \/>\t\t\t\t\t\t<span class=\"aig-gallery-hover\">\n\t\t\t\t\t\t\t\t\t\t\t\t\t<\/span>\n\t\t\t\t\t\t\t\t\t\t\t<\/a>\n\t\t\t\t\t\t\t\t\t<\/div>\n\t\t\t<\/div>\n\t\t\t\t\t\t<\/div>\n<\/div>[\/vc_column][vc_column width=&#8221;1\/6&#8243;][\/vc_column][\/vc_row]<\/p>\n<\/div>","protected":false},"excerpt":{"rendered":"<p>[vc_row css_animation=&#8221;&#8221; row_type=&#8221;row&#8221; use_row_as_full_screen_section=&#8221;no&#8221; type=&#8221;full_width&#8221; angled_section=&#8221;no&#8221; text_align=&#8221;left&#8221; background_image_as_pattern=&#8221;without_pattern&#8221; border_color=&#8221;#1e73be&#8221; css=&#8221;.vc_custom_1538037659482{background-color: #ffffff !important;}&#8221; z_index=&#8221;&#8221;][vc_column width=&#8221;1\/4&#8243;][\/vc_column][vc_column width=&#8221;1\/2&#8243;][\/vc_column][vc_column width=&#8221;1\/4&#8243;][\/vc_column][\/vc_row][vc_row css_animation=&#8221;&#8221; row_type=&#8221;row&#8221; use_row_as_full_screen_section=&#8221;no&#8221; type=&#8221;grid&#8221; angled_section=&#8221;no&#8221; text_align=&#8221;left&#8221; background_image_as_pattern=&#8221;without_pattern&#8221; css=&#8221;.vc_custom_1530271506596{background: #f3f1f1 url(http:\/\/magiaoscardelatorre.com\/wp-content\/uploads\/2016\/08\/oscar010.png?id=15914) !important;background-position: center !important;background-repeat: no-repeat !important;background-size: cover !important;}&#8221; z_index=&#8221;&#8221;][vc_column width=&#8221;1\/2&#8243; css=&#8221;.vc_custom_1518115770869{margin-top: 100px !important;margin-bottom: 100px !important;background-color: #f3f1f1 !important;}&#8221;][vc_separator type=&#8221;small&#8221; position=&#8221;left&#8221; color=&#8221;#1e73be&#8221;&#8230;<\/p>\n","protected":false},"author":1,"featured_media":0,"parent":0,"menu_order":0,"comment_status":"closed","ping_status":"closed","template":"full_width.php","meta":{"_exactmetrics_skip_tracking":false,"_exactmetrics_sitenote_active":false,"_exactmetrics_sitenote_note":"","_exactmetrics_sitenote_category":0,"footnotes":""},"translation":{"provider":"WPGlobus","version":"3.0.2","language":"ca","enabled_languages":["es","ca"],"languages":{"es":{"title":true,"content":true,"excerpt":false},"ca":{"title":true,"content":true,"excerpt":false}}},"yoast_head":"<!-- This site is optimized with the Yoast SEO plugin v23.5 - https:\/\/yoast.com\/wordpress\/plugins\/seo\/ -->\n<title>Matem\u00e0gia - Docenciamagica<\/title>\n<meta name=\"robots\" content=\"index, follow, max-snippet:-1, max-image-preview:large, max-video-preview:-1\" \/>\n<link rel=\"canonical\" href=\"https:\/\/docenciamagica.com\/entrevista-magica\/\" \/>\n<meta property=\"og:locale\" content=\"ca_ES\" \/>\n<meta property=\"og:type\" content=\"article\" \/>\n<meta property=\"og:title\" content=\"Matem\u00e0gia - Docenciamagica\" \/>\n<meta property=\"og:url\" content=\"https:\/\/docenciamagica.com\/entrevista-magica\/\" \/>\n<meta property=\"og:site_name\" content=\"Docenciamagica\" \/>\n<meta property=\"article:publisher\" content=\"https:\/\/www.facebook.com\/docenciamagica\" \/>\n<meta property=\"article:modified_time\" content=\"2024-02-12T19:42:38+00:00\" \/>\n<meta name=\"twitter:card\" content=\"summary_large_image\" \/>\n<meta name=\"twitter:site\" content=\"@educamagia1\" \/>\n<meta name=\"twitter:label1\" content=\"Est. reading time\" \/>\n\t<meta name=\"twitter:data1\" content=\"3 minutes\" \/>\n<script type=\"application\/ld+json\" class=\"yoast-schema-graph\">{\"@context\":\"https:\/\/schema.org\",\"@graph\":[{\"@type\":\"WebPage\",\"@id\":\"https:\/\/docenciamagica.com\/entrevista-magica\/\",\"url\":\"https:\/\/docenciamagica.com\/entrevista-magica\/\",\"name\":\"Matem\u00e0gia - Docenciamagica\",\"isPartOf\":{\"@id\":\"https:\/\/docenciamagica.com\/#website\"},\"datePublished\":\"2018-06-15T07:09:34+00:00\",\"dateModified\":\"2024-02-12T19:42:38+00:00\",\"breadcrumb\":{\"@id\":\"https:\/\/docenciamagica.com\/entrevista-magica\/#breadcrumb\"},\"inLanguage\":\"ca-ES\",\"potentialAction\":[{\"@type\":\"ReadAction\",\"target\":[\"https:\/\/docenciamagica.com\/entrevista-magica\/\"]}]},{\"@type\":\"BreadcrumbList\",\"@id\":\"https:\/\/docenciamagica.com\/entrevista-magica\/#breadcrumb\",\"itemListElement\":[{\"@type\":\"ListItem\",\"position\":1,\"name\":\"Portada\",\"item\":\"https:\/\/docenciamagica.com\/\"},{\"@type\":\"ListItem\",\"position\":2,\"name\":\"Matemagia\"}]},{\"@type\":\"WebSite\",\"@id\":\"https:\/\/docenciamagica.com\/#website\",\"url\":\"https:\/\/docenciamagica.com\/\",\"name\":\"Docencia M\u00e1gica\",\"description\":\"La m&agrave;gia com a recurs educatiu\",\"publisher\":{\"@id\":\"https:\/\/docenciamagica.com\/#organization\"},\"potentialAction\":[{\"@type\":\"SearchAction\",\"target\":{\"@type\":\"EntryPoint\",\"urlTemplate\":\"https:\/\/docenciamagica.com\/?s={search_term_string}\"},\"query-input\":{\"@type\":\"PropertyValueSpecification\",\"valueRequired\":true,\"valueName\":\"search_term_string\"}}],\"inLanguage\":\"ca-ES\"},{\"@type\":\"Organization\",\"@id\":\"https:\/\/docenciamagica.com\/#organization\",\"name\":\"Docencia M\u00e1gica\",\"url\":\"https:\/\/docenciamagica.com\/\",\"logo\":{\"@type\":\"ImageObject\",\"inLanguage\":\"ca-ES\",\"@id\":\"https:\/\/docenciamagica.com\/#\/schema\/logo\/image\/\",\"url\":\"https:\/\/docenciamagica.com\/wp-content\/uploads\/2019\/09\/LOGO-web-COLOR-copia.png\",\"contentUrl\":\"https:\/\/docenciamagica.com\/wp-content\/uploads\/2019\/09\/LOGO-web-COLOR-copia.png\",\"width\":400,\"height\":400,\"caption\":\"Docencia M\u00e1gica\"},\"image\":{\"@id\":\"https:\/\/docenciamagica.com\/#\/schema\/logo\/image\/\"},\"sameAs\":[\"https:\/\/www.facebook.com\/docenciamagica\",\"https:\/\/x.com\/educamagia1\",\"https:\/\/www.instagram.com\/docenciamagica1\/\"]}]}<\/script>\n<!-- \/ Yoast SEO plugin. -->","yoast_head_json":{"title":"Matem\u00e0gia - Docenciamagica","robots":{"index":"index","follow":"follow","max-snippet":"max-snippet:-1","max-image-preview":"max-image-preview:large","max-video-preview":"max-video-preview:-1"},"canonical":"https:\/\/docenciamagica.com\/entrevista-magica\/","og_locale":"ca_ES","og_type":"article","og_title":"Matem\u00e0gia - Docenciamagica","og_url":"https:\/\/docenciamagica.com\/entrevista-magica\/","og_site_name":"Docenciamagica","article_publisher":"https:\/\/www.facebook.com\/docenciamagica","article_modified_time":"2024-02-12T19:42:38+00:00","twitter_card":"summary_large_image","twitter_site":"@educamagia1","twitter_misc":{"Est. reading time":"3 minutes"},"schema":{"@context":"https:\/\/schema.org","@graph":[{"@type":"WebPage","@id":"https:\/\/docenciamagica.com\/entrevista-magica\/","url":"https:\/\/docenciamagica.com\/entrevista-magica\/","name":"Matem\u00e0gia - Docenciamagica","isPartOf":{"@id":"https:\/\/docenciamagica.com\/#website"},"datePublished":"2018-06-15T07:09:34+00:00","dateModified":"2024-02-12T19:42:38+00:00","breadcrumb":{"@id":"https:\/\/docenciamagica.com\/entrevista-magica\/#breadcrumb"},"inLanguage":"ca-ES","potentialAction":[{"@type":"ReadAction","target":["https:\/\/docenciamagica.com\/entrevista-magica\/"]}]},{"@type":"BreadcrumbList","@id":"https:\/\/docenciamagica.com\/entrevista-magica\/#breadcrumb","itemListElement":[{"@type":"ListItem","position":1,"name":"Portada","item":"https:\/\/docenciamagica.com\/"},{"@type":"ListItem","position":2,"name":"Matemagia"}]},{"@type":"WebSite","@id":"https:\/\/docenciamagica.com\/#website","url":"https:\/\/docenciamagica.com\/","name":"Docencia M\u00e1gica","description":"La m&agrave;gia com a recurs educatiu","publisher":{"@id":"https:\/\/docenciamagica.com\/#organization"},"potentialAction":[{"@type":"SearchAction","target":{"@type":"EntryPoint","urlTemplate":"https:\/\/docenciamagica.com\/?s={search_term_string}"},"query-input":{"@type":"PropertyValueSpecification","valueRequired":true,"valueName":"search_term_string"}}],"inLanguage":"ca-ES"},{"@type":"Organization","@id":"https:\/\/docenciamagica.com\/#organization","name":"Docencia M\u00e1gica","url":"https:\/\/docenciamagica.com\/","logo":{"@type":"ImageObject","inLanguage":"ca-ES","@id":"https:\/\/docenciamagica.com\/#\/schema\/logo\/image\/","url":"https:\/\/docenciamagica.com\/wp-content\/uploads\/2019\/09\/LOGO-web-COLOR-copia.png","contentUrl":"https:\/\/docenciamagica.com\/wp-content\/uploads\/2019\/09\/LOGO-web-COLOR-copia.png","width":400,"height":400,"caption":"Docencia M\u00e1gica"},"image":{"@id":"https:\/\/docenciamagica.com\/#\/schema\/logo\/image\/"},"sameAs":["https:\/\/www.facebook.com\/docenciamagica","https:\/\/x.com\/educamagia1","https:\/\/www.instagram.com\/docenciamagica1\/"]}]}},"_links":{"self":[{"href":"https:\/\/docenciamagica.com\/ca\/wp-json\/wp\/v2\/pages\/739"}],"collection":[{"href":"https:\/\/docenciamagica.com\/ca\/wp-json\/wp\/v2\/pages"}],"about":[{"href":"https:\/\/docenciamagica.com\/ca\/wp-json\/wp\/v2\/types\/page"}],"author":[{"embeddable":true,"href":"https:\/\/docenciamagica.com\/ca\/wp-json\/wp\/v2\/users\/1"}],"replies":[{"embeddable":true,"href":"https:\/\/docenciamagica.com\/ca\/wp-json\/wp\/v2\/comments?post=739"}],"version-history":[{"count":62,"href":"https:\/\/docenciamagica.com\/ca\/wp-json\/wp\/v2\/pages\/739\/revisions"}],"predecessor-version":[{"id":1941,"href":"https:\/\/docenciamagica.com\/ca\/wp-json\/wp\/v2\/pages\/739\/revisions\/1941"}],"wp:attachment":[{"href":"https:\/\/docenciamagica.com\/ca\/wp-json\/wp\/v2\/media?parent=739"}],"curies":[{"name":"wp","href":"https:\/\/api.w.org\/{rel}","templated":true}]}}