{"id":365,"date":"2018-05-11T12:58:08","date_gmt":"2018-05-11T12:58:08","guid":{"rendered":"https:\/\/educamagia.com\/?page_id=365"},"modified":"2019-09-18T23:21:50","modified_gmt":"2019-09-18T21:21:50","slug":"extraescolar","status":"publish","type":"page","link":"https:\/\/docenciamagica.com\/ca\/extraescolar\/","title":{"rendered":"extraescolar trimestral o anual"},"content":{"rendered":"<div class=\"wpb-content-wrapper\"><p>[vc_row css_animation=&#8221;&#8221; row_type=&#8221;row&#8221; use_row_as_full_screen_section=&#8221;no&#8221; type=&#8221;full_width&#8221; angled_section=&#8221;no&#8221; text_align=&#8221;left&#8221; background_image_as_pattern=&#8221;without_pattern&#8221; border_color=&#8221;#1e73be&#8221; css=&#8221;.vc_custom_1538035882031{background-color: #ffffff !important;}&#8221; z_index=&#8221;&#8221;][vc_column width=&#8221;1\/4&#8243;][\/vc_column][vc_column width=&#8221;1\/2&#8243;]<div class='q_icon_with_title very_large custom_icon_image center '><div class=\"icon_holder \" style=\"margin: 0px 0px 8px 0px; \"><img decoding=\"async\" style=\"margin: 0px 0px 8px 0px\" src=\"https:\/\/docenciamagica.com\/wp-content\/uploads\/2018\/05\/workshop.png\" alt=\"\"><\/div><div class=\"icon_text_holder\" style=\"\"><div class=\"icon_text_inner\" style=\"\"><h4 class=\"icon_title\" style=\"color: #1e73be;\">EXTRAESCOLAR TRIMESTRAL O WORKSHOP<\/h4><div class=\"separator small left\" style=\"height: 2px;width: 20px;margin-bottom: 15px;\"><\/div><p style=''>Els nens aprendran a fer m\u00e0gia, amb l'objectiu de potenciar la seva autoestima i els seus valors.<\/p><\/div><\/div><\/div>[\/vc_column][vc_column width=&#8221;1\/4&#8243;][\/vc_column][\/vc_row][vc_row css_animation=&#8221;&#8221; row_type=&#8221;row&#8221; use_row_as_full_screen_section=&#8221;no&#8221; type=&#8221;grid&#8221; angled_section=&#8221;no&#8221; text_align=&#8221;left&#8221; background_image_as_pattern=&#8221;without_pattern&#8221; css=&#8221;.vc_custom_1568841656993{background-image: url(https:\/\/docenciamagica.com\/wp-content\/uploads\/2018\/06\/Oscardelatorre-home02-1.png?id=947) !important;background-position: center !important;background-repeat: no-repeat !important;background-size: cover !important;}&#8221; z_index=&#8221;&#8221;][vc_column width=&#8221;1\/2&#8243; css=&#8221;.vc_custom_1530002216409{margin-top: 100px !important;margin-bottom: 100px !important;}&#8221;][\/vc_column][vc_column width=&#8221;1\/2&#8243; css=&#8221;.vc_custom_1538046567407{background-color: #f4f4f4 !important;}&#8221;][vc_separator type=&#8221;small&#8221; position=&#8221;left&#8221; color=&#8221;#1e73be&#8221; thickness=&#8221;3&#8243;][vc_column_text]<\/p>\n<h1>EXTRAESCOLAR TRIMESTRAL O WORKSHOP<\/h1>\n<p>[\/vc_column_text][vc_separator type=&#8221;small&#8221; position=&#8221;left&#8221; color=&#8221;#1e73be&#8221; thickness=&#8221;3&#8243;][vc_column_text]<\/p>\n<div class=\"wpb_text_column wpb_content_element \">\n<div class=\"wpb_wrapper\">\n<div class=\"wpb_text_column wpb_content_element vc_custom_1518117298486\">\n<h4 class=\"wpb_wrapper\"><span id=\"result_box\" class=\"\" lang=\"ca\">Taller setmanal per aprendre a fer i fabricar mitjan\u00e7ant manualitats jocs de m\u00e0gia. Es <span class=\"\">pret\u00e9n potenciar<\/span> l&#8217;autoestima i els valors de l&#8217;infant, amb la fabricaci\u00f3 d&#8217;objectes m\u00e0gics que despr\u00e9s ells mateixos aprendran a utilitzar. <\/span><\/h4>\n<h4 class=\"wpb_wrapper\"><span id=\"result_box\" class=\"\" lang=\"ca\">Tamb\u00e9 descobrir la part interpretativa que porten dins, i treballar la posada en escena.<br \/>\n<span class=\"\">Representaci\u00f3<\/span> de fi de curs al finalitzar el taller en el cas de fer anual.<br \/>\n<\/span><\/h4>\n<h4 class=\"wpb_wrapper\"><span id=\"result_box\" class=\"\" lang=\"ca\"><br \/>\n<strong>TIPUS <span class=\"\">DE P\u00daBLIC<\/span><span class=\"\">:<\/span><\/strong> <span class=\"\">Centres<\/span> d&#8217;educaci\u00f3 prim\u00e0ria \/ Centres d&#8217;educaci\u00f3 especial.<\/span><\/h4>\n<p>&nbsp;<\/p>\n<h4><strong>DURADA:<\/strong> 1h <span class=\"\">setmanal.<\/span><\/h4>\n<h4 class=\"wpb_wrapper\"><span id=\"result_box\" class=\"\" lang=\"ca\"><br \/>\n<strong>INCLOU:<\/strong> <span class=\"\">el mag<\/span><span class=\"\">, material<\/span> did\u00e0ctic del tot el curs. (Preguntar per despla\u00e7ament fora de Lleida ciutat).<\/span><\/h4>\n<h4 class=\"wpb_wrapper\"><span id=\"result_box\" class=\"\" lang=\"ca\"><br \/>\n<strong>PREU:<\/strong> * <span class=\"\">A consultar<\/span><span class=\"\">.<\/span><\/span><\/h4>\n<p>&nbsp;<\/p><\/div>\n<\/div>\n<\/div>\n<p>[\/vc_column_text][vc_row_inner row_type=&#8221;row&#8221; type=&#8221;full_width&#8221; text_align=&#8221;left&#8221; css_animation=&#8221;&#8221;][vc_column_inner width=&#8221;1\/3&#8243;][\/vc_column_inner][vc_column_inner width=&#8221;1\/3&#8243;][vc_separator type=&#8221;transparent&#8221;]<a  itemprop=\"url\" href=\"#\" target=\"_blank\" data-hover-background-color=\"#ffffff\" data-hover-border-color=\"#000000\" data-hover-color=\"#1e73be\" class=\"qbutton  medium center enlarge\" style=\"color: #ffffff; border-color: #000000; background-color:#1e73be;\">DESCARREGAR<i class=\"qode_icon_font_awesome fa fa-arrow-circle-o-down qode_button_icon_element\" style=\"color: #1e73be\"><\/i><\/a>[vc_separator type=&#8221;transparent&#8221;][\/vc_column_inner][vc_column_inner width=&#8221;1\/3&#8243;][\/vc_column_inner][\/vc_row_inner][\/vc_column][\/vc_row][vc_row css_animation=&#8221;&#8221; row_type=&#8221;row&#8221; use_row_as_full_screen_section=&#8221;no&#8221; type=&#8221;full_width&#8221; angled_section=&#8221;no&#8221; text_align=&#8221;left&#8221; background_image_as_pattern=&#8221;without_pattern&#8221; css=&#8221;.vc_custom_1538036283275{background-color: rgba(30,115,190,0.03) !important;*background-color: rgb(30,115,190) !important;}&#8221; z_index=&#8221;&#8221;][vc_column width=&#8221;1\/6&#8243;][\/vc_column][vc_column width=&#8221;2\/3&#8243;][vc_separator type=&#8221;transparent&#8221; up=&#8221;10&#8243;][vc_column_text]<\/p>\n<h3 style=\"text-align: center;\"><span style=\"color: #0000ff;\">GALERIA<\/span><\/h3>\n<p>[\/vc_column_text][vc_separator type=&#8221;transparent&#8221; up=&#8221;10&#8243;]<div class=\"qode-advanced-image-gallery  qode-aig-grid-type qode-medium-space  qode-image-behavior-lightbox \">\n\t<div class=\"qode-aig-inner qode-outer-space qode-aig-grid qode-aig-five-columns\">\n\t\t\t\t\t<div class=\"qode-aig-image qode-item-space\">\n\t\t\t\t<div class=\"qode-aig-image-inner\">\n\t\t\t\t\t\t\t\t\t\t\t<a itemprop=\"image\" class=\"qode-aig-lightbox\" href=\"https:\/\/docenciamagica.com\/wp-content\/uploads\/2018\/10\/proyectos.jpg\" data-rel=\"prettyPhoto[image_gallery_pretty_photo-201]\" title=\"proyectos educamagia\">\n\t\t\t\t\t\t\t\t\t\t\t<img loading=\"lazy\" decoding=\"async\" width=\"700\" height=\"525\" src=\"https:\/\/docenciamagica.com\/wp-content\/uploads\/2018\/10\/proyectos.jpg\" class=\"attachment-large size-large\" alt=\"proyectos educativos educamagia\" srcset=\"https:\/\/docenciamagica.com\/wp-content\/uploads\/2018\/10\/proyectos.jpg 700w, https:\/\/docenciamagica.com\/wp-content\/uploads\/2018\/10\/proyectos-300x225.jpg 300w\" sizes=\"(max-width: 700px) 100vw, 700px\" \/>\t\t\t\t\t\t<span class=\"aig-gallery-hover\">\n\t\t\t\t\t\t\t\t\t\t\t\t\t<\/span>\n\t\t\t\t\t\t\t\t\t\t\t<\/a>\n\t\t\t\t\t\t\t\t\t<\/div>\n\t\t\t<\/div>\n\t\t\t\t\t\t\t\t<div class=\"qode-aig-image qode-item-space\">\n\t\t\t\t<div class=\"qode-aig-image-inner\">\n\t\t\t\t\t\t\t\t\t\t\t<a itemprop=\"image\" class=\"qode-aig-lightbox\" href=\"https:\/\/docenciamagica.com\/wp-content\/uploads\/2018\/10\/proyectos-3.jpg\" data-rel=\"prettyPhoto[image_gallery_pretty_photo-201]\" title=\"proyectos (3)\">\n\t\t\t\t\t\t\t\t\t\t\t<img loading=\"lazy\" decoding=\"async\" width=\"700\" height=\"525\" src=\"https:\/\/docenciamagica.com\/wp-content\/uploads\/2018\/10\/proyectos-3.jpg\" class=\"attachment-large size-large\" alt=\"proyectos educativos\" srcset=\"https:\/\/docenciamagica.com\/wp-content\/uploads\/2018\/10\/proyectos-3.jpg 700w, https:\/\/docenciamagica.com\/wp-content\/uploads\/2018\/10\/proyectos-3-300x225.jpg 300w\" sizes=\"(max-width: 700px) 100vw, 700px\" \/>\t\t\t\t\t\t<span class=\"aig-gallery-hover\">\n\t\t\t\t\t\t\t\t\t\t\t\t\t<\/span>\n\t\t\t\t\t\t\t\t\t\t\t<\/a>\n\t\t\t\t\t\t\t\t\t<\/div>\n\t\t\t<\/div>\n\t\t\t\t\t\t\t\t<div class=\"qode-aig-image qode-item-space\">\n\t\t\t\t<div class=\"qode-aig-image-inner\">\n\t\t\t\t\t\t\t\t\t\t\t<a itemprop=\"image\" class=\"qode-aig-lightbox\" href=\"https:\/\/docenciamagica.com\/wp-content\/uploads\/2018\/10\/proyectos-2.jpg\" data-rel=\"prettyPhoto[image_gallery_pretty_photo-201]\" title=\"proyectos (2)\">\n\t\t\t\t\t\t\t\t\t\t\t<img loading=\"lazy\" decoding=\"async\" width=\"700\" height=\"525\" src=\"https:\/\/docenciamagica.com\/wp-content\/uploads\/2018\/10\/proyectos-2.jpg\" class=\"attachment-large size-large\" alt=\"proyectos educativos\" srcset=\"https:\/\/docenciamagica.com\/wp-content\/uploads\/2018\/10\/proyectos-2.jpg 700w, https:\/\/docenciamagica.com\/wp-content\/uploads\/2018\/10\/proyectos-2-300x225.jpg 300w\" sizes=\"(max-width: 700px) 100vw, 700px\" \/>\t\t\t\t\t\t<span class=\"aig-gallery-hover\">\n\t\t\t\t\t\t\t\t\t\t\t\t\t<\/span>\n\t\t\t\t\t\t\t\t\t\t\t<\/a>\n\t\t\t\t\t\t\t\t\t<\/div>\n\t\t\t<\/div>\n\t\t\t\t\t\t<\/div>\n<\/div>[\/vc_column][vc_column width=&#8221;1\/6&#8243;][\/vc_column][\/vc_row]<\/p>\n<\/div>","protected":false},"excerpt":{"rendered":"<p>[vc_row css_animation=&#8221;&#8221; row_type=&#8221;row&#8221; use_row_as_full_screen_section=&#8221;no&#8221; type=&#8221;full_width&#8221; angled_section=&#8221;no&#8221; text_align=&#8221;left&#8221; background_image_as_pattern=&#8221;without_pattern&#8221; border_color=&#8221;#1e73be&#8221; css=&#8221;.vc_custom_1538035882031{background-color: #ffffff !important;}&#8221; z_index=&#8221;&#8221;][vc_column width=&#8221;1\/4&#8243;][\/vc_column][vc_column width=&#8221;1\/2&#8243;][\/vc_column][vc_column width=&#8221;1\/4&#8243;][\/vc_column][\/vc_row][vc_row css_animation=&#8221;&#8221; row_type=&#8221;row&#8221; use_row_as_full_screen_section=&#8221;no&#8221; type=&#8221;grid&#8221; angled_section=&#8221;no&#8221; text_align=&#8221;left&#8221; background_image_as_pattern=&#8221;without_pattern&#8221; css=&#8221;.vc_custom_1568841656993{background-image: url(https:\/\/docenciamagica.com\/wp-content\/uploads\/2018\/06\/Oscardelatorre-home02-1.png?id=947) !important;background-position: center !important;background-repeat: no-repeat !important;background-size: cover !important;}&#8221; z_index=&#8221;&#8221;][vc_column width=&#8221;1\/2&#8243; css=&#8221;.vc_custom_1530002216409{margin-top: 100px !important;margin-bottom: 100px !important;}&#8221;][\/vc_column][vc_column width=&#8221;1\/2&#8243; css=&#8221;.vc_custom_1538046567407{background-color: #f4f4f4 !important;}&#8221;][vc_separator type=&#8221;small&#8221; position=&#8221;left&#8221;&#8230;<\/p>\n","protected":false},"author":1,"featured_media":0,"parent":0,"menu_order":0,"comment_status":"closed","ping_status":"closed","template":"full_width.php","meta":{"_exactmetrics_skip_tracking":false,"_exactmetrics_sitenote_active":false,"_exactmetrics_sitenote_note":"","_exactmetrics_sitenote_category":0,"footnotes":""},"translation":{"provider":"WPGlobus","version":"3.0.2","language":"ca","enabled_languages":["es","ca"],"languages":{"es":{"title":true,"content":true,"excerpt":false},"ca":{"title":true,"content":true,"excerpt":false}}},"yoast_head":"<!-- This site is optimized with the Yoast SEO plugin v23.5 - https:\/\/yoast.com\/wordpress\/plugins\/seo\/ -->\n<title>extraescolar trimestral o anual - Docenciamagica<\/title>\n<meta name=\"robots\" content=\"index, follow, max-snippet:-1, max-image-preview:large, max-video-preview:-1\" \/>\n<link rel=\"canonical\" href=\"https:\/\/docenciamagica.com\/ca\/extraescolar\/\" \/>\n<meta property=\"og:locale\" content=\"ca_ES\" \/>\n<meta property=\"og:type\" content=\"article\" \/>\n<meta property=\"og:title\" content=\"extraescolar trimestral o anual - Docenciamagica\" \/>\n<meta property=\"og:url\" content=\"https:\/\/docenciamagica.com\/ca\/extraescolar\/\" \/>\n<meta property=\"og:site_name\" content=\"Docenciamagica\" \/>\n<meta property=\"article:publisher\" content=\"https:\/\/www.facebook.com\/docenciamagica\" \/>\n<meta property=\"article:modified_time\" content=\"2019-09-18T21:21:50+00:00\" \/>\n<meta name=\"twitter:card\" content=\"summary_large_image\" \/>\n<meta name=\"twitter:site\" content=\"@educamagia1\" \/>\n<meta name=\"twitter:label1\" content=\"Est. reading time\" \/>\n\t<meta name=\"twitter:data1\" content=\"5 minutes\" \/>\n<script type=\"application\/ld+json\" class=\"yoast-schema-graph\">{\"@context\":\"https:\/\/schema.org\",\"@graph\":[{\"@type\":\"WebPage\",\"@id\":\"https:\/\/docenciamagica.com\/ca\/extraescolar\/\",\"url\":\"https:\/\/docenciamagica.com\/ca\/extraescolar\/\",\"name\":\"extraescolar trimestral o anual - Docenciamagica\",\"isPartOf\":{\"@id\":\"https:\/\/docenciamagica.com\/#website\"},\"datePublished\":\"2018-05-11T12:58:08+00:00\",\"dateModified\":\"2019-09-18T21:21:50+00:00\",\"breadcrumb\":{\"@id\":\"https:\/\/docenciamagica.com\/ca\/extraescolar\/#breadcrumb\"},\"inLanguage\":\"ca-ES\",\"potentialAction\":[{\"@type\":\"ReadAction\",\"target\":[\"https:\/\/docenciamagica.com\/ca\/extraescolar\/\"]}]},{\"@type\":\"BreadcrumbList\",\"@id\":\"https:\/\/docenciamagica.com\/ca\/extraescolar\/#breadcrumb\",\"itemListElement\":[{\"@type\":\"ListItem\",\"position\":1,\"name\":\"Portada\",\"item\":\"https:\/\/docenciamagica.com\/\"},{\"@type\":\"ListItem\",\"position\":2,\"name\":\"extraescolar trimestral o anual\"}]},{\"@type\":\"WebSite\",\"@id\":\"https:\/\/docenciamagica.com\/#website\",\"url\":\"https:\/\/docenciamagica.com\/\",\"name\":\"Docencia M\u00e1gica\",\"description\":\"La m&agrave;gia com a recurs educatiu\",\"publisher\":{\"@id\":\"https:\/\/docenciamagica.com\/#organization\"},\"potentialAction\":[{\"@type\":\"SearchAction\",\"target\":{\"@type\":\"EntryPoint\",\"urlTemplate\":\"https:\/\/docenciamagica.com\/?s={search_term_string}\"},\"query-input\":{\"@type\":\"PropertyValueSpecification\",\"valueRequired\":true,\"valueName\":\"search_term_string\"}}],\"inLanguage\":\"ca-ES\"},{\"@type\":\"Organization\",\"@id\":\"https:\/\/docenciamagica.com\/#organization\",\"name\":\"Docencia M\u00e1gica\",\"url\":\"https:\/\/docenciamagica.com\/\",\"logo\":{\"@type\":\"ImageObject\",\"inLanguage\":\"ca-ES\",\"@id\":\"https:\/\/docenciamagica.com\/#\/schema\/logo\/image\/\",\"url\":\"https:\/\/docenciamagica.com\/wp-content\/uploads\/2019\/09\/LOGO-web-COLOR-copia.png\",\"contentUrl\":\"https:\/\/docenciamagica.com\/wp-content\/uploads\/2019\/09\/LOGO-web-COLOR-copia.png\",\"width\":400,\"height\":400,\"caption\":\"Docencia M\u00e1gica\"},\"image\":{\"@id\":\"https:\/\/docenciamagica.com\/#\/schema\/logo\/image\/\"},\"sameAs\":[\"https:\/\/www.facebook.com\/docenciamagica\",\"https:\/\/x.com\/educamagia1\",\"https:\/\/www.instagram.com\/docenciamagica1\/\"]}]}<\/script>\n<!-- \/ Yoast SEO plugin. -->","yoast_head_json":{"title":"extraescolar trimestral o anual - Docenciamagica","robots":{"index":"index","follow":"follow","max-snippet":"max-snippet:-1","max-image-preview":"max-image-preview:large","max-video-preview":"max-video-preview:-1"},"canonical":"https:\/\/docenciamagica.com\/ca\/extraescolar\/","og_locale":"ca_ES","og_type":"article","og_title":"extraescolar trimestral o anual - Docenciamagica","og_url":"https:\/\/docenciamagica.com\/ca\/extraescolar\/","og_site_name":"Docenciamagica","article_publisher":"https:\/\/www.facebook.com\/docenciamagica","article_modified_time":"2019-09-18T21:21:50+00:00","twitter_card":"summary_large_image","twitter_site":"@educamagia1","twitter_misc":{"Est. reading time":"5 minutes"},"schema":{"@context":"https:\/\/schema.org","@graph":[{"@type":"WebPage","@id":"https:\/\/docenciamagica.com\/ca\/extraescolar\/","url":"https:\/\/docenciamagica.com\/ca\/extraescolar\/","name":"extraescolar trimestral o anual - Docenciamagica","isPartOf":{"@id":"https:\/\/docenciamagica.com\/#website"},"datePublished":"2018-05-11T12:58:08+00:00","dateModified":"2019-09-18T21:21:50+00:00","breadcrumb":{"@id":"https:\/\/docenciamagica.com\/ca\/extraescolar\/#breadcrumb"},"inLanguage":"ca-ES","potentialAction":[{"@type":"ReadAction","target":["https:\/\/docenciamagica.com\/ca\/extraescolar\/"]}]},{"@type":"BreadcrumbList","@id":"https:\/\/docenciamagica.com\/ca\/extraescolar\/#breadcrumb","itemListElement":[{"@type":"ListItem","position":1,"name":"Portada","item":"https:\/\/docenciamagica.com\/"},{"@type":"ListItem","position":2,"name":"extraescolar trimestral o anual"}]},{"@type":"WebSite","@id":"https:\/\/docenciamagica.com\/#website","url":"https:\/\/docenciamagica.com\/","name":"Docencia M\u00e1gica","description":"La m&agrave;gia com a recurs educatiu","publisher":{"@id":"https:\/\/docenciamagica.com\/#organization"},"potentialAction":[{"@type":"SearchAction","target":{"@type":"EntryPoint","urlTemplate":"https:\/\/docenciamagica.com\/?s={search_term_string}"},"query-input":{"@type":"PropertyValueSpecification","valueRequired":true,"valueName":"search_term_string"}}],"inLanguage":"ca-ES"},{"@type":"Organization","@id":"https:\/\/docenciamagica.com\/#organization","name":"Docencia M\u00e1gica","url":"https:\/\/docenciamagica.com\/","logo":{"@type":"ImageObject","inLanguage":"ca-ES","@id":"https:\/\/docenciamagica.com\/#\/schema\/logo\/image\/","url":"https:\/\/docenciamagica.com\/wp-content\/uploads\/2019\/09\/LOGO-web-COLOR-copia.png","contentUrl":"https:\/\/docenciamagica.com\/wp-content\/uploads\/2019\/09\/LOGO-web-COLOR-copia.png","width":400,"height":400,"caption":"Docencia M\u00e1gica"},"image":{"@id":"https:\/\/docenciamagica.com\/#\/schema\/logo\/image\/"},"sameAs":["https:\/\/www.facebook.com\/docenciamagica","https:\/\/x.com\/educamagia1","https:\/\/www.instagram.com\/docenciamagica1\/"]}]}},"_links":{"self":[{"href":"https:\/\/docenciamagica.com\/ca\/wp-json\/wp\/v2\/pages\/365"}],"collection":[{"href":"https:\/\/docenciamagica.com\/ca\/wp-json\/wp\/v2\/pages"}],"about":[{"href":"https:\/\/docenciamagica.com\/ca\/wp-json\/wp\/v2\/types\/page"}],"author":[{"embeddable":true,"href":"https:\/\/docenciamagica.com\/ca\/wp-json\/wp\/v2\/users\/1"}],"replies":[{"embeddable":true,"href":"https:\/\/docenciamagica.com\/ca\/wp-json\/wp\/v2\/comments?post=365"}],"version-history":[{"count":36,"href":"https:\/\/docenciamagica.com\/ca\/wp-json\/wp\/v2\/pages\/365\/revisions"}],"predecessor-version":[{"id":1544,"href":"https:\/\/docenciamagica.com\/ca\/wp-json\/wp\/v2\/pages\/365\/revisions\/1544"}],"wp:attachment":[{"href":"https:\/\/docenciamagica.com\/ca\/wp-json\/wp\/v2\/media?parent=365"}],"curies":[{"name":"wp","href":"https:\/\/api.w.org\/{rel}","templated":true}]}}