{"id":360,"date":"2018-05-11T12:54:03","date_gmt":"2018-05-11T12:54:03","guid":{"rendered":"https:\/\/educamagia.com\/?page_id=360"},"modified":"2024-02-12T20:54:35","modified_gmt":"2024-02-12T19:54:35","slug":"animacion-infantil","status":"publish","type":"page","link":"https:\/\/docenciamagica.com\/ca\/animacion-infantil\/","title":{"rendered":"animaci\u00f3 infantil"},"content":{"rendered":"<div class=\"wpb-content-wrapper\"><p>[vc_row css_animation=&#8221;&#8221; row_type=&#8221;row&#8221; use_row_as_full_screen_section=&#8221;no&#8221; type=&#8221;full_width&#8221; angled_section=&#8221;no&#8221; text_align=&#8221;left&#8221; background_image_as_pattern=&#8221;without_pattern&#8221; border_color=&#8221;#1e73be&#8221; css=&#8221;.vc_custom_1538042262322{background-color: #ffffff !important;}&#8221; z_index=&#8221;&#8221;][vc_column width=&#8221;1\/4&#8243;][\/vc_column][vc_column width=&#8221;1\/2&#8243;]<div class='q_icon_with_title very_large custom_icon_image center '><div class=\"icon_holder \" style=\"margin: 0px 0px 8px 0px; \"><img decoding=\"async\" style=\"margin: 0px 0px 8px 0px\" src=\"https:\/\/docenciamagica.com\/wp-content\/uploads\/2018\/05\/animacio.png\" alt=\"\"><\/div><div class=\"icon_text_holder\" style=\"\"><div class=\"icon_text_inner\" style=\"\"><h4 class=\"icon_title\" style=\"\">ANIMACI\u00d3 INFANTIL<\/h4><div class=\"separator small left\" style=\"height: 2px;background-color: #ffffff;width: 20px;margin-bottom: 15px;\"><\/div><p style=''>Festa de m\u00e0gia infantil amb efectes molt visuals i molt de color. Comptarem un conte i ballarem tots junts. Aix\u00ed tamb\u00e9 aprofitarem per refor\u00e7ar algunes coses b\u00e0siques en angl\u00e8s<\/p><\/div><\/div><\/div>[\/vc_column][vc_column width=&#8221;1\/4&#8243;][\/vc_column][\/vc_row][vc_row css_animation=&#8221;&#8221; row_type=&#8221;row&#8221; use_row_as_full_screen_section=&#8221;no&#8221; type=&#8221;grid&#8221; header_style=&#8221;light&#8221; angled_section=&#8221;no&#8221; text_align=&#8221;left&#8221; background_image_as_pattern=&#8221;without_pattern&#8221; css=&#8221;.vc_custom_1568985376818{margin-top: 100px !important;padding-top: 100px !important;padding-bottom: 100px !important;background-image: url(https:\/\/docenciamagica.com\/wp-content\/uploads\/2018\/05\/animacion-infantil.png?id=362) !important;background-position: 0 0 !important;background-repeat: no-repeat !important;}&#8221; z_index=&#8221;&#8221;][vc_column width=&#8221;1\/2&#8243; css=&#8221;.vc_custom_1530002216409{margin-top: 100px !important;margin-bottom: 100px !important;}&#8221;][\/vc_column][vc_column width=&#8221;1\/2&#8243; css=&#8221;.vc_custom_1538046383256{background-color: #f4f4f4 !important;}&#8221;][vc_separator type=&#8221;small&#8221; position=&#8221;left&#8221; color=&#8221;#1e73be&#8221; thickness=&#8221;3&#8243;][vc_column_text]<\/p>\n<h1>ANIMACI\u00d3 INFANTIL<\/h1>\n<p>[\/vc_column_text][vc_separator type=&#8221;small&#8221; position=&#8221;left&#8221; color=&#8221;#1e73be&#8221; thickness=&#8221;3&#8243;][vc_column_text]<\/p>\n<h5 class=\"p1\">\ud83c\udfa9 Atenci\u00f3 a tots els nens i nenes! \ud83c\udfa9<br \/>\nEstan llestos per a una aventura m\u00e0gica com cap altra? Benvinguts a la nostra incre\u00efble animaci\u00f3 infantil amb m\u00e0gia! Preparin-se per a una experi\u00e8ncia plena de diversi\u00f3, sorpresa i sorpreses mentre els nostres talentosos mags fan m\u00e0gia en viu just enfront dels seus ulls.<br \/>\n\ud83c\udf88 En aquest emocionant esdeveniment, els m\u00e9s petits seran portats a un m\u00f3n de fantasia on els somnis es fan realitat. Els nostres mags experts no sols realitzaran trucs incre\u00efbles, sin\u00f3 que tamb\u00e9 involucraran als nens en cada pas del cam\u00ed, convertint-los en part de la m\u00e0gia.<br \/>\n\ud83e\udd39\u200d\u2642\ufe0f Des de trucs de desaparici\u00f3 fins a il\u00b7lusions sorprenents, cada moment de l&#8217;espectacle est\u00e0 dissenyat per a mantenir als nens emocionats i entretinguts. I no et preocupis, pares! Els nostres mags asseguren un ambient segur i divertit per a tots els participants.<br \/>\n\ud83c\udf89 Per\u00f2 aix\u00f2 no \u00e9s tot, a m\u00e9s de la m\u00e0gia, tamb\u00e9 hi haur\u00e0 balls, i aparici\u00f3 d&#8217;animals molt peculiars per a mantenir l&#8217;energia alta i els somriures brillants. \u00c9s una festa que els teus fills mai oblidaran!<br \/>\n\ud83c\udf1f No perdis l&#8217;oportunitat de fer que la pr\u00f2xima festa infantil sigui memorable amb la nostra animaci\u00f3 infantil amb m\u00e0gia. Reserva ara i uneix-te a nosaltres per a un dia ple de riures, alegria i, per descomptat, m\u00e0gia! \ud83c\udf89\u2728<br \/>\nIdeal per a guarderies i nens d&#8217;infantil P3-P4-P5 i prim\u00e0ria inicial 1r i 2n.<\/h5>\n<h5>TIPUS DE P\u00daBLIC: Per a nens d&#8217;1 a 5 anys.<\/h5>\n<h5>DURADA: 50 minuts<\/h5>\n<h5>INCLOU: el mag, Roll-*Up de fons, i sonoritzaci\u00f3.<\/h5>\n<h5>PREU: A consultar.<\/h5>\n<p>[\/vc_column_text][vc_row_inner row_type=&#8221;row&#8221; type=&#8221;full_width&#8221; text_align=&#8221;left&#8221; css_animation=&#8221;&#8221;][vc_column_inner width=&#8221;1\/3&#8243;][\/vc_column_inner][vc_column_inner width=&#8221;1\/3&#8243;][vc_separator type=&#8221;transparent&#8221;]<a  itemprop=\"url\" href=\"#\" target=\"_blank\" data-hover-background-color=\"#ffffff\" data-hover-border-color=\"#000000\" data-hover-color=\"#1e73be\" class=\"qbutton  medium center enlarge\" style=\"color: #ffffff; border-color: #000000; background-color:#1e73be;\">DESCARREGAR<i class=\"qode_icon_font_awesome fa fa-arrow-circle-o-down qode_button_icon_element\" style=\"color: #1e73be\"><\/i><\/a>[vc_separator type=&#8221;transparent&#8221;][\/vc_column_inner][vc_column_inner width=&#8221;1\/3&#8243;][\/vc_column_inner][\/vc_row_inner][\/vc_column][\/vc_row][vc_row css_animation=&#8221;&#8221; row_type=&#8221;row&#8221; use_row_as_full_screen_section=&#8221;no&#8221; type=&#8221;full_width&#8221; angled_section=&#8221;no&#8221; text_align=&#8221;left&#8221; background_image_as_pattern=&#8221;without_pattern&#8221; css=&#8221;.vc_custom_1538042335599{background-color: rgba(30,115,190,0.03) !important;*background-color: rgb(30,115,190) !important;}&#8221; z_index=&#8221;&#8221;][vc_column width=&#8221;1\/6&#8243;][\/vc_column][vc_column width=&#8221;2\/3&#8243;][vc_separator type=&#8221;transparent&#8221; up=&#8221;10&#8243;][vc_column_text]<\/p>\n<h3 style=\"text-align: center;\"><span style=\"color: #0000ff;\">GALERIA<\/span><\/h3>\n<p>[\/vc_column_text][vc_separator type=&#8221;transparent&#8221; up=&#8221;10&#8243;]<div class=\"qode-advanced-image-gallery  qode-aig-grid-type qode-medium-space  qode-image-behavior-lightbox \">\n\t<div class=\"qode-aig-inner qode-outer-space qode-aig-grid qode-aig-five-columns\">\n\t\t\t<\/div>\n<\/div>[\/vc_column][vc_column width=&#8221;1\/6&#8243;][\/vc_column][\/vc_row]<\/p>\n<\/div>","protected":false},"excerpt":{"rendered":"<p>[vc_row css_animation=&#8221;&#8221; row_type=&#8221;row&#8221; use_row_as_full_screen_section=&#8221;no&#8221; type=&#8221;full_width&#8221; angled_section=&#8221;no&#8221; text_align=&#8221;left&#8221; background_image_as_pattern=&#8221;without_pattern&#8221; border_color=&#8221;#1e73be&#8221; css=&#8221;.vc_custom_1538042262322{background-color: #ffffff !important;}&#8221; z_index=&#8221;&#8221;][vc_column width=&#8221;1\/4&#8243;][\/vc_column][vc_column width=&#8221;1\/2&#8243;][\/vc_column][vc_column width=&#8221;1\/4&#8243;][\/vc_column][\/vc_row][vc_row css_animation=&#8221;&#8221; row_type=&#8221;row&#8221; use_row_as_full_screen_section=&#8221;no&#8221; type=&#8221;grid&#8221; header_style=&#8221;light&#8221; angled_section=&#8221;no&#8221; text_align=&#8221;left&#8221; background_image_as_pattern=&#8221;without_pattern&#8221; css=&#8221;.vc_custom_1568985376818{margin-top: 100px !important;padding-top: 100px !important;padding-bottom: 100px !important;background-image: url(https:\/\/docenciamagica.com\/wp-content\/uploads\/2018\/05\/animacion-infantil.png?id=362) !important;background-position: 0 0 !important;background-repeat: no-repeat !important;}&#8221; z_index=&#8221;&#8221;][vc_column width=&#8221;1\/2&#8243; css=&#8221;.vc_custom_1530002216409{margin-top: 100px !important;margin-bottom: 100px !important;}&#8221;][\/vc_column][vc_column&#8230;<\/p>\n","protected":false},"author":1,"featured_media":0,"parent":0,"menu_order":0,"comment_status":"closed","ping_status":"open","template":"full_width.php","meta":{"_exactmetrics_skip_tracking":false,"_exactmetrics_sitenote_active":false,"_exactmetrics_sitenote_note":"","_exactmetrics_sitenote_category":0,"footnotes":""},"translation":{"provider":"WPGlobus","version":"3.0.2","language":"ca","enabled_languages":["es","ca"],"languages":{"es":{"title":true,"content":true,"excerpt":false},"ca":{"title":true,"content":true,"excerpt":false}}},"yoast_head":"<!-- This site is optimized with the Yoast SEO plugin v23.5 - https:\/\/yoast.com\/wordpress\/plugins\/seo\/ -->\n<title>animaci\u00f3 infantil - Docenciamagica<\/title>\n<meta name=\"robots\" content=\"index, follow, max-snippet:-1, max-image-preview:large, max-video-preview:-1\" \/>\n<link rel=\"canonical\" href=\"https:\/\/docenciamagica.com\/animacion-infantil\/\" \/>\n<meta property=\"og:locale\" content=\"ca_ES\" \/>\n<meta property=\"og:type\" content=\"article\" \/>\n<meta property=\"og:title\" content=\"animaci\u00f3 infantil - Docenciamagica\" \/>\n<meta property=\"og:url\" content=\"https:\/\/docenciamagica.com\/animacion-infantil\/\" \/>\n<meta property=\"og:site_name\" content=\"Docenciamagica\" \/>\n<meta property=\"article:publisher\" content=\"https:\/\/www.facebook.com\/docenciamagica\" \/>\n<meta property=\"article:modified_time\" content=\"2024-02-12T19:54:35+00:00\" \/>\n<meta name=\"twitter:card\" content=\"summary_large_image\" \/>\n<meta name=\"twitter:site\" content=\"@educamagia1\" \/>\n<meta name=\"twitter:label1\" content=\"Est. reading time\" \/>\n\t<meta name=\"twitter:data1\" content=\"3 minutes\" \/>\n<script type=\"application\/ld+json\" class=\"yoast-schema-graph\">{\"@context\":\"https:\/\/schema.org\",\"@graph\":[{\"@type\":\"WebPage\",\"@id\":\"https:\/\/docenciamagica.com\/animacion-infantil\/\",\"url\":\"https:\/\/docenciamagica.com\/animacion-infantil\/\",\"name\":\"animaci\u00f3 infantil - Docenciamagica\",\"isPartOf\":{\"@id\":\"https:\/\/docenciamagica.com\/#website\"},\"datePublished\":\"2018-05-11T12:54:03+00:00\",\"dateModified\":\"2024-02-12T19:54:35+00:00\",\"breadcrumb\":{\"@id\":\"https:\/\/docenciamagica.com\/animacion-infantil\/#breadcrumb\"},\"inLanguage\":\"ca-ES\",\"potentialAction\":[{\"@type\":\"ReadAction\",\"target\":[\"https:\/\/docenciamagica.com\/animacion-infantil\/\"]}]},{\"@type\":\"BreadcrumbList\",\"@id\":\"https:\/\/docenciamagica.com\/animacion-infantil\/#breadcrumb\",\"itemListElement\":[{\"@type\":\"ListItem\",\"position\":1,\"name\":\"Portada\",\"item\":\"https:\/\/docenciamagica.com\/\"},{\"@type\":\"ListItem\",\"position\":2,\"name\":\"animacion infantil\"}]},{\"@type\":\"WebSite\",\"@id\":\"https:\/\/docenciamagica.com\/#website\",\"url\":\"https:\/\/docenciamagica.com\/\",\"name\":\"Docencia M\u00e1gica\",\"description\":\"La m&agrave;gia com a recurs educatiu\",\"publisher\":{\"@id\":\"https:\/\/docenciamagica.com\/#organization\"},\"potentialAction\":[{\"@type\":\"SearchAction\",\"target\":{\"@type\":\"EntryPoint\",\"urlTemplate\":\"https:\/\/docenciamagica.com\/?s={search_term_string}\"},\"query-input\":{\"@type\":\"PropertyValueSpecification\",\"valueRequired\":true,\"valueName\":\"search_term_string\"}}],\"inLanguage\":\"ca-ES\"},{\"@type\":\"Organization\",\"@id\":\"https:\/\/docenciamagica.com\/#organization\",\"name\":\"Docencia M\u00e1gica\",\"url\":\"https:\/\/docenciamagica.com\/\",\"logo\":{\"@type\":\"ImageObject\",\"inLanguage\":\"ca-ES\",\"@id\":\"https:\/\/docenciamagica.com\/#\/schema\/logo\/image\/\",\"url\":\"https:\/\/docenciamagica.com\/wp-content\/uploads\/2019\/09\/LOGO-web-COLOR-copia.png\",\"contentUrl\":\"https:\/\/docenciamagica.com\/wp-content\/uploads\/2019\/09\/LOGO-web-COLOR-copia.png\",\"width\":400,\"height\":400,\"caption\":\"Docencia M\u00e1gica\"},\"image\":{\"@id\":\"https:\/\/docenciamagica.com\/#\/schema\/logo\/image\/\"},\"sameAs\":[\"https:\/\/www.facebook.com\/docenciamagica\",\"https:\/\/x.com\/educamagia1\",\"https:\/\/www.instagram.com\/docenciamagica1\/\"]}]}<\/script>\n<!-- \/ Yoast SEO plugin. -->","yoast_head_json":{"title":"animaci\u00f3 infantil - Docenciamagica","robots":{"index":"index","follow":"follow","max-snippet":"max-snippet:-1","max-image-preview":"max-image-preview:large","max-video-preview":"max-video-preview:-1"},"canonical":"https:\/\/docenciamagica.com\/animacion-infantil\/","og_locale":"ca_ES","og_type":"article","og_title":"animaci\u00f3 infantil - Docenciamagica","og_url":"https:\/\/docenciamagica.com\/animacion-infantil\/","og_site_name":"Docenciamagica","article_publisher":"https:\/\/www.facebook.com\/docenciamagica","article_modified_time":"2024-02-12T19:54:35+00:00","twitter_card":"summary_large_image","twitter_site":"@educamagia1","twitter_misc":{"Est. reading time":"3 minutes"},"schema":{"@context":"https:\/\/schema.org","@graph":[{"@type":"WebPage","@id":"https:\/\/docenciamagica.com\/animacion-infantil\/","url":"https:\/\/docenciamagica.com\/animacion-infantil\/","name":"animaci\u00f3 infantil - Docenciamagica","isPartOf":{"@id":"https:\/\/docenciamagica.com\/#website"},"datePublished":"2018-05-11T12:54:03+00:00","dateModified":"2024-02-12T19:54:35+00:00","breadcrumb":{"@id":"https:\/\/docenciamagica.com\/animacion-infantil\/#breadcrumb"},"inLanguage":"ca-ES","potentialAction":[{"@type":"ReadAction","target":["https:\/\/docenciamagica.com\/animacion-infantil\/"]}]},{"@type":"BreadcrumbList","@id":"https:\/\/docenciamagica.com\/animacion-infantil\/#breadcrumb","itemListElement":[{"@type":"ListItem","position":1,"name":"Portada","item":"https:\/\/docenciamagica.com\/"},{"@type":"ListItem","position":2,"name":"animacion infantil"}]},{"@type":"WebSite","@id":"https:\/\/docenciamagica.com\/#website","url":"https:\/\/docenciamagica.com\/","name":"Docencia M\u00e1gica","description":"La m&agrave;gia com a recurs educatiu","publisher":{"@id":"https:\/\/docenciamagica.com\/#organization"},"potentialAction":[{"@type":"SearchAction","target":{"@type":"EntryPoint","urlTemplate":"https:\/\/docenciamagica.com\/?s={search_term_string}"},"query-input":{"@type":"PropertyValueSpecification","valueRequired":true,"valueName":"search_term_string"}}],"inLanguage":"ca-ES"},{"@type":"Organization","@id":"https:\/\/docenciamagica.com\/#organization","name":"Docencia M\u00e1gica","url":"https:\/\/docenciamagica.com\/","logo":{"@type":"ImageObject","inLanguage":"ca-ES","@id":"https:\/\/docenciamagica.com\/#\/schema\/logo\/image\/","url":"https:\/\/docenciamagica.com\/wp-content\/uploads\/2019\/09\/LOGO-web-COLOR-copia.png","contentUrl":"https:\/\/docenciamagica.com\/wp-content\/uploads\/2019\/09\/LOGO-web-COLOR-copia.png","width":400,"height":400,"caption":"Docencia M\u00e1gica"},"image":{"@id":"https:\/\/docenciamagica.com\/#\/schema\/logo\/image\/"},"sameAs":["https:\/\/www.facebook.com\/docenciamagica","https:\/\/x.com\/educamagia1","https:\/\/www.instagram.com\/docenciamagica1\/"]}]}},"_links":{"self":[{"href":"https:\/\/docenciamagica.com\/ca\/wp-json\/wp\/v2\/pages\/360"}],"collection":[{"href":"https:\/\/docenciamagica.com\/ca\/wp-json\/wp\/v2\/pages"}],"about":[{"href":"https:\/\/docenciamagica.com\/ca\/wp-json\/wp\/v2\/types\/page"}],"author":[{"embeddable":true,"href":"https:\/\/docenciamagica.com\/ca\/wp-json\/wp\/v2\/users\/1"}],"replies":[{"embeddable":true,"href":"https:\/\/docenciamagica.com\/ca\/wp-json\/wp\/v2\/comments?post=360"}],"version-history":[{"count":65,"href":"https:\/\/docenciamagica.com\/ca\/wp-json\/wp\/v2\/pages\/360\/revisions"}],"predecessor-version":[{"id":1948,"href":"https:\/\/docenciamagica.com\/ca\/wp-json\/wp\/v2\/pages\/360\/revisions\/1948"}],"wp:attachment":[{"href":"https:\/\/docenciamagica.com\/ca\/wp-json\/wp\/v2\/media?parent=360"}],"curies":[{"name":"wp","href":"https:\/\/api.w.org\/{rel}","templated":true}]}}