{"id":339,"date":"2018-05-11T12:23:21","date_gmt":"2018-05-11T12:23:21","guid":{"rendered":"https:\/\/educamagia.com\/?page_id=339"},"modified":"2025-02-10T21:51:37","modified_gmt":"2025-02-10T20:51:37","slug":"magia-educativa","status":"publish","type":"page","link":"https:\/\/docenciamagica.com\/ca\/magia-educativa\/","title":{"rendered":"Magia Educativa"},"content":{"rendered":"<div class=\"wpb-content-wrapper\"><p>[vc_row css_animation=&#8221;&#8221; row_type=&#8221;row&#8221; use_row_as_full_screen_section=&#8221;no&#8221; type=&#8221;grid&#8221; angled_section=&#8221;no&#8221; text_align=&#8221;left&#8221; background_image_as_pattern=&#8221;without_pattern&#8221; css=&#8221;.vc_custom_1491985350860{padding-top: 97px !important;padding-bottom: 80px !important;}&#8221;][vc_column][qode_content_slider enable_drag=&#8221;yes&#8221; direction_nav=&#8221;no&#8221; control_nav=&#8221;yes&#8221; pause_on_hover=&#8221;yes&#8221;][qode_content_slider_item][vc_row_inner row_type=&#8221;row&#8221; type=&#8221;full_width&#8221; text_align=&#8221;left&#8221; css_animation=&#8221;&#8221;][vc_column_inner offset=&#8221;vc_col-lg-4 vc_col-md-4&#8243;][vc_column_text]<\/p>\n<h6>ESPECTACLE I\/O TALLER<\/h6>\n<p>[\/vc_column_text][vc_empty_space height=&#8221;7px&#8221;][vc_column_text]<\/p>\n<h2>ELS MISTERIS DE<\/h2>\n<h2>L&#8217;AIGUA M\u00c0GICA<\/h2>\n<p>[\/vc_column_text][vc_empty_space height=&#8221;21px&#8221;][vc_column_text]Espectacle educatiu on parlarem de l&#8217;aigua i les seves propietats. Tamb\u00e9 convertirem als nens en aprenents de mags. Ideal per a alumnes de prim\u00e0ria cicle inicial i mitj\u00e0.[\/vc_column_text][vc_empty_space height=&#8221;30px&#8221;]\n\n\t<a href=\"https:\/\/docenciamagica.com\/ca\/agua-magica\" target=\"_blank\" style=\"font-size: 12px\" class=\"qode-btn qode-btn-medium qode-btn-solid qode-btn-icon qode-btn-icon-square qode-btn-icon-rotate\"  >\n\t    <span class=\"qode-btn-text\">M\u00e1s Informaci\u00f3n<\/span><span class=\"qode-button-v2-icon-holder\" style=\"font-size: 16px\" ><span aria-hidden=\"true\" class=\"qode_icon_font_elegant arrow_carrot-right_alt2 qode-button-v2-icon-holder-inner\" ><\/span><\/span>\t<\/a>\n\n[vc_empty_space height=&#8221;40px&#8221;][\/vc_column_inner][vc_column_inner offset=&#8221;vc_col-lg-8 vc_col-md-8&#8243;][vc_empty_space height=&#8221;7px&#8221;][vc_single_image image=&#8221;492&#8243; img_size=&#8221;medium&#8221; alignment=&#8221;center&#8221; qode_css_animation=&#8221;&#8221; qode_hover_animation=&#8221;zoom_in&#8221;][vc_empty_space height=&#8221;40px&#8221;][\/vc_column_inner][\/vc_row_inner][\/qode_content_slider_item][qode_content_slider_item][vc_row_inner row_type=&#8221;row&#8221; type=&#8221;full_width&#8221; text_align=&#8221;left&#8221; css_animation=&#8221;&#8221;][vc_column_inner width=&#8221;1\/2&#8243;][vc_column_text]<\/p>\n<h6>ESPECTACLE<\/h6>\n<p>[\/vc_column_text][vc_empty_space height=&#8221;7px&#8221;][vc_column_text]<\/p>\n<h2>TALLER DE<\/h2>\n<h2>MATEM\u00c0GIA<\/h2>\n<p>[\/vc_column_text][vc_empty_space height=&#8221;21px&#8221;][vc_column_text]Descobreix m\u00e9s coses sobre l&#8217;il\u00b7lusionisme i apr\u00e8n ha fer m\u00e0gia amb les matem\u00e0tiques. Ideal per a alumnes de prim\u00e0ria cicle superior.[\/vc_column_text][vc_empty_space height=&#8221;30px&#8221;]\n\n\t<a href=\"https:\/\/docenciamagica.com\/ca\/entrevista-magica\" target=\"_blank\" style=\"font-size: 12px\" class=\"qode-btn qode-btn-medium qode-btn-solid qode-btn-icon qode-btn-icon-square qode-btn-icon-rotate\"  >\n\t    <span class=\"qode-btn-text\">M\u00e1s informaci\u00f3n<\/span><span class=\"qode-button-v2-icon-holder\" style=\"font-size: 16px\" ><span aria-hidden=\"true\" class=\"qode_icon_font_elegant arrow_carrot-right_alt2 qode-button-v2-icon-holder-inner\" ><\/span><\/span>\t<\/a>\n\n[vc_empty_space height=&#8221;40px&#8221;][\/vc_column_inner][vc_column_inner width=&#8221;1\/2&#8243;][vc_empty_space height=&#8221;7px&#8221;][vc_single_image image=&#8221;484&#8243; img_size=&#8221;medium&#8221; alignment=&#8221;center&#8221; qode_css_animation=&#8221;&#8221; qode_hover_animation=&#8221;zoom_in&#8221;][vc_empty_space height=&#8221;40px&#8221;][\/vc_column_inner][\/vc_row_inner][\/qode_content_slider_item][qode_content_slider_item][vc_row_inner row_type=&#8221;row&#8221; type=&#8221;full_width&#8221; text_align=&#8221;left&#8221; css_animation=&#8221;&#8221;][vc_column_inner offset=&#8221;vc_col-lg-4 vc_col-md-4&#8243;][vc_column_text]<\/p>\n<h6>ESPECTACLE<\/h6>\n<p>[\/vc_column_text][vc_empty_space height=&#8221;7px&#8221;][vc_column_text]<\/p>\n<h2>ANIMACI\u00d3<\/h2>\n<h2>INFANTIL<\/h2>\n<p>[\/vc_column_text][vc_empty_space height=&#8221;21px&#8221;][vc_column_text]Festa de m\u00e0gia infantil amb efectes molt visuals i molt colorit. Contarem un conte i ballarem tots plegats. Aix\u00ed tamb\u00e9 aprofitarem per refor\u00e7ar algunes coses b\u00e0siques en angl\u00e8s. Ideal per a alumnes d&#8217;educaci\u00f3 infantil primer i segon cicle.[\/vc_column_text][vc_empty_space height=&#8221;30px&#8221;]\n\n\t<a href=\"https:\/\/docenciamagica.com\/animacion-infantil\" target=\"_blank\" style=\"font-size: 12px\" class=\"qode-btn qode-btn-medium qode-btn-solid qode-btn-icon qode-btn-icon-square qode-btn-icon-rotate\"  >\n\t    <span class=\"qode-btn-text\">M\u00e1s informaci\u00f3n<\/span><span class=\"qode-button-v2-icon-holder\" style=\"font-size: 16px\" ><span aria-hidden=\"true\" class=\"qode_icon_font_elegant arrow_carrot-right_alt2 qode-button-v2-icon-holder-inner\" ><\/span><\/span>\t<\/a>\n\n[vc_empty_space height=&#8221;40px&#8221;][\/vc_column_inner][vc_column_inner offset=&#8221;vc_col-lg-8 vc_col-md-8&#8243;][vc_empty_space height=&#8221;7px&#8221;][vc_single_image image=&#8221;481&#8243; img_size=&#8221;medium&#8221; alignment=&#8221;center&#8221; qode_css_animation=&#8221;&#8221; qode_hover_animation=&#8221;zoom_in&#8221;][vc_empty_space height=&#8221;40px&#8221;][\/vc_column_inner][\/vc_row_inner][\/qode_content_slider_item][\/qode_content_slider][\/vc_column][\/vc_row][vc_row css_animation=&#8221;&#8221; row_type=&#8221;row&#8221; use_row_as_full_screen_section=&#8221;no&#8221; type=&#8221;grid&#8221; angled_section=&#8221;no&#8221; text_align=&#8221;left&#8221; background_image_as_pattern=&#8221;without_pattern&#8221; background_color=&#8221;rgba(0,92,191,0.03)&#8221; css=&#8221;.vc_custom_1527526346002{padding-top: 97px !important;padding-bottom: 80px !important;}&#8221; z_index=&#8221;&#8221;][vc_column][qode_content_slider auto_rotate=&#8221;5&#8243; enable_drag=&#8221;yes&#8221; direction_nav=&#8221;no&#8221; control_nav=&#8221;yes&#8221; pause_on_hover=&#8221;no&#8221;][qode_content_slider_item][vc_row_inner row_type=&#8221;row&#8221; type=&#8221;full_width&#8221; text_align=&#8221;left&#8221; css_animation=&#8221;&#8221;][vc_column_inner offset=&#8221;vc_col-lg-4 vc_col-md-4&#8243;][vc_column_text]<\/p>\n<h6>CONFER\u00c8NCIA<\/h6>\n<p>[\/vc_column_text][vc_empty_space height=&#8221;7px&#8221;][vc_column_text]<\/p>\n<h2>LA M\u00c0GIA, IL\u00b7LUSI\u00d3 FETA REALITAT<\/h2>\n<p>[\/vc_column_text][vc_empty_space height=&#8221;21px&#8221;][vc_column_text]Confer\u00e8ncia de m\u00e0gia, on parlarem dels valors, la por i la import\u00e0ncia de la presa de decisions. Ideal per a alumnes de secund\u00e0ria, programes de formaci\u00f3 i inserci\u00f3, batxillerat, formaci\u00f3 professional i universitats.<\/p>\n<p><span id=\"result_box\" class=\"\" lang=\"ca\"><span class=\"\">\u00a0<\/span><\/span>[\/vc_column_text][vc_empty_space height=&#8221;30px&#8221;]\n\n\t<a href=\"https:\/\/docenciamagica.com\/ca\/conferencia-magia\" target=\"_blank\" style=\"font-size: 12px\" class=\"qode-btn qode-btn-medium qode-btn-solid qode-btn-icon qode-btn-icon-square qode-btn-icon-rotate\"  >\n\t    <span class=\"qode-btn-text\">M\u00e1s informaci\u00f3n<\/span><span class=\"qode-button-v2-icon-holder\" style=\"font-size: 16px\" ><span aria-hidden=\"true\" class=\"qode_icon_font_elegant arrow_carrot-right_alt2 qode-button-v2-icon-holder-inner\" ><\/span><\/span>\t<\/a>\n\n[vc_empty_space height=&#8221;40px&#8221;][\/vc_column_inner][vc_column_inner offset=&#8221;vc_col-lg-8 vc_col-md-8&#8243;][vc_empty_space height=&#8221;7px&#8221;][vc_single_image image=&#8221;493&#8243; img_size=&#8221;medium&#8221; alignment=&#8221;center&#8221; qode_css_animation=&#8221;&#8221; qode_hover_animation=&#8221;zoom_in&#8221;][vc_empty_space height=&#8221;40px&#8221;][\/vc_column_inner][\/vc_row_inner][\/qode_content_slider_item][qode_content_slider_item][vc_row_inner row_type=&#8221;row&#8221; type=&#8221;full_width&#8221; text_align=&#8221;left&#8221; css_animation=&#8221;&#8221;][vc_column_inner offset=&#8221;vc_col-lg-4 vc_col-md-4&#8243;][vc_column_text]<\/p>\n<h6>TALLERS<\/h6>\n<p>[\/vc_column_text][vc_empty_space height=&#8221;7px&#8221;][vc_column_text]<\/p>\n<h2>EXTRAESCOLAR TRIMESTRAL O WORKSHOP<\/h2>\n<p>[\/vc_column_text][vc_empty_space height=&#8221;21px&#8221;][vc_column_text]Els nens aprendran a fer m\u00e0gia, amb l&#8217;objectiu de potenciar la seva autoestima i els seus valors. Ideal per a alumnes de prim\u00e0ria de 7 a 12 anys i alumnes d\u2019educaci\u00f3 especial.[\/vc_column_text][vc_empty_space height=&#8221;30px&#8221;]\n\n\t<a href=\"https:\/\/docenciamagica.com\/ca\/extraescolar\" target=\"_blank\" style=\"font-size: 12px\" class=\"qode-btn qode-btn-medium qode-btn-solid qode-btn-icon qode-btn-icon-square qode-btn-icon-rotate\"  >\n\t    <span class=\"qode-btn-text\">M\u00e1s Informaci\u00f3n<\/span><span class=\"qode-button-v2-icon-holder\" style=\"font-size: 16px\" ><span aria-hidden=\"true\" class=\"qode_icon_font_elegant arrow_carrot-right_alt2 qode-button-v2-icon-holder-inner\" ><\/span><\/span>\t<\/a>\n\n[vc_empty_space height=&#8221;40px&#8221;][\/vc_column_inner][vc_column_inner offset=&#8221;vc_col-lg-8 vc_col-md-8&#8243;][vc_empty_space height=&#8221;7px&#8221;][vc_single_image image=&#8221;497&#8243; img_size=&#8221;medium&#8221; alignment=&#8221;center&#8221; qode_css_animation=&#8221;&#8221; qode_hover_animation=&#8221;zoom_in&#8221;][vc_empty_space height=&#8221;40px&#8221;][\/vc_column_inner][\/vc_row_inner][\/qode_content_slider_item][qode_content_slider_item][vc_row_inner row_type=&#8221;row&#8221; type=&#8221;full_width&#8221; text_align=&#8221;left&#8221; css_animation=&#8221;&#8221;][vc_column_inner width=&#8221;1\/2&#8243;][vc_column_text]<\/p>\n<h6>ESPECTACLE I\/O\u00a0 TALLER<\/h6>\n<p>[\/vc_column_text][vc_empty_space height=&#8221;7px&#8221;][vc_column_text]<\/p>\n<h2>ADAPTACI\u00d3 DE PROJECTES EDUCATIUS<\/h2>\n<p>[\/vc_column_text][vc_empty_space height=&#8221;21px&#8221;][vc_column_text]Personalitzem els projectes pedag\u00f2gics de l&#8217;escola en tallers de m\u00e0gia. Ideal per a alumnes de prim\u00e0ria, secund\u00e0ria, programes de formaci\u00f3 i inserci\u00f3, batxillerat, formaci\u00f3 professional i educaci\u00f3 especial.<\/p>\n<p><span id=\"result_box\" class=\"\" lang=\"ca\"><span class=\"\">\u00a0<\/span><\/span>[\/vc_column_text][vc_empty_space height=&#8221;30px&#8221;]\n\n\t<a href=\"https:\/\/docenciamagica.com\/ca\/proyectos-educativos\/\" target=\"_blank\" style=\"font-size: 12px\" class=\"qode-btn qode-btn-medium qode-btn-solid qode-btn-icon qode-btn-icon-square qode-btn-icon-rotate\"  >\n\t    <span class=\"qode-btn-text\">M\u00e1s informaci\u00f3n<\/span><span class=\"qode-button-v2-icon-holder\" style=\"font-size: 16px\" ><span aria-hidden=\"true\" class=\"qode_icon_font_elegant arrow_carrot-right_alt2 qode-button-v2-icon-holder-inner\" ><\/span><\/span>\t<\/a>\n\n[vc_empty_space height=&#8221;40px&#8221;][\/vc_column_inner][vc_column_inner width=&#8221;1\/2&#8243;][vc_empty_space height=&#8221;7px&#8221;][vc_single_image image=&#8221;482&#8243; img_size=&#8221;medium&#8221; alignment=&#8221;center&#8221; qode_css_animation=&#8221;&#8221; qode_hover_animation=&#8221;zoom_in&#8221;][vc_empty_space height=&#8221;40px&#8221;][\/vc_column_inner][\/vc_row_inner][\/qode_content_slider_item][\/qode_content_slider][\/vc_column][\/vc_row][vc_row css_animation=&#8221;&#8221; row_type=&#8221;row&#8221; use_row_as_full_screen_section=&#8221;no&#8221; type=&#8221;full_width&#8221; angled_section=&#8221;no&#8221; text_align=&#8221;left&#8221; background_image_as_pattern=&#8221;without_pattern&#8221;][vc_column][vc_separator type=&#8221;normal&#8221; color=&#8221;#1e73be&#8221; up=&#8221;2&#8243;][\/vc_column][\/vc_row][vc_row css_animation=&#8221;&#8221; row_type=&#8221;row&#8221; use_row_as_full_screen_section=&#8221;no&#8221; type=&#8221;full_width&#8221; angled_section=&#8221;no&#8221; text_align=&#8221;left&#8221; background_image_as_pattern=&#8221;without_pattern&#8221;][vc_column width=&#8221;1\/6&#8243;][\/vc_column][vc_column width=&#8221;2\/3&#8243;][vc_row_inner row_type=&#8221;row&#8221; type=&#8221;full_width&#8221; text_align=&#8221;center&#8221; css_animation=&#8221;&#8221;][vc_column_inner width=&#8221;1\/3&#8243;][vc_single_image image=&#8221;608&#8243; img_size=&#8221;200&#215;200&#8243; alignment=&#8221;center&#8221; onclick=&#8221;custom_link&#8221; qode_css_animation=&#8221;&#8221; qode_hover_animation=&#8221;zoom_in&#8221; link=&#8221;https:\/\/docenciamagica.com\/ca\/agua-magica\/&#8221;][vc_separator type=&#8221;transparent&#8221; up=&#8221;5&#8243;][vc_column_text]<\/p>\n<h3 style=\"text-align: center;\">ELS MISTERIS DE<\/h3>\n<h3 style=\"text-align: center;\">L&#8217;AIGUA M\u00c0GICA<\/h3>\n<p>[\/vc_column_text][vc_separator type=&#8221;transparent&#8221; up=&#8221;10&#8243;][vc_column_text]<\/p>\n<h5>Espectacle educatiu on parlarem de l&#8217;aigua i les seves propietats\u2026<\/h5>\n<p>[\/vc_column_text][vc_separator type=&#8221;transparent&#8221; up=&#8221;10&#8243;][\/vc_column_inner][vc_column_inner width=&#8221;1\/3&#8243;][vc_single_image image=&#8221;610&#8243; img_size=&#8221;200&#215;200&#8243; alignment=&#8221;center&#8221; onclick=&#8221;custom_link&#8221; qode_css_animation=&#8221;&#8221; qode_hover_animation=&#8221;zoom_in&#8221; link=&#8221;https:\/\/docenciamagica.com\/ca\/animacion-infantil\/&#8221;][vc_separator type=&#8221;transparent&#8221; up=&#8221;5&#8243;][vc_column_text]<\/p>\n<h3 style=\"text-align: center;\">ANIMACI\u00d3<\/h3>\n<h3 style=\"text-align: center;\">INFANTIL<\/h3>\n<p>[\/vc_column_text][vc_separator type=&#8221;transparent&#8221; up=&#8221;10&#8243;][vc_column_text]<\/p>\n<h5>Festa de m\u00e0gia infantil, amb efectes molt visuals i amb molt color\u2026<\/h5>\n<p>[\/vc_column_text][vc_separator type=&#8221;transparent&#8221; up=&#8221;10&#8243;][\/vc_column_inner][vc_column_inner width=&#8221;1\/3&#8243;][vc_single_image image=&#8221;611&#8243; img_size=&#8221;200&#215;200&#8243; alignment=&#8221;center&#8221; onclick=&#8221;custom_link&#8221; qode_css_animation=&#8221;&#8221; qode_hover_animation=&#8221;zoom_in&#8221; link=&#8221;https:\/\/docenciamagica.com\/ca\/conferencia-magia\/&#8221;][vc_separator type=&#8221;transparent&#8221; up=&#8221;5&#8243;][vc_column_text]<\/p>\n<h3 style=\"text-align: center;\">CONFER\u00c8NCIA &#8220;LA M\u00c0GIA, IL\u00b7LUSI\u00d3 FETA REALITAT&#8221;<\/h3>\n<p>[\/vc_column_text][vc_separator type=&#8221;transparent&#8221; up=&#8221;10&#8243;][vc_column_text]<\/p>\n<h5><span id=\"result_box\" class=\"\" lang=\"ca\"><span class=\"\">P<\/span>arlem de l&#8217;il\u00b7lusionisme, la por i la import\u00e0ncia de la presa de <span class=\"\">decisions.<\/span><\/span><\/h5>\n<p>[\/vc_column_text][vc_separator type=&#8221;transparent&#8221; up=&#8221;10&#8243;][\/vc_column_inner][\/vc_row_inner][\/vc_column][vc_column width=&#8221;1\/6&#8243;][\/vc_column][\/vc_row][vc_row css_animation=&#8221;&#8221; row_type=&#8221;row&#8221; use_row_as_full_screen_section=&#8221;no&#8221; type=&#8221;full_width&#8221; angled_section=&#8221;no&#8221; text_align=&#8221;center&#8221; background_image_as_pattern=&#8221;without_pattern&#8221; z_index=&#8221;&#8221;][vc_column width=&#8221;1\/6&#8243;][\/vc_column][vc_column width=&#8221;2\/3&#8243;][vc_row_inner row_type=&#8221;row&#8221; type=&#8221;full_width&#8221; text_align=&#8221;left&#8221; css_animation=&#8221;&#8221;][vc_column_inner width=&#8221;1\/3&#8243;][vc_single_image image=&#8221;615&#8243; img_size=&#8221;200&#215;200&#8243; alignment=&#8221;center&#8221; onclick=&#8221;custom_link&#8221; qode_css_animation=&#8221;&#8221; qode_hover_animation=&#8221;zoom_in&#8221; link=&#8221;https:\/\/docenciamagica.com\/ca\/extraescolar\/&#8221;][vc_separator type=&#8221;transparent&#8221; up=&#8221;5&#8243;][vc_column_text]<\/p>\n<h3 style=\"text-align: center;\">EXTRAESCOLAR, TRIMESTRAL O WORKSHOP<\/h3>\n<p>[\/vc_column_text][vc_separator type=&#8221;transparent&#8221; up=&#8221;10&#8243;][vc_column_text]<\/p>\n<h5 style=\"text-align: center;\">Potenciar l&#8217;autoestima i els valors del nen\/a, fabricant els seus propis jocs de m\u00e0gia.<\/h5>\n<p>[\/vc_column_text][vc_separator type=&#8221;transparent&#8221; up=&#8221;10&#8243;][\/vc_column_inner][vc_column_inner width=&#8221;1\/3&#8243;][vc_single_image image=&#8221;616&#8243; img_size=&#8221;200&#215;200&#8243; alignment=&#8221;center&#8221; onclick=&#8221;custom_link&#8221; qode_css_animation=&#8221;&#8221; qode_hover_animation=&#8221;zoom_in&#8221; link=&#8221;https:\/\/docenciamagica.com\/ca\/entrevista-magica\/&#8221;][vc_separator type=&#8221;transparent&#8221; up=&#8221;5&#8243;][vc_column_text]<\/p>\n<h3 style=\"text-align: center;\">TALLER DE<\/h3>\n<h3 style=\"text-align: center;\">MATEM\u00c0GIA<\/h3>\n<p>[\/vc_column_text][vc_separator type=&#8221;transparent&#8221; up=&#8221;10&#8243;][vc_column_text]<\/p>\n<h5 style=\"text-align: center;\">Descobreix l&#8217;il\u00b7lusionisme i apr\u00e8n a fer m\u00e0gia amb les matem\u00e0tiques.<\/h5>\n<p>[\/vc_column_text][vc_separator type=&#8221;transparent&#8221; up=&#8221;10&#8243;][\/vc_column_inner][vc_column_inner width=&#8221;1\/3&#8243;][vc_single_image image=&#8221;641&#8243; img_size=&#8221;200&#215;200&#8243; alignment=&#8221;center&#8221; onclick=&#8221;custom_link&#8221; qode_css_animation=&#8221;&#8221; qode_hover_animation=&#8221;zoom_in&#8221; link=&#8221;https:\/\/docenciamagica.com\/ca\/proyectos-educativos\/&#8221;][vc_separator type=&#8221;transparent&#8221; up=&#8221;5&#8243;][vc_column_text]<\/p>\n<h3 style=\"text-align: center;\">ADAPTACI\u00d3 DE<\/h3>\n<h3 style=\"text-align: center;\">PROJECTES EDUCATIUS<\/h3>\n<p>[\/vc_column_text][vc_separator type=&#8221;transparent&#8221; up=&#8221;10&#8243;][vc_column_text]<\/p>\n<h5 style=\"text-align: center;\">Personalitzem els projectes pedag\u00f2gics de l&#8217;escola en tallers de m\u00e0gia.<\/h5>\n<p>[\/vc_column_text][vc_separator type=&#8221;transparent&#8221; up=&#8221;10&#8243;][\/vc_column_inner][\/vc_row_inner][\/vc_column][vc_column width=&#8221;1\/6&#8243;][\/vc_column][\/vc_row][vc_column][\/vc_column]<\/p>\n<\/div>","protected":false},"excerpt":{"rendered":"<p>[vc_row css_animation=&#8221;&#8221; row_type=&#8221;row&#8221; use_row_as_full_screen_section=&#8221;no&#8221; type=&#8221;grid&#8221; angled_section=&#8221;no&#8221; text_align=&#8221;left&#8221; background_image_as_pattern=&#8221;without_pattern&#8221; css=&#8221;.vc_custom_1491985350860{padding-top: 97px !important;padding-bottom: 80px !important;}&#8221;][vc_column][qode_content_slider enable_drag=&#8221;yes&#8221; direction_nav=&#8221;no&#8221; control_nav=&#8221;yes&#8221; pause_on_hover=&#8221;yes&#8221;][qode_content_slider_item][vc_row_inner row_type=&#8221;row&#8221; type=&#8221;full_width&#8221; text_align=&#8221;left&#8221; css_animation=&#8221;&#8221;][vc_column_inner offset=&#8221;vc_col-lg-4 vc_col-md-4&#8243;][vc_column_text] ESPECTACLE I\/O TALLER [\/vc_column_text][vc_empty_space height=&#8221;7px&#8221;][vc_column_text] ELS MISTERIS DE L&#8217;AIGUA M\u00c0GICA [\/vc_column_text][vc_empty_space height=&#8221;21px&#8221;][vc_column_text]Espectacle educatiu on parlarem de l&#8217;aigua i les seves propietats. Tamb\u00e9&#8230;<\/p>\n","protected":false},"author":1,"featured_media":0,"parent":0,"menu_order":0,"comment_status":"closed","ping_status":"closed","template":"full_width.php","meta":{"_exactmetrics_skip_tracking":false,"_exactmetrics_sitenote_active":false,"_exactmetrics_sitenote_note":"","_exactmetrics_sitenote_category":0,"footnotes":""},"translation":{"provider":"WPGlobus","version":"3.0.2","language":"ca","enabled_languages":["es","ca"],"languages":{"es":{"title":true,"content":true,"excerpt":false},"ca":{"title":true,"content":true,"excerpt":false}}},"yoast_head":"<!-- This site is optimized with the Yoast SEO plugin v23.5 - https:\/\/yoast.com\/wordpress\/plugins\/seo\/ -->\n<title>Magia Educativa - Docenciamagica<\/title>\n<meta name=\"robots\" content=\"index, follow, max-snippet:-1, max-image-preview:large, max-video-preview:-1\" \/>\n<link rel=\"canonical\" href=\"https:\/\/docenciamagica.com\/magia-educativa\/\" \/>\n<meta property=\"og:locale\" content=\"ca_ES\" \/>\n<meta property=\"og:type\" content=\"article\" \/>\n<meta property=\"og:title\" content=\"Magia Educativa - Docenciamagica\" \/>\n<meta property=\"og:url\" content=\"https:\/\/docenciamagica.com\/magia-educativa\/\" \/>\n<meta property=\"og:site_name\" content=\"Docenciamagica\" \/>\n<meta property=\"article:publisher\" content=\"https:\/\/www.facebook.com\/docenciamagica\" \/>\n<meta property=\"article:modified_time\" content=\"2025-02-10T20:51:37+00:00\" \/>\n<meta name=\"twitter:card\" content=\"summary_large_image\" \/>\n<meta name=\"twitter:site\" content=\"@educamagia1\" \/>\n<meta name=\"twitter:label1\" content=\"Est. reading time\" \/>\n\t<meta name=\"twitter:data1\" content=\"4 minutes\" \/>\n<script type=\"application\/ld+json\" class=\"yoast-schema-graph\">{\"@context\":\"https:\/\/schema.org\",\"@graph\":[{\"@type\":\"WebPage\",\"@id\":\"https:\/\/docenciamagica.com\/magia-educativa\/\",\"url\":\"https:\/\/docenciamagica.com\/magia-educativa\/\",\"name\":\"Magia Educativa - Docenciamagica\",\"isPartOf\":{\"@id\":\"https:\/\/docenciamagica.com\/#website\"},\"datePublished\":\"2018-05-11T12:23:21+00:00\",\"dateModified\":\"2025-02-10T20:51:37+00:00\",\"breadcrumb\":{\"@id\":\"https:\/\/docenciamagica.com\/magia-educativa\/#breadcrumb\"},\"inLanguage\":\"ca-ES\",\"potentialAction\":[{\"@type\":\"ReadAction\",\"target\":[\"https:\/\/docenciamagica.com\/magia-educativa\/\"]}]},{\"@type\":\"BreadcrumbList\",\"@id\":\"https:\/\/docenciamagica.com\/magia-educativa\/#breadcrumb\",\"itemListElement\":[{\"@type\":\"ListItem\",\"position\":1,\"name\":\"Portada\",\"item\":\"https:\/\/docenciamagica.com\/\"},{\"@type\":\"ListItem\",\"position\":2,\"name\":\"Docencia M\u00e1gica\"}]},{\"@type\":\"WebSite\",\"@id\":\"https:\/\/docenciamagica.com\/#website\",\"url\":\"https:\/\/docenciamagica.com\/\",\"name\":\"Docencia M\u00e1gica\",\"description\":\"La m&agrave;gia com a recurs educatiu\",\"publisher\":{\"@id\":\"https:\/\/docenciamagica.com\/#organization\"},\"potentialAction\":[{\"@type\":\"SearchAction\",\"target\":{\"@type\":\"EntryPoint\",\"urlTemplate\":\"https:\/\/docenciamagica.com\/?s={search_term_string}\"},\"query-input\":{\"@type\":\"PropertyValueSpecification\",\"valueRequired\":true,\"valueName\":\"search_term_string\"}}],\"inLanguage\":\"ca-ES\"},{\"@type\":\"Organization\",\"@id\":\"https:\/\/docenciamagica.com\/#organization\",\"name\":\"Docencia M\u00e1gica\",\"url\":\"https:\/\/docenciamagica.com\/\",\"logo\":{\"@type\":\"ImageObject\",\"inLanguage\":\"ca-ES\",\"@id\":\"https:\/\/docenciamagica.com\/#\/schema\/logo\/image\/\",\"url\":\"https:\/\/docenciamagica.com\/wp-content\/uploads\/2019\/09\/LOGO-web-COLOR-copia.png\",\"contentUrl\":\"https:\/\/docenciamagica.com\/wp-content\/uploads\/2019\/09\/LOGO-web-COLOR-copia.png\",\"width\":400,\"height\":400,\"caption\":\"Docencia M\u00e1gica\"},\"image\":{\"@id\":\"https:\/\/docenciamagica.com\/#\/schema\/logo\/image\/\"},\"sameAs\":[\"https:\/\/www.facebook.com\/docenciamagica\",\"https:\/\/x.com\/educamagia1\",\"https:\/\/www.instagram.com\/docenciamagica1\/\"]}]}<\/script>\n<!-- \/ Yoast SEO plugin. -->","yoast_head_json":{"title":"Magia Educativa - Docenciamagica","robots":{"index":"index","follow":"follow","max-snippet":"max-snippet:-1","max-image-preview":"max-image-preview:large","max-video-preview":"max-video-preview:-1"},"canonical":"https:\/\/docenciamagica.com\/magia-educativa\/","og_locale":"ca_ES","og_type":"article","og_title":"Magia Educativa - Docenciamagica","og_url":"https:\/\/docenciamagica.com\/magia-educativa\/","og_site_name":"Docenciamagica","article_publisher":"https:\/\/www.facebook.com\/docenciamagica","article_modified_time":"2025-02-10T20:51:37+00:00","twitter_card":"summary_large_image","twitter_site":"@educamagia1","twitter_misc":{"Est. reading time":"4 minutes"},"schema":{"@context":"https:\/\/schema.org","@graph":[{"@type":"WebPage","@id":"https:\/\/docenciamagica.com\/magia-educativa\/","url":"https:\/\/docenciamagica.com\/magia-educativa\/","name":"Magia Educativa - Docenciamagica","isPartOf":{"@id":"https:\/\/docenciamagica.com\/#website"},"datePublished":"2018-05-11T12:23:21+00:00","dateModified":"2025-02-10T20:51:37+00:00","breadcrumb":{"@id":"https:\/\/docenciamagica.com\/magia-educativa\/#breadcrumb"},"inLanguage":"ca-ES","potentialAction":[{"@type":"ReadAction","target":["https:\/\/docenciamagica.com\/magia-educativa\/"]}]},{"@type":"BreadcrumbList","@id":"https:\/\/docenciamagica.com\/magia-educativa\/#breadcrumb","itemListElement":[{"@type":"ListItem","position":1,"name":"Portada","item":"https:\/\/docenciamagica.com\/"},{"@type":"ListItem","position":2,"name":"Docencia M\u00e1gica"}]},{"@type":"WebSite","@id":"https:\/\/docenciamagica.com\/#website","url":"https:\/\/docenciamagica.com\/","name":"Docencia M\u00e1gica","description":"La m&agrave;gia com a recurs educatiu","publisher":{"@id":"https:\/\/docenciamagica.com\/#organization"},"potentialAction":[{"@type":"SearchAction","target":{"@type":"EntryPoint","urlTemplate":"https:\/\/docenciamagica.com\/?s={search_term_string}"},"query-input":{"@type":"PropertyValueSpecification","valueRequired":true,"valueName":"search_term_string"}}],"inLanguage":"ca-ES"},{"@type":"Organization","@id":"https:\/\/docenciamagica.com\/#organization","name":"Docencia M\u00e1gica","url":"https:\/\/docenciamagica.com\/","logo":{"@type":"ImageObject","inLanguage":"ca-ES","@id":"https:\/\/docenciamagica.com\/#\/schema\/logo\/image\/","url":"https:\/\/docenciamagica.com\/wp-content\/uploads\/2019\/09\/LOGO-web-COLOR-copia.png","contentUrl":"https:\/\/docenciamagica.com\/wp-content\/uploads\/2019\/09\/LOGO-web-COLOR-copia.png","width":400,"height":400,"caption":"Docencia M\u00e1gica"},"image":{"@id":"https:\/\/docenciamagica.com\/#\/schema\/logo\/image\/"},"sameAs":["https:\/\/www.facebook.com\/docenciamagica","https:\/\/x.com\/educamagia1","https:\/\/www.instagram.com\/docenciamagica1\/"]}]}},"_links":{"self":[{"href":"https:\/\/docenciamagica.com\/ca\/wp-json\/wp\/v2\/pages\/339"}],"collection":[{"href":"https:\/\/docenciamagica.com\/ca\/wp-json\/wp\/v2\/pages"}],"about":[{"href":"https:\/\/docenciamagica.com\/ca\/wp-json\/wp\/v2\/types\/page"}],"author":[{"embeddable":true,"href":"https:\/\/docenciamagica.com\/ca\/wp-json\/wp\/v2\/users\/1"}],"replies":[{"embeddable":true,"href":"https:\/\/docenciamagica.com\/ca\/wp-json\/wp\/v2\/comments?post=339"}],"version-history":[{"count":91,"href":"https:\/\/docenciamagica.com\/ca\/wp-json\/wp\/v2\/pages\/339\/revisions"}],"predecessor-version":[{"id":1979,"href":"https:\/\/docenciamagica.com\/ca\/wp-json\/wp\/v2\/pages\/339\/revisions\/1979"}],"wp:attachment":[{"href":"https:\/\/docenciamagica.com\/ca\/wp-json\/wp\/v2\/media?parent=339"}],"curies":[{"name":"wp","href":"https:\/\/api.w.org\/{rel}","templated":true}]}}