{"id":324,"date":"2018-05-11T12:13:37","date_gmt":"2018-05-11T12:13:37","guid":{"rendered":"https:\/\/educamagia.com\/?page_id=324"},"modified":"2025-02-10T21:43:54","modified_gmt":"2025-02-10T20:43:54","slug":"servicios","status":"publish","type":"page","link":"https:\/\/docenciamagica.com\/ca\/servicios\/","title":{"rendered":"Serveis"},"content":{"rendered":"<div class=\"wpb-content-wrapper\"><p>[vc_row css_animation=&#8221;&#8221; row_type=&#8221;row&#8221; use_row_as_full_screen_section=&#8221;no&#8221; type=&#8221;grid&#8221; angled_section=&#8221;no&#8221; text_align=&#8221;left&#8221; background_image_as_pattern=&#8221;without_pattern&#8221; border_color=&#8221;#e6e4e4&#8243; z_index=&#8221;&#8221; css=&#8221;.vc_custom_1527609959256{background-color: rgba(30,115,190,0.04) !important;*background-color: rgb(30,115,190) !important;}&#8221;][vc_column width=&#8221;1\/2&#8243; css=&#8221;.vc_custom_1527609906687{background-color: #ffffff !important;}&#8221;][vc_separator type=&#8221;transparent&#8221; up=&#8221;10&#8243;][vc_column_text]<\/p>\n<h3 style=\"text-align: center;\">SERVEIS M\u00c0GIA EDUCATIVA<\/h3>\n<p>[\/vc_column_text][vc_separator type=&#8221;transparent&#8221; up=&#8221;10&#8243;][vc_row_inner row_type=&#8221;row&#8221; type=&#8221;full_width&#8221; text_align=&#8221;left&#8221; css_animation=&#8221;&#8221;][vc_column_inner width=&#8221;1\/3&#8243;][\/vc_column_inner][vc_column_inner width=&#8221;1\/3&#8243;]<div class='q_icon_with_title very_large custom_icon_image center '><div class=\"icon_holder \" style=\"margin: 0px 0px 15px 0px; \"><img decoding=\"async\" style=\"margin: 0px 0px 15px 0px\" src=\"https:\/\/docenciamagica.com\/wp-content\/uploads\/2018\/05\/educamagia-serveis-blau.png\" alt=\"\"><\/div><div class=\"icon_text_holder\" style=\"\"><div class=\"icon_text_inner\" style=\"\"><h5 class=\"icon_title\" style=\"\">M\u00c0GIA EDUCATIVA<\/h5><div class=\"separator small left\" style=\"height: 2px;background-color: #1e73be;width: 20px;margin-bottom: 10px;\"><\/div><p style=''>Les possibilitats: festes m\u00e0giques, tallers i\/o confer\u00e8ncies, on apropem el m\u00f3n de la m\u00e0gia als m\u00e9s petits.<\/p><a itemprop='url' class='icon_with_title_link' href='https:\/\/docenciamagica.com\/ca\/magia-educativa\/' target='_self' style=''>VEURE OPCIONS<\/a><\/div><\/div><\/div>[\/vc_column_inner][vc_column_inner width=&#8221;1\/3&#8243;][\/vc_column_inner][\/vc_row_inner][\/vc_column][vc_column width=&#8221;1\/2&#8243; css=&#8221;.vc_custom_1527609974301{background-color: #ededed !important;}&#8221;][vc_separator type=&#8221;transparent&#8221; up=&#8221;10&#8243;][vc_column_text]<\/p>\n<h3 style=\"text-align: center;\">ALTRES SERVEIS<\/h3>\n<p>[\/vc_column_text][vc_separator type=&#8221;transparent&#8221; up=&#8221;10&#8243;][vc_row_inner row_type=&#8221;row&#8221; type=&#8221;full_width&#8221; text_align=&#8221;left&#8221; css_animation=&#8221;&#8221;][vc_column_inner width=&#8221;1\/3&#8243;]<div class='q_icon_with_title very_large custom_icon_image center '><div class=\"icon_holder \" style=\"margin: 0px 0px 15px 0px; \"><img decoding=\"async\" style=\"margin: 0px 0px 15px 0px\" src=\"https:\/\/docenciamagica.com\/wp-content\/uploads\/2018\/05\/maleta.png\" alt=\"\"><\/div><div class=\"icon_text_holder\" style=\"\"><div class=\"icon_text_inner\" style=\"\"><h5 class=\"icon_title\" style=\"\">M\u00c0GIA PER A EMPRESES<\/h5><div class=\"separator small left\" style=\"height: 2px;background-color: #1e73be;width: 20px;margin-bottom: 10px;\"><\/div><p style=''>Sorpren als teus clients o treballadors amb m\u00e0gia de proximitat. Personalitzem el teu event.<\/p><a itemprop='url' class='icon_with_title_link' href='https:\/\/magiaoscardelatorre.com\/magia-para-empresas\/' target='_blank' style=''>VEURE OPCIONS<\/a><\/div><\/div><\/div>[\/vc_column_inner][vc_column_inner width=&#8221;1\/3&#8243;]<div class='q_icon_with_title very_large custom_icon_image center '><div class=\"icon_holder \" style=\"margin: 0px 0px 15px 0px; \"><img decoding=\"async\" style=\"margin: 0px 0px 15px 0px\" src=\"https:\/\/docenciamagica.com\/wp-content\/uploads\/2018\/05\/persones.png\" alt=\"\"><\/div><div class=\"icon_text_holder\" style=\"\"><div class=\"icon_text_inner\" style=\"\"><h5 class=\"icon_title\" style=\"\">M\u00c0GIA PARTICULARS<\/h5><div class=\"separator small left\" style=\"height: 2px;background-color: #1e73be;width: 20px;margin-bottom: 10px;\"><\/div><p style=''>Apte per a tots els p\u00fablics. El mag intentar\u00e0 sorprendre a tota la familia, petits i grans.<\/p><a itemprop='url' class='icon_with_title_link' href='http:\/\/magiaoscardelatorre.com\/magia-para-particulares\/' target='_self' style=''>VEURE OPCIONS<\/a><\/div><\/div><\/div>[\/vc_column_inner][vc_column_inner width=&#8221;1\/3&#8243;]<div class='q_icon_with_title very_large custom_icon_image center '><div class=\"icon_holder \" style=\"margin: 0px 0px 15px 0px; \"><img decoding=\"async\" style=\"margin: 0px 0px 15px 0px\" src=\"https:\/\/docenciamagica.com\/wp-content\/uploads\/2018\/05\/copes.png\" alt=\"\"><\/div><div class=\"icon_text_holder\" style=\"\"><div class=\"icon_text_inner\" style=\"\"><h5 class=\"icon_title\" style=\"\">ALTRES ESPECTACLES<\/h5><div class=\"separator small left\" style=\"height: 2px;background-color: #1e73be;width: 20px;margin-bottom: 10px;\"><\/div><p style=''>Per a qualsevol festa que organitzeu...bodaes, comunions, batejos, festes d'aniversari, fi de curs i\/o sopars d'amics.<\/p><a itemprop='url' class='icon_with_title_link' href='https:\/\/magiaoscardelatorre.com\/espectaculos\/' target='_self' style=''>VEURE ESPECTACLES<\/a><\/div><\/div><\/div>[\/vc_column_inner][\/vc_row_inner][\/vc_column][\/vc_row]<\/p>\n<\/div>","protected":false},"excerpt":{"rendered":"<p>[vc_row css_animation=&#8221;&#8221; row_type=&#8221;row&#8221; use_row_as_full_screen_section=&#8221;no&#8221; type=&#8221;grid&#8221; angled_section=&#8221;no&#8221; text_align=&#8221;left&#8221; background_image_as_pattern=&#8221;without_pattern&#8221; border_color=&#8221;#e6e4e4&#8243; z_index=&#8221;&#8221; css=&#8221;.vc_custom_1527609959256{background-color: rgba(30,115,190,0.04) !important;*background-color: rgb(30,115,190) !important;}&#8221;][vc_column width=&#8221;1\/2&#8243; css=&#8221;.vc_custom_1527609906687{background-color: #ffffff !important;}&#8221;][vc_separator type=&#8221;transparent&#8221; up=&#8221;10&#8243;][vc_column_text] SERVEIS M\u00c0GIA EDUCATIVA [\/vc_column_text][vc_separator type=&#8221;transparent&#8221; up=&#8221;10&#8243;][vc_row_inner row_type=&#8221;row&#8221; type=&#8221;full_width&#8221; text_align=&#8221;left&#8221; css_animation=&#8221;&#8221;][vc_column_inner width=&#8221;1\/3&#8243;][\/vc_column_inner][vc_column_inner width=&#8221;1\/3&#8243;][\/vc_column_inner][vc_column_inner width=&#8221;1\/3&#8243;][\/vc_column_inner][\/vc_row_inner][\/vc_column][vc_column width=&#8221;1\/2&#8243; css=&#8221;.vc_custom_1527609974301{background-color: #ededed !important;}&#8221;][vc_separator type=&#8221;transparent&#8221; up=&#8221;10&#8243;][vc_column_text] ALTRES SERVEIS [\/vc_column_text][vc_separator type=&#8221;transparent&#8221; up=&#8221;10&#8243;][vc_row_inner&#8230;<\/p>\n","protected":false},"author":1,"featured_media":0,"parent":0,"menu_order":0,"comment_status":"closed","ping_status":"closed","template":"full_width.php","meta":{"_exactmetrics_skip_tracking":false,"_exactmetrics_sitenote_active":false,"_exactmetrics_sitenote_note":"","_exactmetrics_sitenote_category":0,"footnotes":""},"translation":{"provider":"WPGlobus","version":"3.0.2","language":"ca","enabled_languages":["es","ca"],"languages":{"es":{"title":true,"content":true,"excerpt":false},"ca":{"title":true,"content":true,"excerpt":false}}},"yoast_head":"<!-- This site is optimized with the Yoast SEO plugin v23.5 - https:\/\/yoast.com\/wordpress\/plugins\/seo\/ -->\n<title>Serveis - Docenciamagica<\/title>\n<meta name=\"robots\" content=\"index, follow, max-snippet:-1, max-image-preview:large, max-video-preview:-1\" \/>\n<link rel=\"canonical\" href=\"https:\/\/docenciamagica.com\/servicios\/\" \/>\n<meta property=\"og:locale\" content=\"ca_ES\" \/>\n<meta property=\"og:type\" content=\"article\" \/>\n<meta property=\"og:title\" content=\"Serveis - Docenciamagica\" \/>\n<meta property=\"og:url\" content=\"https:\/\/docenciamagica.com\/servicios\/\" \/>\n<meta property=\"og:site_name\" content=\"Docenciamagica\" \/>\n<meta property=\"article:publisher\" content=\"https:\/\/www.facebook.com\/docenciamagica\" \/>\n<meta property=\"article:modified_time\" content=\"2025-02-10T20:43:54+00:00\" \/>\n<meta name=\"twitter:card\" content=\"summary_large_image\" \/>\n<meta name=\"twitter:site\" content=\"@educamagia1\" \/>\n<meta name=\"twitter:label1\" content=\"Est. reading time\" \/>\n\t<meta name=\"twitter:data1\" content=\"2 minutes\" \/>\n<script type=\"application\/ld+json\" class=\"yoast-schema-graph\">{\"@context\":\"https:\/\/schema.org\",\"@graph\":[{\"@type\":\"WebPage\",\"@id\":\"https:\/\/docenciamagica.com\/servicios\/\",\"url\":\"https:\/\/docenciamagica.com\/servicios\/\",\"name\":\"Serveis - Docenciamagica\",\"isPartOf\":{\"@id\":\"https:\/\/docenciamagica.com\/#website\"},\"datePublished\":\"2018-05-11T12:13:37+00:00\",\"dateModified\":\"2025-02-10T20:43:54+00:00\",\"breadcrumb\":{\"@id\":\"https:\/\/docenciamagica.com\/servicios\/#breadcrumb\"},\"inLanguage\":\"ca-ES\",\"potentialAction\":[{\"@type\":\"ReadAction\",\"target\":[\"https:\/\/docenciamagica.com\/servicios\/\"]}]},{\"@type\":\"BreadcrumbList\",\"@id\":\"https:\/\/docenciamagica.com\/servicios\/#breadcrumb\",\"itemListElement\":[{\"@type\":\"ListItem\",\"position\":1,\"name\":\"Portada\",\"item\":\"https:\/\/docenciamagica.com\/\"},{\"@type\":\"ListItem\",\"position\":2,\"name\":\"Servicios\"}]},{\"@type\":\"WebSite\",\"@id\":\"https:\/\/docenciamagica.com\/#website\",\"url\":\"https:\/\/docenciamagica.com\/\",\"name\":\"Docencia M\u00e1gica\",\"description\":\"La m&agrave;gia com a recurs educatiu\",\"publisher\":{\"@id\":\"https:\/\/docenciamagica.com\/#organization\"},\"potentialAction\":[{\"@type\":\"SearchAction\",\"target\":{\"@type\":\"EntryPoint\",\"urlTemplate\":\"https:\/\/docenciamagica.com\/?s={search_term_string}\"},\"query-input\":{\"@type\":\"PropertyValueSpecification\",\"valueRequired\":true,\"valueName\":\"search_term_string\"}}],\"inLanguage\":\"ca-ES\"},{\"@type\":\"Organization\",\"@id\":\"https:\/\/docenciamagica.com\/#organization\",\"name\":\"Docencia M\u00e1gica\",\"url\":\"https:\/\/docenciamagica.com\/\",\"logo\":{\"@type\":\"ImageObject\",\"inLanguage\":\"ca-ES\",\"@id\":\"https:\/\/docenciamagica.com\/#\/schema\/logo\/image\/\",\"url\":\"https:\/\/docenciamagica.com\/wp-content\/uploads\/2019\/09\/LOGO-web-COLOR-copia.png\",\"contentUrl\":\"https:\/\/docenciamagica.com\/wp-content\/uploads\/2019\/09\/LOGO-web-COLOR-copia.png\",\"width\":400,\"height\":400,\"caption\":\"Docencia M\u00e1gica\"},\"image\":{\"@id\":\"https:\/\/docenciamagica.com\/#\/schema\/logo\/image\/\"},\"sameAs\":[\"https:\/\/www.facebook.com\/docenciamagica\",\"https:\/\/x.com\/educamagia1\",\"https:\/\/www.instagram.com\/docenciamagica1\/\"]}]}<\/script>\n<!-- \/ Yoast SEO plugin. -->","yoast_head_json":{"title":"Serveis - Docenciamagica","robots":{"index":"index","follow":"follow","max-snippet":"max-snippet:-1","max-image-preview":"max-image-preview:large","max-video-preview":"max-video-preview:-1"},"canonical":"https:\/\/docenciamagica.com\/servicios\/","og_locale":"ca_ES","og_type":"article","og_title":"Serveis - Docenciamagica","og_url":"https:\/\/docenciamagica.com\/servicios\/","og_site_name":"Docenciamagica","article_publisher":"https:\/\/www.facebook.com\/docenciamagica","article_modified_time":"2025-02-10T20:43:54+00:00","twitter_card":"summary_large_image","twitter_site":"@educamagia1","twitter_misc":{"Est. reading time":"2 minutes"},"schema":{"@context":"https:\/\/schema.org","@graph":[{"@type":"WebPage","@id":"https:\/\/docenciamagica.com\/servicios\/","url":"https:\/\/docenciamagica.com\/servicios\/","name":"Serveis - Docenciamagica","isPartOf":{"@id":"https:\/\/docenciamagica.com\/#website"},"datePublished":"2018-05-11T12:13:37+00:00","dateModified":"2025-02-10T20:43:54+00:00","breadcrumb":{"@id":"https:\/\/docenciamagica.com\/servicios\/#breadcrumb"},"inLanguage":"ca-ES","potentialAction":[{"@type":"ReadAction","target":["https:\/\/docenciamagica.com\/servicios\/"]}]},{"@type":"BreadcrumbList","@id":"https:\/\/docenciamagica.com\/servicios\/#breadcrumb","itemListElement":[{"@type":"ListItem","position":1,"name":"Portada","item":"https:\/\/docenciamagica.com\/"},{"@type":"ListItem","position":2,"name":"Servicios"}]},{"@type":"WebSite","@id":"https:\/\/docenciamagica.com\/#website","url":"https:\/\/docenciamagica.com\/","name":"Docencia M\u00e1gica","description":"La m&agrave;gia com a recurs educatiu","publisher":{"@id":"https:\/\/docenciamagica.com\/#organization"},"potentialAction":[{"@type":"SearchAction","target":{"@type":"EntryPoint","urlTemplate":"https:\/\/docenciamagica.com\/?s={search_term_string}"},"query-input":{"@type":"PropertyValueSpecification","valueRequired":true,"valueName":"search_term_string"}}],"inLanguage":"ca-ES"},{"@type":"Organization","@id":"https:\/\/docenciamagica.com\/#organization","name":"Docencia M\u00e1gica","url":"https:\/\/docenciamagica.com\/","logo":{"@type":"ImageObject","inLanguage":"ca-ES","@id":"https:\/\/docenciamagica.com\/#\/schema\/logo\/image\/","url":"https:\/\/docenciamagica.com\/wp-content\/uploads\/2019\/09\/LOGO-web-COLOR-copia.png","contentUrl":"https:\/\/docenciamagica.com\/wp-content\/uploads\/2019\/09\/LOGO-web-COLOR-copia.png","width":400,"height":400,"caption":"Docencia M\u00e1gica"},"image":{"@id":"https:\/\/docenciamagica.com\/#\/schema\/logo\/image\/"},"sameAs":["https:\/\/www.facebook.com\/docenciamagica","https:\/\/x.com\/educamagia1","https:\/\/www.instagram.com\/docenciamagica1\/"]}]}},"_links":{"self":[{"href":"https:\/\/docenciamagica.com\/ca\/wp-json\/wp\/v2\/pages\/324"}],"collection":[{"href":"https:\/\/docenciamagica.com\/ca\/wp-json\/wp\/v2\/pages"}],"about":[{"href":"https:\/\/docenciamagica.com\/ca\/wp-json\/wp\/v2\/types\/page"}],"author":[{"embeddable":true,"href":"https:\/\/docenciamagica.com\/ca\/wp-json\/wp\/v2\/users\/1"}],"replies":[{"embeddable":true,"href":"https:\/\/docenciamagica.com\/ca\/wp-json\/wp\/v2\/comments?post=324"}],"version-history":[{"count":52,"href":"https:\/\/docenciamagica.com\/ca\/wp-json\/wp\/v2\/pages\/324\/revisions"}],"predecessor-version":[{"id":1975,"href":"https:\/\/docenciamagica.com\/ca\/wp-json\/wp\/v2\/pages\/324\/revisions\/1975"}],"wp:attachment":[{"href":"https:\/\/docenciamagica.com\/ca\/wp-json\/wp\/v2\/media?parent=324"}],"curies":[{"name":"wp","href":"https:\/\/api.w.org\/{rel}","templated":true}]}}