{"id":322,"date":"2018-05-11T12:12:59","date_gmt":"2018-05-11T12:12:59","guid":{"rendered":"https:\/\/educamagia.com\/?page_id=322"},"modified":"2024-08-22T13:06:07","modified_gmt":"2024-08-22T11:06:07","slug":"contacto","status":"publish","type":"page","link":"https:\/\/docenciamagica.com\/ca\/contacto\/","title":{"rendered":"Contacta"},"content":{"rendered":"<div class=\"wpb-content-wrapper\"><p>[vc_row css_animation=&#8221;&#8221; row_type=&#8221;row&#8221; use_row_as_full_screen_section=&#8221;no&#8221; type=&#8221;full_width&#8221; angled_section=&#8221;no&#8221; text_align=&#8221;left&#8221; background_image_as_pattern=&#8221;without_pattern&#8221; background_image=&#8221;332&#8243; css=&#8221;.vc_custom_1526041094662{margin-top: 50px !important;margin-bottom: 50px !important;}&#8221;][vc_column width=&#8221;1\/3&#8243;][vc_single_image image=&#8221;1532&#8243; img_size=&#8221;full&#8221; alignment=&#8221;center&#8221; css=&#8221;.vc_custom_1724324607463{margin-bottom: 25px !important;}&#8221; qode_css_animation=&#8221;&#8221; qode_hover_animation=&#8221;zoom_in&#8221;][vc_column_text]<\/p>\n<h5 style=\"text-align: center;\">CONTACTA<\/h5>\n<p>[\/vc_column_text][vc_separator type=&#8221;small&#8221; position=&#8221;center&#8221; color=&#8221;#1e73be&#8221; thickness=&#8221;3&#8243;][vc_separator type=&#8221;transparent&#8221; up=&#8221;6&#8243; down=&#8221;6&#8243;][vc_column_text css=&#8221;&#8221;]<\/p>\n<p style=\"text-align: center;\">Doc\u00e8ncia M\u00e0gica<\/p>\n<p style=\"text-align: center;\">Telf: 696 206 126<\/p>\n<p style=\"text-align: center;\">E-mail: info@magiaoscardelatorre.com<\/p>\n<p>[\/vc_column_text][vc_separator type=&#8221;transparent&#8221; up=&#8221;6&#8243; down=&#8221;6&#8243;][vc_row_inner row_type=&#8221;row&#8221; type=&#8221;full_width&#8221; text_align=&#8221;center&#8221; css_animation=&#8221;&#8221;][vc_column_inner]<span class='q_social_icon_holder normal_social' data-hover-color=#1e73be><a itemprop='url' href='https:\/\/www.facebook.com\/docenciamagica' target='_blank'><i class=\"qode_icon_font_awesome fa fa-facebook fa-lg simple_social\" style=\"margin: 0 13px 0 0;\" ><\/i><\/a><\/span><span class='q_social_icon_holder normal_social' data-hover-color=#1e73be><a itemprop='url' href='https:\/\/twitter.com\/docenciamagica' target='_blank'><i class=\"qode_icon_font_awesome fa fa-twitter fa-lg simple_social\" style=\"margin: 0 13px 0 0;\" ><\/i><\/a><\/span><span class='q_social_icon_holder normal_social' data-hover-color=#1e73be><a itemprop='url' href='https:\/\/instagram.com\/docenciamagica1\/' target='_blank'><i class=\"qode_icon_font_awesome fa fa-instagram fa-lg simple_social\" style=\"margin: 0 13px 0 0;\" ><\/i><\/a><\/span>[\/vc_column_inner][\/vc_row_inner][\/vc_column][vc_column width=&#8221;2\/3&#8243;]\n<div class=\"wpcf7 no-js\" id=\"wpcf7-f453-o1\" lang=\"es-ES\" dir=\"ltr\">\n<div class=\"screen-reader-response\"><p role=\"status\" aria-live=\"polite\" aria-atomic=\"true\"><\/p> <ul><\/ul><\/div>\n<form action=\"\/ca\/wp-json\/wp\/v2\/pages\/322#wpcf7-f453-o1\" method=\"post\" class=\"wpcf7-form init default\" aria-label=\"Contact form\" novalidate=\"novalidate\" data-status=\"init\">\n<div style=\"display: none;\">\n<input type=\"hidden\" name=\"_wpcf7\" value=\"453\" \/>\n<input type=\"hidden\" name=\"_wpcf7_version\" value=\"5.9.8\" \/>\n<input type=\"hidden\" name=\"_wpcf7_locale\" value=\"es_ES\" \/>\n<input type=\"hidden\" name=\"_wpcf7_unit_tag\" value=\"wpcf7-f453-o1\" \/>\n<input type=\"hidden\" name=\"_wpcf7_container_post\" value=\"0\" \/>\n<input type=\"hidden\" name=\"_wpcf7_posted_data_hash\" value=\"\" \/>\n<input type=\"hidden\" name=\"_wpcf7_recaptcha_response\" value=\"\" \/>\n<\/div>\n<p><label> Nom (obligatori)<br \/>\n<span class=\"wpcf7-form-control-wrap\" data-name=\"your-name\"><input size=\"40\" maxlength=\"400\" class=\"wpcf7-form-control wpcf7-text wpcf7-validates-as-required\" aria-required=\"true\" aria-invalid=\"false\" value=\"\" type=\"text\" name=\"your-name\" \/><\/span> <\/label>\n<\/p>\n<p><label> E-mail (obligatori)<br \/>\n<span class=\"wpcf7-form-control-wrap\" data-name=\"your-email\"><input size=\"40\" maxlength=\"400\" class=\"wpcf7-form-control wpcf7-email wpcf7-validates-as-required wpcf7-text wpcf7-validates-as-email\" aria-required=\"true\" aria-invalid=\"false\" value=\"\" type=\"email\" name=\"your-email\" \/><\/span> <\/label>\n<\/p>\n<p><label> Tema<br \/>\n<span class=\"wpcf7-form-control-wrap\" data-name=\"your-subject\"><input size=\"40\" maxlength=\"400\" class=\"wpcf7-form-control wpcf7-text\" aria-invalid=\"false\" value=\"\" type=\"text\" name=\"your-subject\" \/><\/span> <\/label>\n<\/p>\n<p><label> Descripci\u00f3<br \/>\n<span class=\"wpcf7-form-control-wrap\" data-name=\"your-message\"><textarea cols=\"40\" rows=\"10\" maxlength=\"2000\" class=\"wpcf7-form-control wpcf7-textarea\" aria-invalid=\"false\" name=\"your-message\"><\/textarea><\/span> <\/label>\n<\/p>\n<p><label> <span class=\"wpcf7-form-control-wrap\" data-name=\"acceptance-230\"><span class=\"wpcf7-form-control wpcf7-acceptance\"><span class=\"wpcf7-list-item\"><label><input type=\"checkbox\" name=\"acceptance-230\" value=\"1\" aria-invalid=\"false\" \/><span class=\"wpcf7-list-item-label\">Accepto cedir les meves dades a docenciamagica.com i la <a href=\"https:\/\/docenciamagica.com\/ca\/politica-privacidad\/\"> pol\u00edtica de privacitat <\/a><\/span><\/label><\/span><\/span><\/span> <\/label>\n<\/p>\n<p><label><span class=\"wpcf7-form-control-wrap\" data-name=\"acceptance-710\"><span class=\"wpcf7-form-control wpcf7-acceptance optional\"><span class=\"wpcf7-list-item\"><label><input type=\"checkbox\" name=\"acceptance-710\" value=\"1\" aria-invalid=\"false\" \/><span class=\"wpcf7-list-item-label\">Accepto rebre informaci\u00f3 promocional i novetats de docenciamagica.com<\/span><\/label><\/span><\/span><\/span><\/label>\n<\/p>\n\n<p>INFORMACI\u00d3 B\u00c0SICA DE PROTECCI\u00d3 DE DADES:<br \/>\nResponsable del tractament: DE LA TORRE CABALLERO, OSCAR<br \/>\nFinalitat del tractament: Gestionar les consultes plantejades i l\u2019enviament de newsletters, comunicacions comercials i promocions.<br \/>\nLegitimaci\u00f3 del tractament: Inter\u00e8s leg\u00edtim i consentiment de linteressat\/da.<br \/>\nConservaci\u00f3 de les dades: Es conservaran mentre hi hagi un inter\u00e8s mutu o durant el temps necessari per al compliment de les obligacions legals.<br \/>\nDestinataris: Prestadors de servei o col\u00b7laboradors.<br \/>\nDrets: Dret a retirar el consentiment en qualsevol moment. Dret d\u2019acc\u00e9s, rectificaci\u00f3, portabilitat i supressi\u00f3 de les dades i la limitaci\u00f3 o oposici\u00f3 al tractament. Dades de contacte per exercir els vostres drets: info@magiaoscardelatorre.com<br \/>\nInformaci\u00f3 addicional: Podeu consultar la informaci\u00f3 addicional a la nostra <a href=\"https:\/\/docenciamagica.com\/ca\/politica-privacidad\/>Pol\u00edtica de Privadesa.<\/a>\n<\/p>\n<p><input class=\"wpcf7-form-control wpcf7-submit has-spinner\" type=\"submit\" value=\"Enviar\" \/>\n<\/p><p style=\"display: none !important;\" class=\"akismet-fields-container\" data-prefix=\"_wpcf7_ak_\"><label>&#916;<textarea name=\"_wpcf7_ak_hp_textarea\" cols=\"45\" rows=\"8\" maxlength=\"100\"><\/textarea><\/label><input type=\"hidden\" id=\"ak_js_1\" name=\"_wpcf7_ak_js\" value=\"217\"\/><script type=\"text\/javascript\">\n\/* <![CDATA[ *\/\ndocument.getElementById( \"ak_js_1\" ).setAttribute( \"value\", ( new Date() ).getTime() );\n\/* ]]> *\/\n<\/script>\n<\/p><div class=\"wpcf7-response-output\" aria-hidden=\"true\"><\/div>\n<\/form>\n<\/div>\n[vc_separator type=&#8221;transparent&#8221; up=&#8221;6&#8243; down=&#8221;6&#8243;][\/vc_column][\/vc_row]<\/p>\n<\/div>","protected":false},"excerpt":{"rendered":"<p>[vc_row css_animation=&#8221;&#8221; row_type=&#8221;row&#8221; use_row_as_full_screen_section=&#8221;no&#8221; type=&#8221;full_width&#8221; angled_section=&#8221;no&#8221; text_align=&#8221;left&#8221; background_image_as_pattern=&#8221;without_pattern&#8221; background_image=&#8221;332&#8243; css=&#8221;.vc_custom_1526041094662{margin-top: 50px !important;margin-bottom: 50px !important;}&#8221;][vc_column width=&#8221;1\/3&#8243;][vc_single_image image=&#8221;1532&#8243; img_size=&#8221;full&#8221; alignment=&#8221;center&#8221; css=&#8221;.vc_custom_1724324607463{margin-bottom: 25px !important;}&#8221; qode_css_animation=&#8221;&#8221; qode_hover_animation=&#8221;zoom_in&#8221;][vc_column_text] CONTACTA [\/vc_column_text][vc_separator type=&#8221;small&#8221; position=&#8221;center&#8221; color=&#8221;#1e73be&#8221; thickness=&#8221;3&#8243;][vc_separator type=&#8221;transparent&#8221; up=&#8221;6&#8243; down=&#8221;6&#8243;][vc_column_text css=&#8221;&#8221;] Doc\u00e8ncia M\u00e0gica Telf: 696 206 126 E-mail: info@magiaoscardelatorre.com [\/vc_column_text][vc_separator type=&#8221;transparent&#8221; up=&#8221;6&#8243; down=&#8221;6&#8243;][vc_row_inner&#8230;<\/p>\n","protected":false},"author":1,"featured_media":0,"parent":0,"menu_order":0,"comment_status":"closed","ping_status":"closed","template":"full_width.php","meta":{"_exactmetrics_skip_tracking":false,"_exactmetrics_sitenote_active":false,"_exactmetrics_sitenote_note":"","_exactmetrics_sitenote_category":0,"footnotes":""},"translation":{"provider":"WPGlobus","version":"3.0.2","language":"ca","enabled_languages":["es","ca"],"languages":{"es":{"title":true,"content":true,"excerpt":false},"ca":{"title":true,"content":true,"excerpt":false}}},"yoast_head":"<!-- This site is optimized with the Yoast SEO plugin v23.5 - https:\/\/yoast.com\/wordpress\/plugins\/seo\/ -->\n<title>Contacta - Docenciamagica<\/title>\n<meta name=\"robots\" content=\"index, follow, max-snippet:-1, max-image-preview:large, max-video-preview:-1\" \/>\n<link rel=\"canonical\" href=\"https:\/\/docenciamagica.com\/contacto\/\" \/>\n<meta property=\"og:locale\" content=\"ca_ES\" \/>\n<meta property=\"og:type\" content=\"article\" \/>\n<meta property=\"og:title\" content=\"Contacta - Docenciamagica\" \/>\n<meta property=\"og:url\" content=\"https:\/\/docenciamagica.com\/contacto\/\" \/>\n<meta property=\"og:site_name\" content=\"Docenciamagica\" \/>\n<meta property=\"article:publisher\" content=\"https:\/\/www.facebook.com\/docenciamagica\" \/>\n<meta property=\"article:modified_time\" content=\"2024-08-22T11:06:07+00:00\" \/>\n<meta name=\"twitter:card\" content=\"summary_large_image\" \/>\n<meta name=\"twitter:site\" content=\"@educamagia1\" \/>\n<meta name=\"twitter:label1\" content=\"Est. reading time\" \/>\n\t<meta name=\"twitter:data1\" content=\"1 minute\" \/>\n<script type=\"application\/ld+json\" class=\"yoast-schema-graph\">{\"@context\":\"https:\/\/schema.org\",\"@graph\":[{\"@type\":\"WebPage\",\"@id\":\"https:\/\/docenciamagica.com\/contacto\/\",\"url\":\"https:\/\/docenciamagica.com\/contacto\/\",\"name\":\"Contacta - Docenciamagica\",\"isPartOf\":{\"@id\":\"https:\/\/docenciamagica.com\/#website\"},\"datePublished\":\"2018-05-11T12:12:59+00:00\",\"dateModified\":\"2024-08-22T11:06:07+00:00\",\"breadcrumb\":{\"@id\":\"https:\/\/docenciamagica.com\/contacto\/#breadcrumb\"},\"inLanguage\":\"ca-ES\",\"potentialAction\":[{\"@type\":\"ReadAction\",\"target\":[\"https:\/\/docenciamagica.com\/contacto\/\"]}]},{\"@type\":\"BreadcrumbList\",\"@id\":\"https:\/\/docenciamagica.com\/contacto\/#breadcrumb\",\"itemListElement\":[{\"@type\":\"ListItem\",\"position\":1,\"name\":\"Portada\",\"item\":\"https:\/\/docenciamagica.com\/\"},{\"@type\":\"ListItem\",\"position\":2,\"name\":\"Contacto\"}]},{\"@type\":\"WebSite\",\"@id\":\"https:\/\/docenciamagica.com\/#website\",\"url\":\"https:\/\/docenciamagica.com\/\",\"name\":\"Docencia M\u00e1gica\",\"description\":\"La m&agrave;gia com a recurs educatiu\",\"publisher\":{\"@id\":\"https:\/\/docenciamagica.com\/#organization\"},\"potentialAction\":[{\"@type\":\"SearchAction\",\"target\":{\"@type\":\"EntryPoint\",\"urlTemplate\":\"https:\/\/docenciamagica.com\/?s={search_term_string}\"},\"query-input\":{\"@type\":\"PropertyValueSpecification\",\"valueRequired\":true,\"valueName\":\"search_term_string\"}}],\"inLanguage\":\"ca-ES\"},{\"@type\":\"Organization\",\"@id\":\"https:\/\/docenciamagica.com\/#organization\",\"name\":\"Docencia M\u00e1gica\",\"url\":\"https:\/\/docenciamagica.com\/\",\"logo\":{\"@type\":\"ImageObject\",\"inLanguage\":\"ca-ES\",\"@id\":\"https:\/\/docenciamagica.com\/#\/schema\/logo\/image\/\",\"url\":\"https:\/\/docenciamagica.com\/wp-content\/uploads\/2019\/09\/LOGO-web-COLOR-copia.png\",\"contentUrl\":\"https:\/\/docenciamagica.com\/wp-content\/uploads\/2019\/09\/LOGO-web-COLOR-copia.png\",\"width\":400,\"height\":400,\"caption\":\"Docencia M\u00e1gica\"},\"image\":{\"@id\":\"https:\/\/docenciamagica.com\/#\/schema\/logo\/image\/\"},\"sameAs\":[\"https:\/\/www.facebook.com\/docenciamagica\",\"https:\/\/x.com\/educamagia1\",\"https:\/\/www.instagram.com\/docenciamagica1\/\"]}]}<\/script>\n<!-- \/ Yoast SEO plugin. -->","yoast_head_json":{"title":"Contacta - Docenciamagica","robots":{"index":"index","follow":"follow","max-snippet":"max-snippet:-1","max-image-preview":"max-image-preview:large","max-video-preview":"max-video-preview:-1"},"canonical":"https:\/\/docenciamagica.com\/contacto\/","og_locale":"ca_ES","og_type":"article","og_title":"Contacta - Docenciamagica","og_url":"https:\/\/docenciamagica.com\/contacto\/","og_site_name":"Docenciamagica","article_publisher":"https:\/\/www.facebook.com\/docenciamagica","article_modified_time":"2024-08-22T11:06:07+00:00","twitter_card":"summary_large_image","twitter_site":"@educamagia1","twitter_misc":{"Est. reading time":"1 minute"},"schema":{"@context":"https:\/\/schema.org","@graph":[{"@type":"WebPage","@id":"https:\/\/docenciamagica.com\/contacto\/","url":"https:\/\/docenciamagica.com\/contacto\/","name":"Contacta - Docenciamagica","isPartOf":{"@id":"https:\/\/docenciamagica.com\/#website"},"datePublished":"2018-05-11T12:12:59+00:00","dateModified":"2024-08-22T11:06:07+00:00","breadcrumb":{"@id":"https:\/\/docenciamagica.com\/contacto\/#breadcrumb"},"inLanguage":"ca-ES","potentialAction":[{"@type":"ReadAction","target":["https:\/\/docenciamagica.com\/contacto\/"]}]},{"@type":"BreadcrumbList","@id":"https:\/\/docenciamagica.com\/contacto\/#breadcrumb","itemListElement":[{"@type":"ListItem","position":1,"name":"Portada","item":"https:\/\/docenciamagica.com\/"},{"@type":"ListItem","position":2,"name":"Contacto"}]},{"@type":"WebSite","@id":"https:\/\/docenciamagica.com\/#website","url":"https:\/\/docenciamagica.com\/","name":"Docencia M\u00e1gica","description":"La m&agrave;gia com a recurs educatiu","publisher":{"@id":"https:\/\/docenciamagica.com\/#organization"},"potentialAction":[{"@type":"SearchAction","target":{"@type":"EntryPoint","urlTemplate":"https:\/\/docenciamagica.com\/?s={search_term_string}"},"query-input":{"@type":"PropertyValueSpecification","valueRequired":true,"valueName":"search_term_string"}}],"inLanguage":"ca-ES"},{"@type":"Organization","@id":"https:\/\/docenciamagica.com\/#organization","name":"Docencia M\u00e1gica","url":"https:\/\/docenciamagica.com\/","logo":{"@type":"ImageObject","inLanguage":"ca-ES","@id":"https:\/\/docenciamagica.com\/#\/schema\/logo\/image\/","url":"https:\/\/docenciamagica.com\/wp-content\/uploads\/2019\/09\/LOGO-web-COLOR-copia.png","contentUrl":"https:\/\/docenciamagica.com\/wp-content\/uploads\/2019\/09\/LOGO-web-COLOR-copia.png","width":400,"height":400,"caption":"Docencia M\u00e1gica"},"image":{"@id":"https:\/\/docenciamagica.com\/#\/schema\/logo\/image\/"},"sameAs":["https:\/\/www.facebook.com\/docenciamagica","https:\/\/x.com\/educamagia1","https:\/\/www.instagram.com\/docenciamagica1\/"]}]}},"_links":{"self":[{"href":"https:\/\/docenciamagica.com\/ca\/wp-json\/wp\/v2\/pages\/322"}],"collection":[{"href":"https:\/\/docenciamagica.com\/ca\/wp-json\/wp\/v2\/pages"}],"about":[{"href":"https:\/\/docenciamagica.com\/ca\/wp-json\/wp\/v2\/types\/page"}],"author":[{"embeddable":true,"href":"https:\/\/docenciamagica.com\/ca\/wp-json\/wp\/v2\/users\/1"}],"replies":[{"embeddable":true,"href":"https:\/\/docenciamagica.com\/ca\/wp-json\/wp\/v2\/comments?post=322"}],"version-history":[{"count":46,"href":"https:\/\/docenciamagica.com\/ca\/wp-json\/wp\/v2\/pages\/322\/revisions"}],"predecessor-version":[{"id":1957,"href":"https:\/\/docenciamagica.com\/ca\/wp-json\/wp\/v2\/pages\/322\/revisions\/1957"}],"wp:attachment":[{"href":"https:\/\/docenciamagica.com\/ca\/wp-json\/wp\/v2\/media?parent=322"}],"curies":[{"name":"wp","href":"https:\/\/api.w.org\/{rel}","templated":true}]}}