{"id":318,"date":"2018-05-11T12:10:00","date_gmt":"2018-05-11T12:10:00","guid":{"rendered":"https:\/\/educamagia.com\/?page_id=318"},"modified":"2024-02-05T18:35:48","modified_gmt":"2024-02-05T17:35:48","slug":"blog","status":"publish","type":"page","link":"https:\/\/docenciamagica.com\/ca\/blog\/","title":{"rendered":"Blog"},"content":{"rendered":"<div class=\"wpb-content-wrapper\"><p>[vc_row css_animation=&#8221;&#8221; row_type=&#8221;row&#8221; use_row_as_full_screen_section=&#8221;no&#8221; type=&#8221;full_width&#8221; angled_section=&#8221;no&#8221; text_align=&#8221;left&#8221; background_image_as_pattern=&#8221;without_pattern&#8221; z_index=&#8221;&#8221; side_padding=&#8221;6&#8243;][vc_column][vc_empty_space]<div class='q_masonry_blog'><div class=\"q_masonry_blog_grid_sizer\"><\/div><div class=\"q_masonry_blog_grid_gutter\"><\/div><article class=\"post-1389 post type-post status-publish format-standard has-post-thumbnail hentry category-docencia\"><div class=\"q_masonry_blog_post_image\"><a itemprop=\"url\" href=\"https:\/\/docenciamagica.com\/ca\/nueva-pagina-web\/\" target=\"_self\"><img decoding=\"async\" itemprop=\"image\" src=\"https:\/\/docenciamagica.com\/wp-content\/uploads\/2019\/09\/LOGO-web-COLOR-copia.png\" alt=\"\" \/><\/a><\/div><div class=\"q_masonry_blog_post_text\"><h4 itemprop=\"name\" class=\"q_masonry_blog_title entry_title\"><a itemprop=\"url\" href=\"https:\/\/docenciamagica.com\/ca\/nueva-pagina-web\/\">Nueva pagina web Docenciamagica.com<\/a><\/h4><p itemprop=\"description\" class=\"q_masonry_blog_excerpt\">Nueva pagina web Os presentamos nuestra nueva pagina web Docenciamagica.com. Aqu\u00ed hablaremos de la magia educativa y del poder que esta tiene como recurso educativo para fomentar los valores. &nbsp;...<\/p><div class=\"q_masonry_blog_post_info\"><span itemprop=\"dateCreated\" class=\"time entry_date updated\">30 October, 2018<meta itemprop=\"interactionCount\" content=\"UserComments:0\"\/><\/span><\/div><\/div><\/article><article class=\"post-1593 post type-post status-publish format-standard has-post-thumbnail hentry category-docencia\"><div class=\"q_masonry_blog_post_image\"><a itemprop=\"url\" href=\"https:\/\/docenciamagica.com\/ca\/talleres-de-magia-educativa-hoy-trabajamos-la-astucia-y-la-picardia\/\" target=\"_self\"><img decoding=\"async\" itemprop=\"image\" src=\"https:\/\/docenciamagica.com\/wp-content\/uploads\/2019\/11\/WhatsApp-Image-2019-11-07-at-12.29.45.jpeg\" alt=\"\" \/><\/a><\/div><div class=\"q_masonry_blog_post_text\"><h4 itemprop=\"name\" class=\"q_masonry_blog_title entry_title\"><a itemprop=\"url\" href=\"https:\/\/docenciamagica.com\/ca\/talleres-de-magia-educativa-hoy-trabajamos-la-astucia-y-la-picardia\/\">Talleres de magia como recurso educativo: Hoy trabajamos la astucia y la picard\u00eda<\/a><\/h4><p itemprop=\"description\" class=\"q_masonry_blog_excerpt\">[vc_row css_animation=&#8221;&#8221; row_type=&#8221;row&#8221; use_row_as_full_screen_section=&#8221;no&#8221; type=&#8221;full_width&#8221; angled_section=&#8221;no&#8221; text_align=&#8221;left&#8221; background_image_as_pattern=&#8221;without_pattern&#8221;][vc_column][vc_column_text] Magia Educativa: Hoy trabajamos la astucia y la picard\u00eda [\/vc_column_text][\/vc_column][\/vc_row][vc_row css_animation=&#8221;&#8221; row_type=&#8221;row&#8221; use_row_as_full_screen_section=&#8221;no&#8221; type=&#8221;full_width&#8221; angled_section=&#8221;no&#8221; text_align=&#8221;left&#8221; background_image_as_pattern=&#8221;without_pattern&#8221;][vc_column][vc_column_text] Astucia y picard\u00eda: Hoy desde el equipo educativo del aula Hospitalaria hemos querido trabajar las astucia y la picard\u00eda. Para......<\/p><div class=\"q_masonry_blog_post_info\"><span itemprop=\"dateCreated\" class=\"time entry_date updated\">08 November, 2019<meta itemprop=\"interactionCount\" content=\"UserComments:0\"\/><\/span><\/div><\/div><\/article><article class=\"post-1436 post type-post status-publish format-standard hentry category-docencia\"><div class=\"q_masonry_blog_post_image\"><\/div><div class=\"q_masonry_blog_post_text\"><h4 itemprop=\"name\" class=\"q_masonry_blog_title entry_title\"><a itemprop=\"url\" href=\"https:\/\/docenciamagica.com\/ca\/talleres-de-magia-educativa-hoy-trabajamos-la-perseverancia\/\">Talleres de magia como recurso educativo. Hoy trabajamos la perseverancia<\/a><\/h4><p itemprop=\"description\" class=\"q_masonry_blog_excerpt\">Talleres de magia educativa. Hoy trabajamos la perseverancia Hoy hemos querido trabajar un valor desde sus inicios. Siempre que queremos trabajar un valor, es m\u00e1s f\u00e1cil identificarlo, una vez hemos realizado la actividad. Pues en funci\u00f3n de los resultados nos es mucho mas f\u00e1cil identificar......<\/p><div class=\"q_masonry_blog_post_info\"><span itemprop=\"dateCreated\" class=\"time entry_date updated\">08 November, 2019<meta itemprop=\"interactionCount\" content=\"UserComments:0\"\/><\/span><\/div><\/div><\/article><article class=\"post-1407 post type-post status-publish format-standard has-post-thumbnail hentry category-docencia\"><div class=\"q_masonry_blog_post_image\"><a itemprop=\"url\" href=\"https:\/\/docenciamagica.com\/ca\/taller-de-magia-educativa-para-alumnos-de-1o-y-2o-de-eso-del-instituto-de-alcarras\/\" target=\"_self\"><img decoding=\"async\" itemprop=\"image\" src=\"https:\/\/docenciamagica.com\/wp-content\/uploads\/2018\/10\/fotos-magia-educativa-ins-alcarras.jpg\" alt=\"quedate\" \/><\/a><\/div><div class=\"q_masonry_blog_post_text\"><h4 itemprop=\"name\" class=\"q_masonry_blog_title entry_title\"><a itemprop=\"url\" href=\"https:\/\/docenciamagica.com\/ca\/taller-de-magia-educativa-para-alumnos-de-1o-y-2o-de-eso-del-instituto-de-alcarras\/\">Taller de magia como recurso educativo para alumnos de 1\u00ba y 2\u00ba de ESO del Instituto de Alcarr\u00e1s<\/a><\/h4><p itemprop=\"description\" class=\"q_masonry_blog_excerpt\">[vc_row css_animation=&#8221;&#8221; row_type=&#8221;row&#8221; use_row_as_full_screen_section=&#8221;no&#8221; type=&#8221;full_width&#8221; angled_section=&#8221;no&#8221; text_align=&#8221;left&#8221; background_image_as_pattern=&#8221;without_pattern&#8221;][vc_column][vc_column_text]https:\/\/agora.xtec.cat\/iesalcarras\/portada\/taller-de-magia-educativa-amb-lalumnat-de-1r-i-2n-deso\/[\/vc_column_text][\/vc_column][\/vc_row][vc_row css_animation=&#8221;&#8221; row_type=&#8221;row&#8221; use_row_as_full_screen_section=&#8221;no&#8221; type=&#8221;full_width&#8221; angled_section=&#8221;no&#8221; text_align=&#8221;left&#8221; background_image_as_pattern=&#8221;without_pattern&#8221;][vc_column][vc_column_text] Taller de magia educativa para alumnos de ESO El pasado 22 de Octubre se realizo un taller de magia educativa a los alumnos de Primero y Segundo de ESO del......<\/p><div class=\"q_masonry_blog_post_info\"><span itemprop=\"dateCreated\" class=\"time entry_date updated\">08 November, 2019<meta itemprop=\"interactionCount\" content=\"UserComments:0\"\/><\/span><\/div><\/div><\/article><article class=\"post-1607 post type-post status-publish format-standard has-post-thumbnail hentry category-docencia\"><div class=\"q_masonry_blog_post_image\"><a itemprop=\"url\" href=\"https:\/\/docenciamagica.com\/ca\/la-magia-llega-al-hogar-residencia-de-salud-mental-de-sjdtll\/\" target=\"_self\"><img decoding=\"async\" itemprop=\"image\" src=\"https:\/\/docenciamagica.com\/wp-content\/uploads\/2019\/12\/magia_a_la_llar_0.jpg\" alt=\"\" \/><\/a><\/div><div class=\"q_masonry_blog_post_text\"><h4 itemprop=\"name\" class=\"q_masonry_blog_title entry_title\"><a itemprop=\"url\" href=\"https:\/\/docenciamagica.com\/ca\/la-magia-llega-al-hogar-residencia-de-salud-mental-de-sjdtll\/\">La Magia llega al Hogar Residencia de Salud Mental de SJDTLL<\/a><\/h4><p itemprop=\"description\" class=\"q_masonry_blog_excerpt\">[vc_row css_animation=&#8221;&#8221; row_type=&#8221;row&#8221; use_row_as_full_screen_section=&#8221;no&#8221; type=&#8221;full_width&#8221; angled_section=&#8221;no&#8221; text_align=&#8221;left&#8221; background_image_as_pattern=&#8221;without_pattern&#8221;][vc_column][vc_column_text]La Magia llega al Hogar Residencia de Salud Mental de SJDTLL Desde el pasado mas de octubre al Hogar Residencia de Salud Mental de la Academia Mariana se est\u00e1 llevando a cabo el proyecto &#8220;La Magia como eje......<\/p><div class=\"q_masonry_blog_post_info\"><span itemprop=\"dateCreated\" class=\"time entry_date updated\">20 December, 2019<meta itemprop=\"interactionCount\" content=\"UserComments:0\"\/><\/span><\/div><\/div><\/article><article class=\"post-1622 post type-post status-publish format-standard hentry category-docencia\"><div class=\"q_masonry_blog_post_image\"><\/div><div class=\"q_masonry_blog_post_text\"><h4 itemprop=\"name\" class=\"q_masonry_blog_title entry_title\"><a itemprop=\"url\" href=\"https:\/\/docenciamagica.com\/ca\/talleres-de-magia-educativa-hoy-trabajamos-el-entretenimiento\/\">Talleres de magia como recurso educativo: hoy trabajamos el entretenimiento<\/a><\/h4><p itemprop=\"description\" class=\"q_masonry_blog_excerpt\">[vc_row css_animation=&#8221;&#8221; row_type=&#8221;row&#8221; use_row_as_full_screen_section=&#8221;no&#8221; type=&#8221;full_width&#8221; angled_section=&#8221;no&#8221; text_align=&#8221;left&#8221; background_image_as_pattern=&#8221;without_pattern&#8221;][vc_column][vc_column_text] Hoy trabajamos el entretenimiento Hoy desde el equipo educativo del Aula Hospitalaria Dr. Antoni Cambrod\u00ed de Lleida, hemos querido trabajar el entretenimiento. Durante la estancia en el hospital, las horas si no sabes que hacer y ya......<\/p><div class=\"q_masonry_blog_post_info\"><span itemprop=\"dateCreated\" class=\"time entry_date updated\">04 February, 2020<meta itemprop=\"interactionCount\" content=\"UserComments:0\"\/><\/span><\/div><\/div><\/article><\/div>[\/vc_column][\/vc_row]<\/p>\n<\/div>","protected":false},"excerpt":{"rendered":"<p>[vc_row css_animation=&#8221;&#8221; row_type=&#8221;row&#8221; use_row_as_full_screen_section=&#8221;no&#8221; type=&#8221;full_width&#8221; angled_section=&#8221;no&#8221; text_align=&#8221;left&#8221; background_image_as_pattern=&#8221;without_pattern&#8221; z_index=&#8221;&#8221; side_padding=&#8221;6&#8243;][vc_column][vc_empty_space][\/vc_column][\/vc_row]<\/p>\n","protected":false},"author":1,"featured_media":0,"parent":0,"menu_order":0,"comment_status":"closed","ping_status":"closed","template":"full_width.php","meta":{"_exactmetrics_skip_tracking":false,"_exactmetrics_sitenote_active":false,"_exactmetrics_sitenote_note":"","_exactmetrics_sitenote_category":0,"footnotes":""},"translation":{"provider":"WPGlobus","version":"3.0.2","language":"ca","enabled_languages":["es","ca"],"languages":{"es":{"title":true,"content":true,"excerpt":false},"ca":{"title":true,"content":true,"excerpt":false}}},"yoast_head":"<!-- This site is optimized with the Yoast SEO plugin v23.5 - https:\/\/yoast.com\/wordpress\/plugins\/seo\/ -->\n<title>Blog - Docenciamagica<\/title>\n<meta name=\"robots\" content=\"index, follow, max-snippet:-1, max-image-preview:large, max-video-preview:-1\" \/>\n<link rel=\"canonical\" href=\"https:\/\/docenciamagica.com\/blog\/\" \/>\n<meta property=\"og:locale\" content=\"ca_ES\" \/>\n<meta property=\"og:type\" content=\"article\" \/>\n<meta property=\"og:title\" content=\"Blog - Docenciamagica\" \/>\n<meta property=\"og:url\" content=\"https:\/\/docenciamagica.com\/blog\/\" \/>\n<meta property=\"og:site_name\" content=\"Docenciamagica\" \/>\n<meta property=\"article:publisher\" content=\"https:\/\/www.facebook.com\/docenciamagica\" \/>\n<meta property=\"article:modified_time\" content=\"2024-02-05T17:35:48+00:00\" \/>\n<meta name=\"twitter:card\" content=\"summary_large_image\" \/>\n<meta name=\"twitter:site\" content=\"@educamagia1\" \/>\n<meta name=\"twitter:label1\" content=\"Est. reading time\" \/>\n\t<meta name=\"twitter:data1\" content=\"1 minute\" \/>\n<script type=\"application\/ld+json\" class=\"yoast-schema-graph\">{\"@context\":\"https:\/\/schema.org\",\"@graph\":[{\"@type\":\"WebPage\",\"@id\":\"https:\/\/docenciamagica.com\/blog\/\",\"url\":\"https:\/\/docenciamagica.com\/blog\/\",\"name\":\"Blog - Docenciamagica\",\"isPartOf\":{\"@id\":\"https:\/\/docenciamagica.com\/#website\"},\"datePublished\":\"2018-05-11T12:10:00+00:00\",\"dateModified\":\"2024-02-05T17:35:48+00:00\",\"breadcrumb\":{\"@id\":\"https:\/\/docenciamagica.com\/blog\/#breadcrumb\"},\"inLanguage\":\"ca-ES\",\"potentialAction\":[{\"@type\":\"ReadAction\",\"target\":[\"https:\/\/docenciamagica.com\/blog\/\"]}]},{\"@type\":\"BreadcrumbList\",\"@id\":\"https:\/\/docenciamagica.com\/blog\/#breadcrumb\",\"itemListElement\":[{\"@type\":\"ListItem\",\"position\":1,\"name\":\"Portada\",\"item\":\"https:\/\/docenciamagica.com\/\"},{\"@type\":\"ListItem\",\"position\":2,\"name\":\"Blog\"}]},{\"@type\":\"WebSite\",\"@id\":\"https:\/\/docenciamagica.com\/#website\",\"url\":\"https:\/\/docenciamagica.com\/\",\"name\":\"Docencia M\u00e1gica\",\"description\":\"La m&agrave;gia com a recurs educatiu\",\"publisher\":{\"@id\":\"https:\/\/docenciamagica.com\/#organization\"},\"potentialAction\":[{\"@type\":\"SearchAction\",\"target\":{\"@type\":\"EntryPoint\",\"urlTemplate\":\"https:\/\/docenciamagica.com\/?s={search_term_string}\"},\"query-input\":{\"@type\":\"PropertyValueSpecification\",\"valueRequired\":true,\"valueName\":\"search_term_string\"}}],\"inLanguage\":\"ca-ES\"},{\"@type\":\"Organization\",\"@id\":\"https:\/\/docenciamagica.com\/#organization\",\"name\":\"Docencia M\u00e1gica\",\"url\":\"https:\/\/docenciamagica.com\/\",\"logo\":{\"@type\":\"ImageObject\",\"inLanguage\":\"ca-ES\",\"@id\":\"https:\/\/docenciamagica.com\/#\/schema\/logo\/image\/\",\"url\":\"https:\/\/docenciamagica.com\/wp-content\/uploads\/2019\/09\/LOGO-web-COLOR-copia.png\",\"contentUrl\":\"https:\/\/docenciamagica.com\/wp-content\/uploads\/2019\/09\/LOGO-web-COLOR-copia.png\",\"width\":400,\"height\":400,\"caption\":\"Docencia M\u00e1gica\"},\"image\":{\"@id\":\"https:\/\/docenciamagica.com\/#\/schema\/logo\/image\/\"},\"sameAs\":[\"https:\/\/www.facebook.com\/docenciamagica\",\"https:\/\/x.com\/educamagia1\",\"https:\/\/www.instagram.com\/docenciamagica1\/\"]}]}<\/script>\n<!-- \/ Yoast SEO plugin. -->","yoast_head_json":{"title":"Blog - Docenciamagica","robots":{"index":"index","follow":"follow","max-snippet":"max-snippet:-1","max-image-preview":"max-image-preview:large","max-video-preview":"max-video-preview:-1"},"canonical":"https:\/\/docenciamagica.com\/blog\/","og_locale":"ca_ES","og_type":"article","og_title":"Blog - Docenciamagica","og_url":"https:\/\/docenciamagica.com\/blog\/","og_site_name":"Docenciamagica","article_publisher":"https:\/\/www.facebook.com\/docenciamagica","article_modified_time":"2024-02-05T17:35:48+00:00","twitter_card":"summary_large_image","twitter_site":"@educamagia1","twitter_misc":{"Est. reading time":"1 minute"},"schema":{"@context":"https:\/\/schema.org","@graph":[{"@type":"WebPage","@id":"https:\/\/docenciamagica.com\/blog\/","url":"https:\/\/docenciamagica.com\/blog\/","name":"Blog - Docenciamagica","isPartOf":{"@id":"https:\/\/docenciamagica.com\/#website"},"datePublished":"2018-05-11T12:10:00+00:00","dateModified":"2024-02-05T17:35:48+00:00","breadcrumb":{"@id":"https:\/\/docenciamagica.com\/blog\/#breadcrumb"},"inLanguage":"ca-ES","potentialAction":[{"@type":"ReadAction","target":["https:\/\/docenciamagica.com\/blog\/"]}]},{"@type":"BreadcrumbList","@id":"https:\/\/docenciamagica.com\/blog\/#breadcrumb","itemListElement":[{"@type":"ListItem","position":1,"name":"Portada","item":"https:\/\/docenciamagica.com\/"},{"@type":"ListItem","position":2,"name":"Blog"}]},{"@type":"WebSite","@id":"https:\/\/docenciamagica.com\/#website","url":"https:\/\/docenciamagica.com\/","name":"Docencia M\u00e1gica","description":"La m&agrave;gia com a recurs educatiu","publisher":{"@id":"https:\/\/docenciamagica.com\/#organization"},"potentialAction":[{"@type":"SearchAction","target":{"@type":"EntryPoint","urlTemplate":"https:\/\/docenciamagica.com\/?s={search_term_string}"},"query-input":{"@type":"PropertyValueSpecification","valueRequired":true,"valueName":"search_term_string"}}],"inLanguage":"ca-ES"},{"@type":"Organization","@id":"https:\/\/docenciamagica.com\/#organization","name":"Docencia M\u00e1gica","url":"https:\/\/docenciamagica.com\/","logo":{"@type":"ImageObject","inLanguage":"ca-ES","@id":"https:\/\/docenciamagica.com\/#\/schema\/logo\/image\/","url":"https:\/\/docenciamagica.com\/wp-content\/uploads\/2019\/09\/LOGO-web-COLOR-copia.png","contentUrl":"https:\/\/docenciamagica.com\/wp-content\/uploads\/2019\/09\/LOGO-web-COLOR-copia.png","width":400,"height":400,"caption":"Docencia M\u00e1gica"},"image":{"@id":"https:\/\/docenciamagica.com\/#\/schema\/logo\/image\/"},"sameAs":["https:\/\/www.facebook.com\/docenciamagica","https:\/\/x.com\/educamagia1","https:\/\/www.instagram.com\/docenciamagica1\/"]}]}},"_links":{"self":[{"href":"https:\/\/docenciamagica.com\/ca\/wp-json\/wp\/v2\/pages\/318"}],"collection":[{"href":"https:\/\/docenciamagica.com\/ca\/wp-json\/wp\/v2\/pages"}],"about":[{"href":"https:\/\/docenciamagica.com\/ca\/wp-json\/wp\/v2\/types\/page"}],"author":[{"embeddable":true,"href":"https:\/\/docenciamagica.com\/ca\/wp-json\/wp\/v2\/users\/1"}],"replies":[{"embeddable":true,"href":"https:\/\/docenciamagica.com\/ca\/wp-json\/wp\/v2\/comments?post=318"}],"version-history":[{"count":27,"href":"https:\/\/docenciamagica.com\/ca\/wp-json\/wp\/v2\/pages\/318\/revisions"}],"predecessor-version":[{"id":1906,"href":"https:\/\/docenciamagica.com\/ca\/wp-json\/wp\/v2\/pages\/318\/revisions\/1906"}],"wp:attachment":[{"href":"https:\/\/docenciamagica.com\/ca\/wp-json\/wp\/v2\/media?parent=318"}],"curies":[{"name":"wp","href":"https:\/\/api.w.org\/{rel}","templated":true}]}}