{"id":1141,"date":"2018-09-28T09:18:15","date_gmt":"2018-09-28T07:18:15","guid":{"rendered":"https:\/\/educamagia.com\/?page_id=1141"},"modified":"2021-12-03T15:54:01","modified_gmt":"2021-12-03T14:54:01","slug":"libro-solidario","status":"publish","type":"page","link":"https:\/\/docenciamagica.com\/ca\/libro-solidario\/","title":{"rendered":"llibre solidari"},"content":{"rendered":"<div class=\"wpb-content-wrapper\"><p>[vc_row css_animation=&#8221;&#8221; row_type=&#8221;row&#8221; use_row_as_full_screen_section=&#8221;no&#8221; type=&#8221;full_width&#8221; angled_section=&#8221;no&#8221; text_align=&#8221;left&#8221; background_image_as_pattern=&#8221;without_pattern&#8221;][vc_column width=&#8221;1\/6&#8243;][\/vc_column][vc_column width=&#8221;2\/3&#8243;][vc_separator type=&#8221;transparent&#8221;][vc_column_text]<\/p>\n<h3 style=\"text-align: center;\"><strong>En primer lloc, gr\u00e0cies pel seu inter\u00e8s amb el &#8220;Llibre Solidari&#8221;<\/strong><\/h3>\n<p>[\/vc_column_text][vc_separator type=&#8221;transparent&#8221;][vc_column_text]<\/p>\n<h4 style=\"text-align: center;\"><strong>Descarrega el llibre en format PDF de forma gratu\u00efta<br \/>\n<\/strong><\/h4>\n<p>[\/vc_column_text][vc_separator type=&#8221;transparent&#8221;][vc_row_inner row_type=&#8221;row&#8221; type=&#8221;full_width&#8221; text_align=&#8221;center&#8221; css_animation=&#8221;&#8221;][vc_column_inner]<a  itemprop=\"url\" href=\"https:\/\/docenciamagica.com\/wp-content\/uploads\/2018\/10\/El-mago-de-las-sonrisas.-Version-21x21-final.pdf\" target=\"_blank\"  class=\"qbutton  center default\" style=\"border-radius: 2px;-moz-border-radius: 2px;-webkit-border-radius: 2px; \">DESCARREGAR LLIBRE<i class=\"qode_icon_font_awesome fa fa-book qode_button_icon_element\"><\/i><\/a>[\/vc_column_inner][\/vc_row_inner][vc_separator type=&#8221;transparent&#8221; up=&#8221;45&#8243;][vc_column_text]<\/p>\n<p style=\"text-align: center;\"><strong>Li deixem un formulari de contacte,\u00a0 per si vol col\u00b7laborar i obtenir el llibre en format paper, nomes son 5\u20ac m\u00e9s l&#8217;enviament. <\/strong><\/p>\n<p style=\"text-align: center;\"><strong>Jo mateix\u00a0 m\u2019encarregar\u00e9 d\u2019ajudar-lo\/a amb el donatiu per a que pugui tenir el llibre solidari el mes aviat possible.<\/strong><\/p>\n<p style=\"text-align: center;\"><strong>Aquest donatiu ens permet regalar un llibre a un nen de l&#8217;Aula Hospital\u00e0ria Dr. Antoni Cambrod\u00ed del Hospital Arnau de Vilanova de Lleida<\/strong><\/p>\n<p style=\"text-align: center;\"><strong>Pagues un llibre i amb aquest preu podem regalar un altre.<\/strong><\/p>\n<p style=\"text-align: center;\"><strong>Moltes gr\u00e0cies per la seva solidaritat <\/strong><\/p>\n<p>[\/vc_column_text][vc_separator type=&#8221;transparent&#8221;]\n<div class=\"wpcf7 no-js\" id=\"wpcf7-f1153-o1\" lang=\"es-ES\" dir=\"ltr\">\n<div class=\"screen-reader-response\"><p role=\"status\" aria-live=\"polite\" aria-atomic=\"true\"><\/p> <ul><\/ul><\/div>\n<form action=\"\/ca\/wp-json\/wp\/v2\/pages\/1141#wpcf7-f1153-o1\" method=\"post\" class=\"wpcf7-form init default\" aria-label=\"Contact form\" novalidate=\"novalidate\" data-status=\"init\">\n<div style=\"display: none;\">\n<input type=\"hidden\" name=\"_wpcf7\" value=\"1153\" \/>\n<input type=\"hidden\" name=\"_wpcf7_version\" value=\"5.9.8\" \/>\n<input type=\"hidden\" name=\"_wpcf7_locale\" value=\"es_ES\" \/>\n<input type=\"hidden\" name=\"_wpcf7_unit_tag\" value=\"wpcf7-f1153-o1\" \/>\n<input type=\"hidden\" name=\"_wpcf7_container_post\" value=\"0\" \/>\n<input type=\"hidden\" name=\"_wpcf7_posted_data_hash\" value=\"\" \/>\n<input type=\"hidden\" name=\"_wpcf7_recaptcha_response\" value=\"\" \/>\n<\/div>\n<p><label> El seu nom (obligatori)<br \/>\n<span class=\"wpcf7-form-control-wrap\" data-name=\"your-name\"><input size=\"40\" maxlength=\"400\" class=\"wpcf7-form-control wpcf7-text wpcf7-validates-as-required\" aria-required=\"true\" aria-invalid=\"false\" value=\"\" type=\"text\" name=\"your-name\" \/><\/span> <\/label>\n<\/p>\n<p><label> E-mail (obligatori)<br \/>\n<span class=\"wpcf7-form-control-wrap\" data-name=\"your-email\"><input size=\"40\" maxlength=\"400\" class=\"wpcf7-form-control wpcf7-email wpcf7-validates-as-required wpcf7-text wpcf7-validates-as-email\" aria-required=\"true\" aria-invalid=\"false\" value=\"\" type=\"email\" name=\"your-email\" \/><\/span> <\/label>\n<\/p>\n<p><label> El seu tel\u00e8fon (obligatori)<br \/>\n<span class=\"wpcf7-form-control-wrap\" data-name=\"tel-89\"><input size=\"40\" maxlength=\"400\" class=\"wpcf7-form-control wpcf7-tel wpcf7-validates-as-required wpcf7-text wpcf7-validates-as-tel\" aria-required=\"true\" aria-invalid=\"false\" value=\"\" type=\"tel\" name=\"tel-89\" \/><\/span> <\/label>\n<\/p>\n<p><label> <span class=\"wpcf7-form-control-wrap\" data-name=\"acceptance-121\"><span class=\"wpcf7-form-control wpcf7-acceptance\"><span class=\"wpcf7-list-item\"><label><input type=\"checkbox\" name=\"acceptance-121\" value=\"1\" aria-invalid=\"false\" \/><span class=\"wpcf7-list-item-label\">\"Vull comprar el llibre solidari i accepto la <a href=\"https:\/\/docenciamagica.com\/ca\/politica-privacidad\/> pol\u00edtica de privacitat <\/a> i cedir les meves dades a docenciamagica.com\"<\/span><\/label><\/span><\/span><\/span> <\/label>\n<\/p>\n<p><label><span class=\"wpcf7-form-control-wrap\" data-name=\"acceptance-710\"><span class=\"wpcf7-form-control wpcf7-acceptance optional\"><span class=\"wpcf7-list-item\"><label><input type=\"checkbox\" name=\"acceptance-710\" value=\"1\" aria-invalid=\"false\" \/><span class=\"wpcf7-list-item-label\">Accepto rebre informaci\u00f3 promocional i novetats de docenciamagica.com<\/span><\/label><\/span><\/span><\/span><\/label>\n<\/p>\n\n<p>INFORMACI\u00d3 B\u00c0SICA DE PROTECCI\u00d3 DE DADES:<br \/>\nResponsable del tractament: DE LA TORRE CAVALLER, OSCAR<br \/>\nFinalitat del tractament: Gestionar les consultes plantejades i l\u2019enviament de newsletters, comunicacions comercials i promocions.<br \/>\nLegitimaci\u00f3 del tractament: Inter\u00e8s leg\u00edtim i consentiment de linteressat\/da.<br \/>\nConservaci\u00f3 de les dades: Es conservaran mentre hi hagi un inter\u00e8s mutu o durant el temps necessari per al compliment de les obligacions legals.<br \/>\nDestinataris: Prestadors de servei o col\u00b7laboradors.<br \/>\nDrets: Dret a retirar el consentiment en qualsevol moment. Dret d\u2019acc\u00e9s, rectificaci\u00f3, portabilitat i supressi\u00f3 de les dades i la limitaci\u00f3 o oposici\u00f3 al tractament. Dades de contacte per exercir els vostres drets: info@magiaoscardelatorre.com<br \/>\nInformaci\u00f3 addicional: Podeu consultar la informaci\u00f3 addicional a la nostra Pol\u00edtica de Privadesa.\n<\/p>\n<p><input class=\"wpcf7-form-control wpcf7-submit has-spinner\" type=\"submit\" value=\"Enviar\" \/>\n<\/p><p style=\"display: none !important;\" class=\"akismet-fields-container\" data-prefix=\"_wpcf7_ak_\"><label>&#916;<textarea name=\"_wpcf7_ak_hp_textarea\" cols=\"45\" rows=\"8\" maxlength=\"100\"><\/textarea><\/label><input type=\"hidden\" id=\"ak_js_1\" name=\"_wpcf7_ak_js\" value=\"19\"\/><script type=\"text\/javascript\">\n\/* <![CDATA[ *\/\ndocument.getElementById( \"ak_js_1\" ).setAttribute( \"value\", ( new Date() ).getTime() );\n\/* ]]> *\/\n<\/script>\n<\/p><div class=\"wpcf7-response-output\" aria-hidden=\"true\"><\/div>\n<\/form>\n<\/div>\n[vc_separator type=&#8221;transparent&#8221;]<div class=\"qode-accordion-holder clearfix qode-toggle qode-initial \">\n\t<h5 class=\"clearfix qode-title-holder\">\n<span class=\"qode-tab-title\">\n\t\t\t<span class=\"qode-tab-title-icon\">\n\t\t\t<i class=\"qode_icon_font_awesome fa fa-angle-double-down \" ><\/i>\t\t<\/span>\n\t    <span class=\"qode-tab-title-inner\">\n        Abans d&#039;enviar la vostra consulta, doneu-li un cop d&#039;ull a la informaci\u00f3 b\u00e0sica sobre protecci\u00f3 de dades.    <\/span>\n<\/span>\n<span class=\"qode-accordion-mark\">\n    <span class=\"qode-accordion-mark-icon\">\n        <span class=\"icon_plus\"><\/span>\n        <span class=\"icon_minus-06\"><\/span>\n    <\/span>\n<\/span>\n<\/h5>\n<div  class=\"qode-accordion-content qode-acc-title-with-icon\" >\n    <div class=\"qode-accordion-content-inner\">\n        [vc_column_text]<\/p>\n<h5><span class=\"VIiyi\" lang=\"ca\"><span class=\"JLqJ4b ChMk0b\" data-language-for-alternatives=\"ca\" data-language-to-translate-into=\"es\" data-phrase-index=\"0\" data-number-of-phrases=\"17\">INFORMACI\u00d3 B\u00c0SICA DE PROTECCI\u00d3 DE DADES:<\/span> <\/span><\/h5>\n<h5><span class=\"VIiyi\" lang=\"ca\"><span class=\"JLqJ4b ChMk0b\" data-language-for-alternatives=\"ca\" data-language-to-translate-into=\"es\" data-phrase-index=\"2\" data-number-of-phrases=\"17\"><strong>Responsable del tractament:<\/strong> DE LA TORRE CAVALLER, OSCAR<\/span> <\/span><\/h5>\n<h5><span class=\"VIiyi\" lang=\"ca\"><span class=\"JLqJ4b ChMk0b\" data-language-for-alternatives=\"ca\" data-language-to-translate-into=\"es\" data-phrase-index=\"4\" data-number-of-phrases=\"17\"><strong>Finalitat del tractament:<\/strong> Gestionar les consultes plantejades i l&#8217;enviament de newsletters, comunicacions comercials i promocions.<\/span> <\/span><\/h5>\n<h5><span class=\"VIiyi\" lang=\"ca\"><span class=\"JLqJ4b ChMk0b\" data-language-for-alternatives=\"ca\" data-language-to-translate-into=\"es\" data-phrase-index=\"6\" data-number-of-phrases=\"17\"><strong>Legitimaci\u00f3 del tractament:<\/strong> Inter\u00e8s leg\u00edtim i consentiment de linteressat\/da.<\/span> <\/span><\/h5>\n<h5><span class=\"VIiyi\" lang=\"ca\"><span class=\"JLqJ4b ChMk0b\" data-language-for-alternatives=\"ca\" data-language-to-translate-into=\"es\" data-phrase-index=\"8\" data-number-of-phrases=\"17\"><strong>Conservaci\u00f3 de les dades:<\/strong> Es conservaran mentre hi hagi un inter\u00e8s mutu o durant el temps necessari per al compliment de les obligacions legals.<\/span> <\/span><\/h5>\n<h5><span class=\"VIiyi\" lang=\"ca\"><span class=\"JLqJ4b ChMk0b\" data-language-for-alternatives=\"ca\" data-language-to-translate-into=\"es\" data-phrase-index=\"10\" data-number-of-phrases=\"17\"><strong>Destinataris:<\/strong> Prestadors de servei o col\u00b7laboradors.<\/span> <\/span><\/h5>\n<h5><span class=\"VIiyi\" lang=\"ca\"><span class=\"JLqJ4b ChMk0b\" data-language-for-alternatives=\"ca\" data-language-to-translate-into=\"es\" data-phrase-index=\"12\" data-number-of-phrases=\"17\"><strong>Drets:<\/strong> Dret a retirar el consentiment en qualsevol moment.<\/span> <span class=\"JLqJ4b ChMk0b\" data-language-for-alternatives=\"ca\" data-language-to-translate-into=\"es\" data-phrase-index=\"13\" data-number-of-phrases=\"17\">Dret d&#8217;acc\u00e9s, rectificaci\u00f3, portabilitat i supressi\u00f3 de les dades i la limitaci\u00f3 o oposici\u00f3 al tractament.<\/span> <span class=\"JLqJ4b ChMk0b\" data-language-for-alternatives=\"ca\" data-language-to-translate-into=\"es\" data-phrase-index=\"14\" data-number-of-phrases=\"17\">Dades de contacte per exercir els vostres drets: info@magiaoscardelatorre.com<\/span> <\/span><\/h5>\n<h5><span class=\"VIiyi\" lang=\"ca\"><span class=\"JLqJ4b ChMk0b\" data-language-for-alternatives=\"ca\" data-language-to-translate-into=\"es\" data-phrase-index=\"16\" data-number-of-phrases=\"17\"><strong>Informaci\u00f3 addicional:<\/strong> Podeu consultar la informaci\u00f3 addicional a la nostra <a href=\"https:\/\/docenciamagica.com\/ca\/politica-privacidad\/\" target=\"_blank\" rel=\"noopener noreferrer\">Pol\u00edtica de Privadesa<\/a>.<\/span><\/span><\/h5>\n<p>[\/vc_column_text]    <\/div>\n<\/div><\/div>[\/vc_column][vc_column width=&#8221;1\/6&#8243;][\/vc_column][\/vc_row]<\/p>\n<\/div>","protected":false},"excerpt":{"rendered":"<p>[vc_row css_animation=&#8221;&#8221; row_type=&#8221;row&#8221; use_row_as_full_screen_section=&#8221;no&#8221; type=&#8221;full_width&#8221; angled_section=&#8221;no&#8221; text_align=&#8221;left&#8221; background_image_as_pattern=&#8221;without_pattern&#8221;][vc_column width=&#8221;1\/6&#8243;][\/vc_column][vc_column width=&#8221;2\/3&#8243;][vc_separator type=&#8221;transparent&#8221;][vc_column_text] En primer lloc, gr\u00e0cies pel seu inter\u00e8s amb el &#8220;Llibre Solidari&#8221; [\/vc_column_text][vc_separator type=&#8221;transparent&#8221;][vc_column_text] Descarrega el llibre en format PDF de forma gratu\u00efta [\/vc_column_text][vc_separator type=&#8221;transparent&#8221;][vc_row_inner row_type=&#8221;row&#8221; type=&#8221;full_width&#8221; text_align=&#8221;center&#8221; css_animation=&#8221;&#8221;][vc_column_inner][\/vc_column_inner][\/vc_row_inner][vc_separator type=&#8221;transparent&#8221; up=&#8221;45&#8243;][vc_column_text] Li deixem un formulari&#8230;<\/p>\n","protected":false},"author":1,"featured_media":0,"parent":0,"menu_order":0,"comment_status":"closed","ping_status":"closed","template":"full_width.php","meta":{"_exactmetrics_skip_tracking":false,"_exactmetrics_sitenote_active":false,"_exactmetrics_sitenote_note":"","_exactmetrics_sitenote_category":0,"footnotes":""},"translation":{"provider":"WPGlobus","version":"3.0.2","language":"ca","enabled_languages":["es","ca"],"languages":{"es":{"title":true,"content":true,"excerpt":false},"ca":{"title":true,"content":true,"excerpt":false}}},"yoast_head":"<!-- This site is optimized with the Yoast SEO plugin v23.5 - https:\/\/yoast.com\/wordpress\/plugins\/seo\/ -->\n<title>llibre solidari - Docenciamagica<\/title>\n<meta name=\"description\" content=\"Aqu\u00ed trobar\u00e0s el nostre conte solidari, un obra que explica la hist\u00f2ria de com amb alegria les malalties s\u00f3n molt m\u00e9s suportables\" \/>\n<meta name=\"robots\" content=\"index, follow, max-snippet:-1, max-image-preview:large, max-video-preview:-1\" \/>\n<link rel=\"canonical\" href=\"https:\/\/docenciamagica.com\/libro-solidario\/\" \/>\n<meta property=\"og:locale\" content=\"ca_ES\" \/>\n<meta property=\"og:type\" content=\"article\" \/>\n<meta property=\"og:title\" content=\"llibre solidari - Docenciamagica\" \/>\n<meta property=\"og:description\" content=\"Aqu\u00ed trobar\u00e0s el nostre conte solidari, un obra que explica la hist\u00f2ria de com amb alegria les malalties s\u00f3n molt m\u00e9s suportables\" \/>\n<meta property=\"og:url\" content=\"https:\/\/docenciamagica.com\/libro-solidario\/\" \/>\n<meta property=\"og:site_name\" content=\"Docenciamagica\" \/>\n<meta property=\"article:publisher\" content=\"https:\/\/www.facebook.com\/docenciamagica\" \/>\n<meta property=\"article:modified_time\" content=\"2021-12-03T14:54:01+00:00\" \/>\n<meta name=\"twitter:card\" content=\"summary_large_image\" \/>\n<meta name=\"twitter:site\" content=\"@educamagia1\" \/>\n<meta name=\"twitter:label1\" content=\"Est. reading time\" \/>\n\t<meta name=\"twitter:data1\" content=\"4 minutes\" \/>\n<script type=\"application\/ld+json\" class=\"yoast-schema-graph\">{\"@context\":\"https:\/\/schema.org\",\"@graph\":[{\"@type\":\"WebPage\",\"@id\":\"https:\/\/docenciamagica.com\/libro-solidario\/\",\"url\":\"https:\/\/docenciamagica.com\/libro-solidario\/\",\"name\":\"llibre solidari - Docenciamagica\",\"isPartOf\":{\"@id\":\"https:\/\/docenciamagica.com\/#website\"},\"datePublished\":\"2018-09-28T07:18:15+00:00\",\"dateModified\":\"2021-12-03T14:54:01+00:00\",\"description\":\"Aqu\u00ed trobar\u00e0s el nostre conte solidari, un obra que explica la hist\u00f2ria de com amb alegria les malalties s\u00f3n molt m\u00e9s suportables\",\"breadcrumb\":{\"@id\":\"https:\/\/docenciamagica.com\/libro-solidario\/#breadcrumb\"},\"inLanguage\":\"ca-ES\",\"potentialAction\":[{\"@type\":\"ReadAction\",\"target\":[\"https:\/\/docenciamagica.com\/libro-solidario\/\"]}]},{\"@type\":\"BreadcrumbList\",\"@id\":\"https:\/\/docenciamagica.com\/libro-solidario\/#breadcrumb\",\"itemListElement\":[{\"@type\":\"ListItem\",\"position\":1,\"name\":\"Portada\",\"item\":\"https:\/\/docenciamagica.com\/\"},{\"@type\":\"ListItem\",\"position\":2,\"name\":\"libro solidario\"}]},{\"@type\":\"WebSite\",\"@id\":\"https:\/\/docenciamagica.com\/#website\",\"url\":\"https:\/\/docenciamagica.com\/\",\"name\":\"Docencia M\u00e1gica\",\"description\":\"La m&agrave;gia com a recurs educatiu\",\"publisher\":{\"@id\":\"https:\/\/docenciamagica.com\/#organization\"},\"potentialAction\":[{\"@type\":\"SearchAction\",\"target\":{\"@type\":\"EntryPoint\",\"urlTemplate\":\"https:\/\/docenciamagica.com\/?s={search_term_string}\"},\"query-input\":{\"@type\":\"PropertyValueSpecification\",\"valueRequired\":true,\"valueName\":\"search_term_string\"}}],\"inLanguage\":\"ca-ES\"},{\"@type\":\"Organization\",\"@id\":\"https:\/\/docenciamagica.com\/#organization\",\"name\":\"Docencia M\u00e1gica\",\"url\":\"https:\/\/docenciamagica.com\/\",\"logo\":{\"@type\":\"ImageObject\",\"inLanguage\":\"ca-ES\",\"@id\":\"https:\/\/docenciamagica.com\/#\/schema\/logo\/image\/\",\"url\":\"https:\/\/docenciamagica.com\/wp-content\/uploads\/2019\/09\/LOGO-web-COLOR-copia.png\",\"contentUrl\":\"https:\/\/docenciamagica.com\/wp-content\/uploads\/2019\/09\/LOGO-web-COLOR-copia.png\",\"width\":400,\"height\":400,\"caption\":\"Docencia M\u00e1gica\"},\"image\":{\"@id\":\"https:\/\/docenciamagica.com\/#\/schema\/logo\/image\/\"},\"sameAs\":[\"https:\/\/www.facebook.com\/docenciamagica\",\"https:\/\/x.com\/educamagia1\",\"https:\/\/www.instagram.com\/docenciamagica1\/\"]}]}<\/script>\n<!-- \/ Yoast SEO plugin. -->","yoast_head_json":{"title":"llibre solidari - Docenciamagica","description":"Aqu\u00ed trobar\u00e0s el nostre conte solidari, un obra que explica la hist\u00f2ria de com amb alegria les malalties s\u00f3n molt m\u00e9s suportables","robots":{"index":"index","follow":"follow","max-snippet":"max-snippet:-1","max-image-preview":"max-image-preview:large","max-video-preview":"max-video-preview:-1"},"canonical":"https:\/\/docenciamagica.com\/libro-solidario\/","og_locale":"ca_ES","og_type":"article","og_title":"llibre solidari - Docenciamagica","og_description":"Aqu\u00ed trobar\u00e0s el nostre conte solidari, un obra que explica la hist\u00f2ria de com amb alegria les malalties s\u00f3n molt m\u00e9s suportables","og_url":"https:\/\/docenciamagica.com\/libro-solidario\/","og_site_name":"Docenciamagica","article_publisher":"https:\/\/www.facebook.com\/docenciamagica","article_modified_time":"2021-12-03T14:54:01+00:00","twitter_card":"summary_large_image","twitter_site":"@educamagia1","twitter_misc":{"Est. reading time":"4 minutes"},"schema":{"@context":"https:\/\/schema.org","@graph":[{"@type":"WebPage","@id":"https:\/\/docenciamagica.com\/libro-solidario\/","url":"https:\/\/docenciamagica.com\/libro-solidario\/","name":"llibre solidari - Docenciamagica","isPartOf":{"@id":"https:\/\/docenciamagica.com\/#website"},"datePublished":"2018-09-28T07:18:15+00:00","dateModified":"2021-12-03T14:54:01+00:00","description":"Aqu\u00ed trobar\u00e0s el nostre conte solidari, un obra que explica la hist\u00f2ria de com amb alegria les malalties s\u00f3n molt m\u00e9s suportables","breadcrumb":{"@id":"https:\/\/docenciamagica.com\/libro-solidario\/#breadcrumb"},"inLanguage":"ca-ES","potentialAction":[{"@type":"ReadAction","target":["https:\/\/docenciamagica.com\/libro-solidario\/"]}]},{"@type":"BreadcrumbList","@id":"https:\/\/docenciamagica.com\/libro-solidario\/#breadcrumb","itemListElement":[{"@type":"ListItem","position":1,"name":"Portada","item":"https:\/\/docenciamagica.com\/"},{"@type":"ListItem","position":2,"name":"libro solidario"}]},{"@type":"WebSite","@id":"https:\/\/docenciamagica.com\/#website","url":"https:\/\/docenciamagica.com\/","name":"Docencia M\u00e1gica","description":"La m&agrave;gia com a recurs educatiu","publisher":{"@id":"https:\/\/docenciamagica.com\/#organization"},"potentialAction":[{"@type":"SearchAction","target":{"@type":"EntryPoint","urlTemplate":"https:\/\/docenciamagica.com\/?s={search_term_string}"},"query-input":{"@type":"PropertyValueSpecification","valueRequired":true,"valueName":"search_term_string"}}],"inLanguage":"ca-ES"},{"@type":"Organization","@id":"https:\/\/docenciamagica.com\/#organization","name":"Docencia M\u00e1gica","url":"https:\/\/docenciamagica.com\/","logo":{"@type":"ImageObject","inLanguage":"ca-ES","@id":"https:\/\/docenciamagica.com\/#\/schema\/logo\/image\/","url":"https:\/\/docenciamagica.com\/wp-content\/uploads\/2019\/09\/LOGO-web-COLOR-copia.png","contentUrl":"https:\/\/docenciamagica.com\/wp-content\/uploads\/2019\/09\/LOGO-web-COLOR-copia.png","width":400,"height":400,"caption":"Docencia M\u00e1gica"},"image":{"@id":"https:\/\/docenciamagica.com\/#\/schema\/logo\/image\/"},"sameAs":["https:\/\/www.facebook.com\/docenciamagica","https:\/\/x.com\/educamagia1","https:\/\/www.instagram.com\/docenciamagica1\/"]}]}},"_links":{"self":[{"href":"https:\/\/docenciamagica.com\/ca\/wp-json\/wp\/v2\/pages\/1141"}],"collection":[{"href":"https:\/\/docenciamagica.com\/ca\/wp-json\/wp\/v2\/pages"}],"about":[{"href":"https:\/\/docenciamagica.com\/ca\/wp-json\/wp\/v2\/types\/page"}],"author":[{"embeddable":true,"href":"https:\/\/docenciamagica.com\/ca\/wp-json\/wp\/v2\/users\/1"}],"replies":[{"embeddable":true,"href":"https:\/\/docenciamagica.com\/ca\/wp-json\/wp\/v2\/comments?post=1141"}],"version-history":[{"count":37,"href":"https:\/\/docenciamagica.com\/ca\/wp-json\/wp\/v2\/pages\/1141\/revisions"}],"predecessor-version":[{"id":1730,"href":"https:\/\/docenciamagica.com\/ca\/wp-json\/wp\/v2\/pages\/1141\/revisions\/1730"}],"wp:attachment":[{"href":"https:\/\/docenciamagica.com\/ca\/wp-json\/wp\/v2\/media?parent=1141"}],"curies":[{"name":"wp","href":"https:\/\/api.w.org\/{rel}","templated":true}]}}